{"id":18521,"date":"2026-03-29T15:24:35","date_gmt":"2026-03-29T14:24:35","guid":{"rendered":"https:\/\/bigbuy.tupique.com\/produto\/mens-watch-jaguar-j892-1-silver-o-34-mm\/"},"modified":"2026-04-15T01:23:52","modified_gmt":"2026-04-15T00:23:52","slug":"mens-watch-jaguar-j892-1-silver-o-34-mm","status":"publish","type":"product","link":"https:\/\/bigbuy.tupique.com\/en\/produto\/mens-watch-jaguar-j892-1-silver-o-34-mm\/","title":{"rendered":"Montre Homme Jaguar J892\/1 Argent\u00e9 (\u00d8 34 mm)"},"content":{"rendered":"<p>Si vous aimez suivre les derni\u00e8res tendances en mati\u00e8re de mode et accessoires, achetez <b>Montre Homme Jaguar J892\/1 Argent\u00e9 (\u00d8 34 mm)<\/b> au meilleur prix.<\/p>\n<ul>\n<li>Genre: Homme<\/li>\n<li>Liens suppl\u00e9mentaires: Non<\/li>\n<li>Type de montre: Montre-bracelet<\/li>\n<li>Mat\u00e9riau du bracelet: Acier inoxydable<\/li>\n<li>Couleur: Argent\u00e9<\/li>\n<li>Type de mouvement: Quartz<\/li>\n<li>Diam\u00e8tre du bo\u00eetier de la montre: \u00d8 34 mm<\/li>\n<\/ul>","protected":false},"excerpt":{"rendered":"<p>Si vous aimez suivre les derni\u00e8res tendances en mati\u00e8re de mode et accessoires, achetez Montre Homme Jaguar J892\/1 Argent\u00e9 (\u00d8 34 mm) au meilleur prix. Genre: Homme Liens suppl\u00e9mentaires: Non Type de montre: Montre-bracelet Mat\u00e9riau du bracelet: Acier inoxydable Couleur: Argent\u00e9 Type de mouvement: Quartz Diam\u00e8tre du bo\u00eetier de la montre: \u00d8 34 mm<\/p>","protected":false},"featured_media":18519,"comment_status":"open","ping_status":"closed","template":"","meta":[],"product_brand":[821],"product_cat":[544,574,545],"product_tag":[103,543],"class_list":{"0":"post-18521","1":"product","2":"type-product","3":"status-publish","4":"has-post-thumbnail","6":"product_brand-brandp_734","7":"product_cat-mode-accessoires","8":"product_cat-montres-homme","9":"product_cat-montres-bracelets","10":"product_tag-tag_1261","11":"product_tag-tag_61","13":"first","14":"instock","15":"taxable","16":"shipping-taxable","17":"purchasable","18":"product-type-simple"},"_links":{"self":[{"href":"https:\/\/bigbuy.tupique.com\/en\/wp-json\/wp\/v2\/product\/18521","targetHints":{"allow":["GET"]}}],"collection":[{"href":"https:\/\/bigbuy.tupique.com\/en\/wp-json\/wp\/v2\/product"}],"about":[{"href":"https:\/\/bigbuy.tupique.com\/en\/wp-json\/wp\/v2\/types\/product"}],"replies":[{"embeddable":true,"href":"https:\/\/bigbuy.tupique.com\/en\/wp-json\/wp\/v2\/comments?post=18521"}],"wp:featuredmedia":[{"embeddable":true,"href":"https:\/\/bigbuy.tupique.com\/en\/wp-json\/wp\/v2\/media\/18519"}],"wp:attachment":[{"href":"https:\/\/bigbuy.tupique.com\/en\/wp-json\/wp\/v2\/media?parent=18521"}],"wp:term":[{"taxonomy":"product_brand","embeddable":true,"href":"https:\/\/bigbuy.tupique.com\/en\/wp-json\/wp\/v2\/product_brand?post=18521"},{"taxonomy":"product_cat","embeddable":true,"href":"https:\/\/bigbuy.tupique.com\/en\/wp-json\/wp\/v2\/product_cat?post=18521"},{"taxonomy":"product_tag","embeddable":true,"href":"https:\/\/bigbuy.tupique.com\/en\/wp-json\/wp\/v2\/product_tag?post=18521"}],"curies":[{"name":"wp","href":"https:\/\/api.w.org\/{rel}","templated":true}]}}