{"id":185203,"date":"2026-04-14T22:57:16","date_gmt":"2026-04-14T21:57:16","guid":{"rendered":"https:\/\/bigbuy.tupique.com\/produto\/hard-drive-synology-sat5221-960g-960-gb-ssd-2\/"},"modified":"2026-04-15T12:15:20","modified_gmt":"2026-04-15T11:15:20","slug":"hard-drive-synology-sat5221-960g-960-gb-ssd-2","status":"publish","type":"product","link":"https:\/\/bigbuy.tupique.com\/en\/produto\/hard-drive-synology-sat5221-960g-960-gb-ssd-2\/","title":{"rendered":"Disque dur Synology SAT5221-960G 960 GB SSD"},"content":{"rendered":"<p>Si vous \u00eates passionn\u00e9 d&#8217;<b>informatique et d&#8217;\u00e9lectronique<\/b>, si vous \u00eates \u00e0 la pointe de la technologie et qu&#8217;aucun d\u00e9tail ne vous \u00e9chappe, achetez <b>Disque dur Synology SAT5221-960G 960 GB SSD<\/b> au meilleur prix.<\/p>\n<p>Le <b>Disque Dur SSD Synology SAT5221-960G<\/b> est un composant de stockage interne con\u00e7u sp\u00e9cifiquement pour offrir des performances fiables et efficaces dans des environnements NAS et des applications n\u00e9cessitant une haute vitesse de transfert. Ce disque solide dispose d\u2019une <b>capacit\u00e9 de 960 Go<\/b>, offrant un espace suffisant pour stocker rapidement et en toute s\u00e9curit\u00e9 donn\u00e9es, sauvegardes et fichiers volumineux. Son interface est <b>SATA III<\/b>, avec un d\u00e9bit allant jusqu\u2019\u00e0 <b>6 Gbit\/s<\/b>, garantissant une connexion stable adapt\u00e9e aux op\u00e9rations continues et exigeantes, tout en pr\u00e9servant l\u2019int\u00e9grit\u00e9 des donn\u00e9es dans les syst\u00e8mes de stockage en r\u00e9seau. De plus, son format <b>2,5 pouces<\/b> facilite son int\u00e9gration dans des serveurs et dispositifs NAS compacts, optimisant l\u2019espace sans compromettre capacit\u00e9 ni vitesse. En tant que SSD, il se distingue par sa robustesse face aux chocs et vibrations, sa faible consommation d\u2019\u00e9nergie et sa moindre production de chaleur compar\u00e9 aux disques durs traditionnels. Cela en fait une option adapt\u00e9e tant aux utilisateurs g\u00e9rant un stockage en r\u00e9seau qu\u2019aux professionnels n\u00e9cessitant un support rapide et durable. Le mod\u00e8le SAT5221-960G illustre l\u2019engagement de Synology \u00e0 fournir une technologie fiable, combinant <b>stockage solide<\/b>, connectivit\u00e9 SATA avanc\u00e9e et format compact, visant \u00e0 am\u00e9liorer performances et long\u00e9vit\u00e9 du syst\u00e8me. Globalement, c\u2019est une solution robuste et efficace pour ceux qui recherchent un disque SSD avec une capacit\u00e9 g\u00e9n\u00e9reuse et une vitesse conforme aux exigences actuelles du stockage num\u00e9rique.<\/p>\n<ul>\n<li>Type: SSD<\/li>\n<li>Taille: 2,5&#8243;<\/li>\n<li>Connexions: SATA<\/li>\n<li>vitesse: 6 Gbit\/s<\/li>\n<li>Disque dur: 960 GB SSD<\/li>\n<li>Utilisation recommand\u00e9e: NAS<\/li>\n<\/ul>","protected":false},"excerpt":{"rendered":"<p>Si vous \u00eates passionn\u00e9 d&#8217;informatique et d&#8217;\u00e9lectronique, si vous \u00eates \u00e0 la pointe de la technologie et qu&#8217;aucun d\u00e9tail ne vous \u00e9chappe, achetez Disque dur Synology SAT5221-960G 960 GB SSD au meilleur prix. Le Disque Dur SSD Synology SAT5221-960G est un composant de stockage interne con\u00e7u sp\u00e9cifiquement pour offrir des performances fiables et efficaces dans [&hellip;]<\/p>\n","protected":false},"featured_media":185202,"comment_status":"open","ping_status":"closed","template":"","meta":[],"product_brand":[990],"product_cat":[588,65,584],"product_tag":[106],"class_list":{"0":"post-185203","1":"product","2":"type-product","3":"status-publish","4":"has-post-thumbnail","6":"product_brand-brandp_653","7":"product_cat-disques-durs","8":"product_cat-informatique-electronique","9":"product_cat-informatique-reseaux-et-composants","10":"product_tag-tag_1295","12":"first","13":"instock","14":"taxable","15":"shipping-taxable","16":"purchasable","17":"product-type-simple"},"_links":{"self":[{"href":"https:\/\/bigbuy.tupique.com\/en\/wp-json\/wp\/v2\/product\/185203","targetHints":{"allow":["GET"]}}],"collection":[{"href":"https:\/\/bigbuy.tupique.com\/en\/wp-json\/wp\/v2\/product"}],"about":[{"href":"https:\/\/bigbuy.tupique.com\/en\/wp-json\/wp\/v2\/types\/product"}],"replies":[{"embeddable":true,"href":"https:\/\/bigbuy.tupique.com\/en\/wp-json\/wp\/v2\/comments?post=185203"}],"wp:featuredmedia":[{"embeddable":true,"href":"https:\/\/bigbuy.tupique.com\/en\/wp-json\/wp\/v2\/media\/185202"}],"wp:attachment":[{"href":"https:\/\/bigbuy.tupique.com\/en\/wp-json\/wp\/v2\/media?parent=185203"}],"wp:term":[{"taxonomy":"product_brand","embeddable":true,"href":"https:\/\/bigbuy.tupique.com\/en\/wp-json\/wp\/v2\/product_brand?post=185203"},{"taxonomy":"product_cat","embeddable":true,"href":"https:\/\/bigbuy.tupique.com\/en\/wp-json\/wp\/v2\/product_cat?post=185203"},{"taxonomy":"product_tag","embeddable":true,"href":"https:\/\/bigbuy.tupique.com\/en\/wp-json\/wp\/v2\/product_tag?post=185203"}],"curies":[{"name":"wp","href":"https:\/\/api.w.org\/{rel}","templated":true}]}}