{"id":184325,"date":"2026-04-14T18:53:59","date_gmt":"2026-04-14T17:53:59","guid":{"rendered":"https:\/\/bigbuy.tupique.com\/produto\/power-supply-axis-axis-t8120\/"},"modified":"2026-04-15T05:10:15","modified_gmt":"2026-04-15T04:10:15","slug":"power-supply-axis-axis-t8120","status":"publish","type":"product","link":"https:\/\/bigbuy.tupique.com\/en\/produto\/power-supply-axis-axis-t8120\/","title":{"rendered":"Bloc d\u2019Alimentation Axis AXIS T8120"},"content":{"rendered":"<p>Si vous \u00eates passionn\u00e9 d&#8217;<b>informatique et d&#8217;\u00e9lectronique<\/b>, si vous \u00eates \u00e0 la pointe de la technologie et qu&#8217;aucun d\u00e9tail ne vous \u00e9chappe, achetez <b>Bloc d\u2019Alimentation Axis AXIS T8120<\/b> au meilleur prix.<\/p>\n<p>Le <b>AXIS T8120<\/b> d\u2019Axis est une <b>alimentation \u00e9lectrique<\/b> sp\u00e9cialis\u00e9e qui offre une solution efficace et pratique pour alimenter des dispositifs r\u00e9seau via la technologie PoE (Power over Ethernet). Cet injecteur PoE compact et flexible fournit une puissance maximale de <b>15,4 W<\/b>, respectant strictement la norme <b>IEEE 802.3af<\/b>, garantissant une compatibilit\u00e9 totale avec une large gamme de produits r\u00e9seau compatibles PoE, facilitant leur int\u00e9gration sans modifier l\u2019infrastructure existante, comme les commutateurs Ethernet ou le c\u00e2blage. Le AXIS T8120 dispose de <b>connecteurs RJ45 doubles<\/b> permettant la transmission simultan\u00e9e des donn\u00e9es et de l\u2019alimentation \u00e9lectrique via des ports Ethernet LAN avec des vitesses de transfert de <b>10, 100 et 1000 Mbit\/s<\/b>, prenant en charge Ethernet rapide et Gigabit Ethernet, assurant une performance stable sur les r\u00e9seaux \u00e0 haute vitesse. Son design accepte une large plage de tensions d\u2019entr\u00e9e entre <b>100 et 240 V<\/b>, avec une fr\u00e9quence de <b>47 \u00e0 63 Hz<\/b> et un courant de <b>0,5 A<\/b>, lui permettant de fonctionner dans divers environnements \u00e9lectriques sans probl\u00e8me. De plus, le produit est conforme \u00e0 des certifications internationales rigoureuses telles que <b>FCC, EN55022 (CISPR 22), cUL\/UL, TUV et CE<\/b>, garantissant s\u00e9curit\u00e9, qualit\u00e9 et conformit\u00e9 aux normes du secteur. Avec des dimensions compactes de <b>33 x 140 x 53 mm<\/b> et un poids de seulement <b>450 g<\/b>, le AXIS T8120 est une option polyvalente et discr\u00e8te pour alimenter des dispositifs r\u00e9seau critiques sans augmenter l\u2019espace n\u00e9cessaire dans vos installations. Cette alimentation PoE constitue une solution efficace et s\u00fbre pour les professionnels recherchant une alimentation fiable pour la transmission d\u2019\u00e9nergie et de donn\u00e9es dans les syst\u00e8mes de vid\u00e9osurveillance, la t\u00e9l\u00e9phonie IP ou tout autre appareil compatible PoE int\u00e9gr\u00e9.<\/p>\n<ul>\n<li>Produit \u00e0 brancher: Oui<\/li>\n<li>Type de prise: Prise EU<\/li>\n<li>Connexions:\n<ul>\n<li>Ethernet LAN<\/li>\n<li>RJ45 x 2<\/li>\n<li>RJ45<\/li>\n<\/ul>\n<\/li>\n<li>Type:\n<ul>\n<li>Bloc d\u2019Alimentation<\/li>\n<li>Injecteur PoE<\/li>\n<\/ul>\n<\/li>\n<li>Bloc d\u2019Alimentation: r\u00e9seau \u00e9lectrique<\/li>\n<li>vitesse:\n<ul>\n<li>1000 Mbit\/s<\/li>\n<li>10 Gbit\/s<\/li>\n<li>10\/100\/1000 Mbps<\/li>\n<\/ul>\n<\/li>\n<li>Amp\u00e9rage: 0,5 A<\/li>\n<li>Tension d&#8217;entr\u00e9e AC: 100 &#8211; 240 V<\/li>\n<li>Entr\u00e9e AC: 100-240 V<\/li>\n<li>Plage d&#8217;humidit\u00e9 de travail: 10 % &#8211; 90 %<\/li>\n<\/ul>","protected":false},"excerpt":{"rendered":"<p>Si vous \u00eates passionn\u00e9 d&#8217;informatique et d&#8217;\u00e9lectronique, si vous \u00eates \u00e0 la pointe de la technologie et qu&#8217;aucun d\u00e9tail ne vous \u00e9chappe, achetez Bloc d\u2019Alimentation Axis AXIS T8120 au meilleur prix. Le AXIS T8120 d\u2019Axis est une alimentation \u00e9lectrique sp\u00e9cialis\u00e9e qui offre une solution efficace et pratique pour alimenter des dispositifs r\u00e9seau via la technologie [&hellip;]<\/p>\n","protected":false},"featured_media":184324,"comment_status":"open","ping_status":"closed","template":"","meta":[],"product_brand":[645],"product_cat":[65,584,618],"product_tag":[210,106],"class_list":{"0":"post-184325","1":"product","2":"type-product","3":"status-publish","4":"has-post-thumbnail","6":"product_brand-brandp_4776","7":"product_cat-informatique-electronique","8":"product_cat-informatique-reseaux-et-composants","9":"product_cat-sources-d-alimentation","10":"product_tag-tag_25","11":"product_tag-tag_1295","13":"first","14":"instock","15":"taxable","16":"shipping-taxable","17":"purchasable","18":"product-type-simple"},"_links":{"self":[{"href":"https:\/\/bigbuy.tupique.com\/en\/wp-json\/wp\/v2\/product\/184325","targetHints":{"allow":["GET"]}}],"collection":[{"href":"https:\/\/bigbuy.tupique.com\/en\/wp-json\/wp\/v2\/product"}],"about":[{"href":"https:\/\/bigbuy.tupique.com\/en\/wp-json\/wp\/v2\/types\/product"}],"replies":[{"embeddable":true,"href":"https:\/\/bigbuy.tupique.com\/en\/wp-json\/wp\/v2\/comments?post=184325"}],"wp:featuredmedia":[{"embeddable":true,"href":"https:\/\/bigbuy.tupique.com\/en\/wp-json\/wp\/v2\/media\/184324"}],"wp:attachment":[{"href":"https:\/\/bigbuy.tupique.com\/en\/wp-json\/wp\/v2\/media?parent=184325"}],"wp:term":[{"taxonomy":"product_brand","embeddable":true,"href":"https:\/\/bigbuy.tupique.com\/en\/wp-json\/wp\/v2\/product_brand?post=184325"},{"taxonomy":"product_cat","embeddable":true,"href":"https:\/\/bigbuy.tupique.com\/en\/wp-json\/wp\/v2\/product_cat?post=184325"},{"taxonomy":"product_tag","embeddable":true,"href":"https:\/\/bigbuy.tupique.com\/en\/wp-json\/wp\/v2\/product_tag?post=184325"}],"curies":[{"name":"wp","href":"https:\/\/api.w.org\/{rel}","templated":true}]}}