{"id":18395,"date":"2026-03-29T15:21:41","date_gmt":"2026-03-29T14:21:41","guid":{"rendered":"https:\/\/bigbuy.tupique.com\/produto\/accessory-zebra-p1037974-010-black\/"},"modified":"2026-04-15T01:23:43","modified_gmt":"2026-04-15T00:23:43","slug":"accessory-zebra-p1037974-010-black","status":"publish","type":"product","link":"https:\/\/bigbuy.tupique.com\/en\/produto\/accessory-zebra-p1037974-010-black\/","title":{"rendered":"Accessoire Zebra P1037974-010 Noir"},"content":{"rendered":"<p>Si vous \u00eates passionn\u00e9 d&#8217;<b>informatique et d&#8217;\u00e9lectronique<\/b>, si vous \u00eates \u00e0 la pointe de la technologie et qu&#8217;aucun d\u00e9tail ne vous \u00e9chappe, achetez <b>Accessoire Zebra P1037974-010 Noir<\/b> au meilleur prix.<\/p>\n<p>L\u2019<b>accessoire<\/b> <b>Zebra mod\u00e8le P1037974-010<\/b> est sp\u00e9cialement con\u00e7u pour optimiser le fonctionnement des imprimantes Zebra ZT200, incluant les mod\u00e8les <b>ZT210, ZT220 et ZT230<\/b>. Sa compatibilit\u00e9 avec ces imprimantes \u00e0 <b>technologie thermique directe<\/b> garantit une performance fiable pour des applications n\u00e9cessitant une impression rapide et nette, notamment en environnements industriels et commerciaux. Il pr\u00e9sente un design robuste en <b>noir<\/b>, fabriqu\u00e9 pour s\u2019int\u00e9grer parfaitement aux \u00e9quipements fonctionnant sous une tension de <b>240 V<\/b>, assurant stabilit\u00e9 \u00e9nerg\u00e9tique et s\u00e9curit\u00e9 d\u2019utilisation. L\u2019impression qu\u2019il permet est en <b>noir<\/b>, adapt\u00e9e aux \u00e9tiquettes, codes-barres et documents o\u00f9 la lisibilit\u00e9 et la nettet\u00e9 sont essentielles. Cet accessoire contribue \u00e0 maintenir l\u2019efficacit\u00e9 et la durabilit\u00e9 de l\u2019imprimante, prot\u00e9geant ses composants et facilitant sa manipulation, ce qui est crucial pour les flux de travail dans les secteurs logistique, manufacturier ou retail. Dans l\u2019ensemble, il offre une solution compl\u00e9mentaire renfor\u00e7ant l\u2019op\u00e9rabilit\u00e9 et la compatibilit\u00e9 au sein de la gamme Zebra ZT200, s\u2019imposant comme un \u00e9l\u00e9ment indispensable pour les utilisateurs exigeant une impression thermique stable et professionnelle.<\/p>\n<ul>\n<li>Type: Accessoire<\/li>\n<li>Couleur: Noir<\/li>\n<li>Technologie: Thermique<\/li>\n<li>Tension: 240 V<\/li>\n<\/ul>","protected":false},"excerpt":{"rendered":"<p>Si vous \u00eates passionn\u00e9 d&#8217;informatique et d&#8217;\u00e9lectronique, si vous \u00eates \u00e0 la pointe de la technologie et qu&#8217;aucun d\u00e9tail ne vous \u00e9chappe, achetez Accessoire Zebra P1037974-010 Noir au meilleur prix. L\u2019accessoire Zebra mod\u00e8le P1037974-010 est sp\u00e9cialement con\u00e7u pour optimiser le fonctionnement des imprimantes Zebra ZT200, incluant les mod\u00e8les ZT210, ZT220 et ZT230. Sa compatibilit\u00e9 avec [&hellip;]<\/p>\n","protected":false},"featured_media":18394,"comment_status":"open","ping_status":"closed","template":"","meta":[],"product_brand":[812],"product_cat":[592,65,581],"product_tag":[106],"class_list":{"0":"post-18395","1":"product","2":"type-product","3":"status-publish","4":"has-post-thumbnail","6":"product_brand-brandp_590","7":"product_cat-imprimantes","8":"product_cat-informatique-electronique","9":"product_cat-informatique-peripheriques-et-consommables","10":"product_tag-tag_1295","12":"first","13":"instock","14":"taxable","15":"shipping-taxable","16":"purchasable","17":"product-type-simple"},"_links":{"self":[{"href":"https:\/\/bigbuy.tupique.com\/en\/wp-json\/wp\/v2\/product\/18395","targetHints":{"allow":["GET"]}}],"collection":[{"href":"https:\/\/bigbuy.tupique.com\/en\/wp-json\/wp\/v2\/product"}],"about":[{"href":"https:\/\/bigbuy.tupique.com\/en\/wp-json\/wp\/v2\/types\/product"}],"replies":[{"embeddable":true,"href":"https:\/\/bigbuy.tupique.com\/en\/wp-json\/wp\/v2\/comments?post=18395"}],"wp:featuredmedia":[{"embeddable":true,"href":"https:\/\/bigbuy.tupique.com\/en\/wp-json\/wp\/v2\/media\/18394"}],"wp:attachment":[{"href":"https:\/\/bigbuy.tupique.com\/en\/wp-json\/wp\/v2\/media?parent=18395"}],"wp:term":[{"taxonomy":"product_brand","embeddable":true,"href":"https:\/\/bigbuy.tupique.com\/en\/wp-json\/wp\/v2\/product_brand?post=18395"},{"taxonomy":"product_cat","embeddable":true,"href":"https:\/\/bigbuy.tupique.com\/en\/wp-json\/wp\/v2\/product_cat?post=18395"},{"taxonomy":"product_tag","embeddable":true,"href":"https:\/\/bigbuy.tupique.com\/en\/wp-json\/wp\/v2\/product_tag?post=18395"}],"curies":[{"name":"wp","href":"https:\/\/api.w.org\/{rel}","templated":true}]}}