{"id":18380,"date":"2026-03-29T15:21:21","date_gmt":"2026-03-29T14:21:21","guid":{"rendered":"https:\/\/bigbuy.tupique.com\/produto\/table-top-microphone-owl-labs-exm100-1000-grey\/"},"modified":"2026-05-11T19:59:17","modified_gmt":"2026-05-11T17:59:17","slug":"table-top-microphone-owl-labs-exm100-1000-grey","status":"publish","type":"product","link":"https:\/\/bigbuy.tupique.com\/en\/produto\/table-top-microphone-owl-labs-exm100-1000-grey\/","title":{"rendered":"Microphone de Bureau Owl Labs EXM100-1000 Gris"},"content":{"rendered":"<p>Si vous \u00eates passionn\u00e9 d&#8217;<b>informatique et d&#8217;\u00e9lectronique<\/b>, si vous \u00eates \u00e0 la pointe de la technologie et qu&#8217;aucun d\u00e9tail ne vous \u00e9chappe, achetez <b>Microphone de Bureau Owl Labs EXM100-1000 Gris<\/b> au meilleur prix.<\/p>\n<ul>\n<li>Type:\n<ul>\n<li>Microphone<\/li>\n<li>Avec fil<\/li>\n<\/ul>\n<\/li>\n<li>Couleur: Gris<\/li>\n<li>Connexions: Micro HDMI<\/li>\n<li>Longueur du c\u00e2ble: 2,5 m<\/li>\n<li>Type de commande: Boutons<\/li>\n<li>diam\u00e8tre approx.: \u00d8 8,7 cm<\/li>\n<li>Compatible: MEETING OWL 3<\/li>\n<li>Bloc d\u2019Alimentation: Avec fil<\/li>\n<li>Contr\u00f4le: Boutons<\/li>\n<\/ul>","protected":false},"excerpt":{"rendered":"<p>Si vous \u00eates passionn\u00e9 d&#8217;informatique et d&#8217;\u00e9lectronique, si vous \u00eates \u00e0 la pointe de la technologie et qu&#8217;aucun d\u00e9tail ne vous \u00e9chappe, achetez Microphone de Bureau Owl Labs EXM100-1000 Gris au meilleur prix. Type: Microphone Avec fil Couleur: Gris Connexions: Micro HDMI Longueur du c\u00e2ble: 2,5 m Type de commande: Boutons diam\u00e8tre approx.: \u00d8 8,7 [&hellip;]<\/p>\n","protected":false},"featured_media":160192,"comment_status":"open","ping_status":"closed","template":"","meta":[],"product_brand":[976],"product_cat":[65,581,594],"product_tag":[213,106],"class_list":{"0":"post-18380","1":"product","2":"type-product","3":"status-publish","4":"has-post-thumbnail","6":"product_brand-brandp_8715","7":"product_cat-informatique-electronique","8":"product_cat-informatique-peripheriques-et-consommables","9":"product_cat-micros-et-ecouteurs","10":"product_tag-tag_933","11":"product_tag-tag_1295","13":"first","14":"instock","15":"taxable","16":"shipping-taxable","17":"purchasable","18":"product-type-simple"},"_links":{"self":[{"href":"https:\/\/bigbuy.tupique.com\/en\/wp-json\/wp\/v2\/product\/18380","targetHints":{"allow":["GET"]}}],"collection":[{"href":"https:\/\/bigbuy.tupique.com\/en\/wp-json\/wp\/v2\/product"}],"about":[{"href":"https:\/\/bigbuy.tupique.com\/en\/wp-json\/wp\/v2\/types\/product"}],"replies":[{"embeddable":true,"href":"https:\/\/bigbuy.tupique.com\/en\/wp-json\/wp\/v2\/comments?post=18380"}],"wp:featuredmedia":[{"embeddable":true,"href":"https:\/\/bigbuy.tupique.com\/en\/wp-json\/wp\/v2\/media\/160192"}],"wp:attachment":[{"href":"https:\/\/bigbuy.tupique.com\/en\/wp-json\/wp\/v2\/media?parent=18380"}],"wp:term":[{"taxonomy":"product_brand","embeddable":true,"href":"https:\/\/bigbuy.tupique.com\/en\/wp-json\/wp\/v2\/product_brand?post=18380"},{"taxonomy":"product_cat","embeddable":true,"href":"https:\/\/bigbuy.tupique.com\/en\/wp-json\/wp\/v2\/product_cat?post=18380"},{"taxonomy":"product_tag","embeddable":true,"href":"https:\/\/bigbuy.tupique.com\/en\/wp-json\/wp\/v2\/product_tag?post=18380"}],"curies":[{"name":"wp","href":"https:\/\/api.w.org\/{rel}","templated":true}]}}