{"id":183703,"date":"2026-04-14T15:54:12","date_gmt":"2026-04-14T14:54:12","guid":{"rendered":"https:\/\/bigbuy.tupique.com\/produto\/nas-network-storage-qnap-ts-h765eu-8g\/"},"modified":"2026-04-15T04:08:55","modified_gmt":"2026-04-15T03:08:55","slug":"nas-network-storage-qnap-ts-h765eu-8g","status":"publish","type":"product","link":"https:\/\/bigbuy.tupique.com\/en\/produto\/nas-network-storage-qnap-ts-h765eu-8g\/","title":{"rendered":"Stockage en R\u00e9seau NAS Qnap TS-H765EU-8G"},"content":{"rendered":"<p>Si vous \u00eates passionn\u00e9 d&#8217;<b>informatique et d&#8217;\u00e9lectronique<\/b>, si vous \u00eates \u00e0 la pointe de la technologie et qu&#8217;aucun d\u00e9tail ne vous \u00e9chappe, achetez <b>Stockage en R\u00e9seau NAS Qnap TS-H765EU-8G<\/b> au meilleur prix.<\/p>\n<p>Le <b>Qnap TS-765EU-8G<\/b> est un <b>stockage en r\u00e9seau NAS<\/b> avanc\u00e9 au format rackmount 1U, sp\u00e9cialement con\u00e7u pour optimiser l\u2019espace dans les environnements professionnels ou les installations d\u2019entreprise o\u00f9 l\u2019efficacit\u00e9 et la fiabilit\u00e9 sont essentielles. Il se distingue par sa compatibilit\u00e9 avec les <b>disques durs\/SSD 3,5 pouces<\/b> et l\u2019int\u00e9gration de <b>trois emplacements NVMe PCIe E1.S\/M.2<\/b>, offrant une grande flexibilit\u00e9 et \u00e9volutivit\u00e9 pour la configuration du stockage, adapt\u00e9e aussi bien aux gros volumes de donn\u00e9es qu\u2019aux op\u00e9rations \u00e0 haute performance. La puissance de calcul est assur\u00e9e par un <b>processeur Intel Atom x7405C quad-core<\/b> de derni\u00e8re g\u00e9n\u00e9ration, associ\u00e9 \u00e0 <b>8 Go de RAM DDR5<\/b> (extensible jusqu\u2019\u00e0 16 Go), capable de g\u00e9rer des applications multit\u00e2ches intensives et de garantir une r\u00e9activit\u00e9 optimale face aux exigences informatiques \u00e9lev\u00e9es. Ce mod\u00e8le propose de multiples options de connectivit\u00e9, dont <b>2 ports r\u00e9seau 2.5GbE<\/b> pour un transfert rapide et efficace, ainsi que des <b>ports USB 3.2 Gen1 et USB 2.0<\/b>, facilitant l\u2019int\u00e9gration de p\u00e9riph\u00e9riques externes et les t\u00e2ches de sauvegarde ou d\u2019extension. Le syst\u00e8me d\u2019exploitation <b>QuTS hero bas\u00e9 sur ZFS<\/b> offre des fonctionnalit\u00e9s avanc\u00e9es telles que la v\u00e9rification d\u2019int\u00e9grit\u00e9 des donn\u00e9es, la protection WORM pour l\u2019immutabilit\u00e9 et une gestion puissante des snapshots, garantissant la s\u00e9curit\u00e9 et la fiabilit\u00e9 maximales pour les donn\u00e9es critiques de l\u2019entreprise. Son design en <b>noir et gris m\u00e9tallique<\/b>, avec boutons marche\/arr\u00eat et mat\u00e9riaux robustes, le rend id\u00e9al pour les baies rack \u00e0 faible profondeur (12&#8243;), optimisant l\u2019espace disponible. Ce NAS s\u2019adresse aux entreprises souhaitant consolider leurs ressources, assurer l\u2019\u00e9volutivit\u00e9 du syst\u00e8me et prot\u00e9ger l\u2019int\u00e9grit\u00e9 de leurs donn\u00e9es dans des infrastructures modernes et s\u00e9curis\u00e9es. En somme, le Qnap TS-765EU-8G constitue une solution professionnelle haute performance pour les besoins avanc\u00e9s de stockage en r\u00e9seau dans des environnements exigeants.<\/p>\n<ul>\n<li>Produit \u00e0 brancher: Oui<\/li>\n<li>Type de prise: Prise EU<\/li>\n<li>Bloc d\u2019Alimentation:\n<ul>\n<li>r\u00e9seau \u00e9lectrique<\/li>\n<li>Cordon d&#8217;alimentation CA<\/li>\n<li>Int\u00e9rieur<\/li>\n<\/ul>\n<\/li>\n<li>Type:\n<ul>\n<li>NAS<\/li>\n<li>HDD\/SSD<\/li>\n<\/ul>\n<\/li>\n<li>Couleur:\n<ul>\n<li>Noir<\/li>\n<li>Gris<\/li>\n<li>Argent\u00e9<\/li>\n<\/ul>\n<\/li>\n<li>Connexions:\n<ul>\n<li>USB 2.0<\/li>\n<li>RJ45 x 2<\/li>\n<li>Ethernet LAN<\/li>\n<li>SO-DIMM<\/li>\n<li>USB<\/li>\n<li>RJ45<\/li>\n<li>USB 3.2<\/li>\n<\/ul>\n<\/li>\n<li>M\u00e9moire RAM: 8 GB RAM<\/li>\n<li>Tension:\n<ul>\n<li>100-240 V<\/li>\n<li>100 &#8211; 240 V<\/li>\n<\/ul>\n<\/li>\n<li>Fr\u00e9quence: 50-60 Hz<\/li>\n<li>Compatible: HDD\/SSD<\/li>\n<li>Mati\u00e8re: M\u00e9tal<\/li>\n<li>Caract\u00e9ristiques:\n<ul>\n<li>Interrupteur marche\/arr\u00eat<\/li>\n<li>T\u00e9moin de fonctionnement LED<\/li>\n<li>Vibromasseur<\/li>\n<\/ul>\n<\/li>\n<li>Ventillateur: 3<\/li>\n<li>Compartiments 3,5&#8243;: 4<\/li>\n<li>Batterie au lithium rechargeable: 150 mAh<\/li>\n<li>Connectivit\u00e9: Ethernet LAN<\/li>\n<li>Fr\u00e9quence d&#8217;entr\u00e9e AC: 50-60 Hz<\/li>\n<li>Largeur: 43 cm<\/li>\n<li>Facteur de forme: SO-DIMM<\/li>\n<li>Noyaux: 4 Noyaux<\/li>\n<li>vitesse: 3.4 GHz<\/li>\n<li>Famille de processeurs: Intel<\/li>\n<\/ul>","protected":false},"excerpt":{"rendered":"<p>Si vous \u00eates passionn\u00e9 d&#8217;informatique et d&#8217;\u00e9lectronique, si vous \u00eates \u00e0 la pointe de la technologie et qu&#8217;aucun d\u00e9tail ne vous \u00e9chappe, achetez Stockage en R\u00e9seau NAS Qnap TS-H765EU-8G au meilleur prix. Le Qnap TS-765EU-8G est un stockage en r\u00e9seau NAS avanc\u00e9 au format rackmount 1U, sp\u00e9cialement con\u00e7u pour optimiser l\u2019espace dans les environnements professionnels [&hellip;]<\/p>\n","protected":false},"featured_media":183694,"comment_status":"open","ping_status":"closed","template":"","meta":[],"product_brand":[646],"product_cat":[588,65,584],"product_tag":[106],"class_list":{"0":"post-183703","1":"product","2":"type-product","3":"status-publish","4":"has-post-thumbnail","6":"product_brand-brandp_4747","7":"product_cat-disques-durs","8":"product_cat-informatique-electronique","9":"product_cat-informatique-reseaux-et-composants","10":"product_tag-tag_1295","12":"first","13":"instock","14":"taxable","15":"shipping-taxable","16":"purchasable","17":"product-type-simple"},"_links":{"self":[{"href":"https:\/\/bigbuy.tupique.com\/en\/wp-json\/wp\/v2\/product\/183703","targetHints":{"allow":["GET"]}}],"collection":[{"href":"https:\/\/bigbuy.tupique.com\/en\/wp-json\/wp\/v2\/product"}],"about":[{"href":"https:\/\/bigbuy.tupique.com\/en\/wp-json\/wp\/v2\/types\/product"}],"replies":[{"embeddable":true,"href":"https:\/\/bigbuy.tupique.com\/en\/wp-json\/wp\/v2\/comments?post=183703"}],"wp:featuredmedia":[{"embeddable":true,"href":"https:\/\/bigbuy.tupique.com\/en\/wp-json\/wp\/v2\/media\/183694"}],"wp:attachment":[{"href":"https:\/\/bigbuy.tupique.com\/en\/wp-json\/wp\/v2\/media?parent=183703"}],"wp:term":[{"taxonomy":"product_brand","embeddable":true,"href":"https:\/\/bigbuy.tupique.com\/en\/wp-json\/wp\/v2\/product_brand?post=183703"},{"taxonomy":"product_cat","embeddable":true,"href":"https:\/\/bigbuy.tupique.com\/en\/wp-json\/wp\/v2\/product_cat?post=183703"},{"taxonomy":"product_tag","embeddable":true,"href":"https:\/\/bigbuy.tupique.com\/en\/wp-json\/wp\/v2\/product_tag?post=183703"}],"curies":[{"name":"wp","href":"https:\/\/api.w.org\/{rel}","templated":true}]}}