{"id":18353,"date":"2026-03-29T15:20:44","date_gmt":"2026-03-29T14:20:44","guid":{"rendered":"https:\/\/bigbuy.tupique.com\/produto\/thermal-transfer-ribbon-zebra-ribbon-5095-6-units\/"},"modified":"2026-04-15T18:43:53","modified_gmt":"2026-04-15T17:43:53","slug":"thermal-transfer-ribbon-zebra-ribbon-5095-6-units","status":"publish","type":"product","link":"https:\/\/bigbuy.tupique.com\/en\/produto\/thermal-transfer-ribbon-zebra-ribbon-5095-6-units\/","title":{"rendered":"Ruban de transfert thermique Zebra RIBBON 5095 (6 Unit\u00e9s)"},"content":{"rendered":"<p>Si vous \u00eates passionn\u00e9 d&#8217;<b>informatique et d&#8217;\u00e9lectronique<\/b>, si vous \u00eates \u00e0 la pointe de la technologie et qu&#8217;aucun d\u00e9tail ne vous \u00e9chappe, achetez <b>Ruban de transfert thermique Zebra RIBBON 5095 (6 Unit\u00e9s)<\/b> au meilleur prix.<\/p>\n<ul>\n<li>Type: Bande thermique<\/li>\n<li>Couleur: Noir<\/li>\n<li>Taille: 110 mm x 450 m<\/li>\n<li>Mati\u00e8re: R\u00e9sine<\/li>\n<li>Unit\u00e9s: 6 Unit\u00e9s<\/li>\n<li>Forme: Rectangulaire<\/li>\n<\/ul>","protected":false},"excerpt":{"rendered":"<p><span class=\"unit-info\">0.7755 &euro; \/ 1 m<\/span><\/p>","protected":false},"featured_media":18352,"comment_status":"open","ping_status":"closed","template":"","meta":[],"product_brand":[812],"product_cat":[963,157,962],"product_tag":[213,212],"class_list":{"0":"post-18353","1":"product","2":"type-product","3":"status-publish","4":"has-post-thumbnail","6":"product_brand-brandp_590","7":"product_cat-etiquettes-adhesives","8":"product_cat-jouets-deguisements","9":"product_cat-materiel-scolaire","10":"product_tag-tag_933","11":"product_tag-tag_71","13":"first","14":"instock","15":"taxable","16":"shipping-taxable","17":"purchasable","18":"product-type-simple"},"_links":{"self":[{"href":"https:\/\/bigbuy.tupique.com\/en\/wp-json\/wp\/v2\/product\/18353","targetHints":{"allow":["GET"]}}],"collection":[{"href":"https:\/\/bigbuy.tupique.com\/en\/wp-json\/wp\/v2\/product"}],"about":[{"href":"https:\/\/bigbuy.tupique.com\/en\/wp-json\/wp\/v2\/types\/product"}],"replies":[{"embeddable":true,"href":"https:\/\/bigbuy.tupique.com\/en\/wp-json\/wp\/v2\/comments?post=18353"}],"wp:featuredmedia":[{"embeddable":true,"href":"https:\/\/bigbuy.tupique.com\/en\/wp-json\/wp\/v2\/media\/18352"}],"wp:attachment":[{"href":"https:\/\/bigbuy.tupique.com\/en\/wp-json\/wp\/v2\/media?parent=18353"}],"wp:term":[{"taxonomy":"product_brand","embeddable":true,"href":"https:\/\/bigbuy.tupique.com\/en\/wp-json\/wp\/v2\/product_brand?post=18353"},{"taxonomy":"product_cat","embeddable":true,"href":"https:\/\/bigbuy.tupique.com\/en\/wp-json\/wp\/v2\/product_cat?post=18353"},{"taxonomy":"product_tag","embeddable":true,"href":"https:\/\/bigbuy.tupique.com\/en\/wp-json\/wp\/v2\/product_tag?post=18353"}],"curies":[{"name":"wp","href":"https:\/\/api.w.org\/{rel}","templated":true}]}}