{"id":18351,"date":"2026-03-29T15:20:42","date_gmt":"2026-03-29T14:20:42","guid":{"rendered":"https:\/\/bigbuy.tupique.com\/produto\/barcode-reader-socket-mobile-cx3413-1832\/"},"modified":"2026-04-15T00:50:43","modified_gmt":"2026-04-14T23:50:43","slug":"barcode-reader-socket-mobile-cx3413-1832","status":"publish","type":"product","link":"https:\/\/bigbuy.tupique.com\/en\/produto\/barcode-reader-socket-mobile-cx3413-1832\/","title":{"rendered":"Lecteur de Codes Barres Socket Mobile CX3413-1832"},"content":{"rendered":"<p>Si vous \u00eates passionn\u00e9 d&#8217;<b>informatique et d&#8217;\u00e9lectronique<\/b>, si vous \u00eates \u00e0 la pointe de la technologie et qu&#8217;aucun d\u00e9tail ne vous \u00e9chappe, achetez <b>Lecteur de Codes Barres Socket Mobile CX3413-1832<\/b> au meilleur prix.<\/p>\n<ul>\n<li>Type: Sans fil<\/li>\n<li>Couleur: Rouge<\/li>\n<li>Connectivit\u00e9: Bluetooth<\/li>\n<li>Capacit\u00e9 de la batterie: 2000 mAh<\/li>\n<\/ul>","protected":false},"excerpt":{"rendered":"<p>Si vous \u00eates passionn\u00e9 d&#8217;informatique et d&#8217;\u00e9lectronique, si vous \u00eates \u00e0 la pointe de la technologie et qu&#8217;aucun d\u00e9tail ne vous \u00e9chappe, achetez Lecteur de Codes Barres Socket Mobile CX3413-1832 au meilleur prix. Type: Sans fil Couleur: Rouge Connectivit\u00e9: Bluetooth Capacit\u00e9 de la batterie: 2000 mAh<\/p>","protected":false},"featured_media":18350,"comment_status":"open","ping_status":"closed","template":"","meta":[],"product_brand":[981],"product_cat":[65,584,625],"product_tag":[210],"class_list":{"0":"post-18351","1":"product","2":"type-product","3":"status-publish","4":"has-post-thumbnail","6":"product_brand-brandp_8666","7":"product_cat-informatique-electronique","8":"product_cat-informatique-reseaux-et-composants","9":"product_cat-multilecteurs","10":"product_tag-tag_25","12":"first","13":"instock","14":"taxable","15":"shipping-taxable","16":"purchasable","17":"product-type-simple"},"_links":{"self":[{"href":"https:\/\/bigbuy.tupique.com\/en\/wp-json\/wp\/v2\/product\/18351","targetHints":{"allow":["GET"]}}],"collection":[{"href":"https:\/\/bigbuy.tupique.com\/en\/wp-json\/wp\/v2\/product"}],"about":[{"href":"https:\/\/bigbuy.tupique.com\/en\/wp-json\/wp\/v2\/types\/product"}],"replies":[{"embeddable":true,"href":"https:\/\/bigbuy.tupique.com\/en\/wp-json\/wp\/v2\/comments?post=18351"}],"wp:featuredmedia":[{"embeddable":true,"href":"https:\/\/bigbuy.tupique.com\/en\/wp-json\/wp\/v2\/media\/18350"}],"wp:attachment":[{"href":"https:\/\/bigbuy.tupique.com\/en\/wp-json\/wp\/v2\/media?parent=18351"}],"wp:term":[{"taxonomy":"product_brand","embeddable":true,"href":"https:\/\/bigbuy.tupique.com\/en\/wp-json\/wp\/v2\/product_brand?post=18351"},{"taxonomy":"product_cat","embeddable":true,"href":"https:\/\/bigbuy.tupique.com\/en\/wp-json\/wp\/v2\/product_cat?post=18351"},{"taxonomy":"product_tag","embeddable":true,"href":"https:\/\/bigbuy.tupique.com\/en\/wp-json\/wp\/v2\/product_tag?post=18351"}],"curies":[{"name":"wp","href":"https:\/\/api.w.org\/{rel}","templated":true}]}}