{"id":183258,"date":"2026-04-14T14:11:33","date_gmt":"2026-04-14T13:11:33","guid":{"rendered":"https:\/\/bigbuy.tupique.com\/produto\/ram-memory-synology-d4es04-4g-4-gb-ddr4\/"},"modified":"2026-05-11T20:00:39","modified_gmt":"2026-05-11T18:00:39","slug":"ram-memory-synology-d4es04-4g-4-gb-ddr4","status":"publish","type":"product","link":"https:\/\/bigbuy.tupique.com\/en\/produto\/ram-memory-synology-d4es04-4g-4-gb-ddr4\/","title":{"rendered":"M\u00e9moire RAM Synology D4ES04-4G 4 GB DDR4"},"content":{"rendered":"<p>Si vous \u00eates passionn\u00e9 d&#8217;<b>informatique et d&#8217;\u00e9lectronique<\/b>, si vous \u00eates \u00e0 la pointe de la technologie et qu&#8217;aucun d\u00e9tail ne vous \u00e9chappe, achetez <b>M\u00e9moire RAM Synology D4ES04-4G 4 GB DDR4<\/b> au meilleur prix.<\/p>\n<ul>\n<li>Type: DDR4<\/li>\n<li>Format: 1 x 4 GB<\/li>\n<li>Facteur de forme: 260-pin SO-DIMM<\/li>\n<li>Capacit\u00e9: 4 GB<\/li>\n<li>R\u00e9tro-\u00e9clair\u00e9: Non<\/li>\n<li>Type de m\u00e9moire: DDR4<\/li>\n<\/ul>","protected":false},"excerpt":{"rendered":"<p>Si vous \u00eates passionn\u00e9 d&#8217;informatique et d&#8217;\u00e9lectronique, si vous \u00eates \u00e0 la pointe de la technologie et qu&#8217;aucun d\u00e9tail ne vous \u00e9chappe, achetez M\u00e9moire RAM Synology D4ES04-4G 4 GB DDR4 au meilleur prix. Type: DDR4 Format: 1 x 4 GB Facteur de forme: 260-pin SO-DIMM Capacit\u00e9: 4 GB R\u00e9tro-\u00e9clair\u00e9: Non Type de m\u00e9moire: DDR4<\/p>","protected":false},"featured_media":183257,"comment_status":"open","ping_status":"closed","template":"","meta":[],"product_brand":[990],"product_cat":[65,584,593],"product_tag":[106],"class_list":{"0":"post-183258","1":"product","2":"type-product","3":"status-publish","4":"has-post-thumbnail","6":"product_brand-brandp_653","7":"product_cat-informatique-electronique","8":"product_cat-informatique-reseaux-et-composants","9":"product_cat-memoires-ram","10":"product_tag-tag_1295","12":"first","13":"instock","14":"taxable","15":"shipping-taxable","16":"purchasable","17":"product-type-simple"},"_links":{"self":[{"href":"https:\/\/bigbuy.tupique.com\/en\/wp-json\/wp\/v2\/product\/183258","targetHints":{"allow":["GET"]}}],"collection":[{"href":"https:\/\/bigbuy.tupique.com\/en\/wp-json\/wp\/v2\/product"}],"about":[{"href":"https:\/\/bigbuy.tupique.com\/en\/wp-json\/wp\/v2\/types\/product"}],"replies":[{"embeddable":true,"href":"https:\/\/bigbuy.tupique.com\/en\/wp-json\/wp\/v2\/comments?post=183258"}],"wp:featuredmedia":[{"embeddable":true,"href":"https:\/\/bigbuy.tupique.com\/en\/wp-json\/wp\/v2\/media\/183257"}],"wp:attachment":[{"href":"https:\/\/bigbuy.tupique.com\/en\/wp-json\/wp\/v2\/media?parent=183258"}],"wp:term":[{"taxonomy":"product_brand","embeddable":true,"href":"https:\/\/bigbuy.tupique.com\/en\/wp-json\/wp\/v2\/product_brand?post=183258"},{"taxonomy":"product_cat","embeddable":true,"href":"https:\/\/bigbuy.tupique.com\/en\/wp-json\/wp\/v2\/product_cat?post=183258"},{"taxonomy":"product_tag","embeddable":true,"href":"https:\/\/bigbuy.tupique.com\/en\/wp-json\/wp\/v2\/product_tag?post=183258"}],"curies":[{"name":"wp","href":"https:\/\/api.w.org\/{rel}","templated":true}]}}