{"id":18307,"date":"2026-03-29T15:19:44","date_gmt":"2026-03-29T14:19:44","guid":{"rendered":"https:\/\/bigbuy.tupique.com\/produto\/monitor-elo-touch-systems-e321195-101-lcd-50-60-hz\/"},"modified":"2026-04-15T22:18:37","modified_gmt":"2026-04-15T21:18:37","slug":"monitor-elo-touch-systems-e321195-101-lcd-50-60-hz","status":"publish","type":"product","link":"https:\/\/bigbuy.tupique.com\/en\/produto\/monitor-elo-touch-systems-e321195-101-lcd-50-60-hz\/","title":{"rendered":"\u00c9cran Elo Touch Systems E321195 10,1&#8243; LCD 50-60  Hz"},"content":{"rendered":"<p>Si vous \u00eates passionn\u00e9 d&#8217;<b>informatique et d&#8217;\u00e9lectronique<\/b>, si vous \u00eates \u00e0 la pointe de la technologie et qu&#8217;aucun d\u00e9tail ne vous \u00e9chappe, achetez <b>\u00c9cran Elo Touch Systems E321195 10,1&#8243; LCD 50-60  Hz<\/b> au meilleur prix.<\/p>\n<p>Le <b>moniteur<\/b> <b>E321195<\/b> de <b>Elo Touch Systems<\/b> est une solution professionnelle con\u00e7ue pour les environnements n\u00e9cessitant une exp\u00e9rience tactile efficace et de haute qualit\u00e9. Il dispose d\u2019un <b>\u00e9cran tactile de 10,1 pouces (25,6 cm)<\/b> avec technologie <b>LCD TFT<\/b> offrant une r\u00e9solution native de <b>1280 x 800 pixels<\/b>, fournissant des images nettes au format <b>16:10<\/b>, id\u00e9al pour les applications industrielles, points de vente ou kiosques interactifs. Son niveau de luminosit\u00e9 de <b>350 cd\/m\u00b2<\/b> garantit une bonne visibilit\u00e9 m\u00eame en environnements tr\u00e8s \u00e9clair\u00e9s, tandis que le temps de r\u00e9ponse de <b>25 ms<\/b> assure une exp\u00e9rience visuelle fluide sans retard perceptible. Ce mod\u00e8le pr\u00e9sente une finition \u00e9l\u00e9gante en <b>noir<\/b>, avec des options de <b>montage mural<\/b> pour une int\u00e9gration polyvalente dans divers espaces. La connectivit\u00e9 via <b>HDMI<\/b> offre une compatibilit\u00e9 avec plusieurs sources vid\u00e9o num\u00e9riques, facilitant l\u2019installation et la configuration sur des syst\u00e8mes existants. L\u2019association des technologies LED pour le r\u00e9tro\u00e9clairage et LCD pour l\u2019\u00e9cran assure un bon \u00e9quilibre entre qualit\u00e9 d\u2019image et consommation \u00e9nerg\u00e9tique. En r\u00e9sum\u00e9, le moniteur <b>Elo Touch Systems E321195<\/b> se distingue par sa robustesse, sa pr\u00e9cision tactile et son design compact, devenant un outil fiable pour des solutions interactives professionnelles o\u00f9 l\u2019ergonomie et la clart\u00e9 visuelle sont essentielles.<\/p>\n<ul>\n<li>Technologie:\n<ul>\n<li>LED<\/li>\n<li>LCD<\/li>\n<li>TFT<\/li>\n<\/ul>\n<\/li>\n<li>Produit \u00e0 brancher: Oui<\/li>\n<li>Type de prise: Prise EU<\/li>\n<li>R\u00e9solution (px): 1280 x 800 px<\/li>\n<li>Diagonale de l&#8217;\u00e9cran (cm): 25,7 cm<\/li>\n<li>Connexions:\n<ul>\n<li>HDMI<\/li>\n<li>DisplayPort x 1<\/li>\n<\/ul>\n<\/li>\n<li>Type: \u00c9cran<\/li>\n<li>Bloc d\u2019Alimentation: r\u00e9seau \u00e9lectrique<\/li>\n<li>Couleur: Noir<\/li>\n<li>Temps de r\u00e9ponse: 25 ms<\/li>\n<li>VESA: 7,5 x 7,5 cm<\/li>\n<li>Ecran: 10,1&#8243;<\/li>\n<li>puissance: 5 W<\/li>\n<li>Rapport d&#8217;aspect: 16:10<\/li>\n<li>Caract\u00e9ristiques:\n<ul>\n<li>Ecran tactile<\/li>\n<li>Montage mural<\/li>\n<\/ul>\n<\/li>\n<li>Fr\u00e9quence:\n<ul>\n<li>50-60 Hz<\/li>\n<li>50 &#8211; 60 Hz<\/li>\n<li>60 Hz<\/li>\n<\/ul>\n<\/li>\n<li>Ann\u00e9e: 2017<\/li>\n<li>Tension: 240 V<\/li>\n<li>Flux lumineux: 350 lm<\/li>\n<li>Pr\u00e9cision (humidit\u00e9 relative): 20 % &#8211; 80 %<\/li>\n<li>Angle: 170\u00ba<\/li>\n<li>Tension d&#8217;entr\u00e9e AC: 100 &#8211; 240 V<\/li>\n<li>Montage: VESA<\/li>\n<\/ul>","protected":false},"excerpt":{"rendered":"<p>Si vous \u00eates passionn\u00e9 d&#8217;informatique et d&#8217;\u00e9lectronique, si vous \u00eates \u00e0 la pointe de la technologie et qu&#8217;aucun d\u00e9tail ne vous \u00e9chappe, achetez \u00c9cran Elo Touch Systems E321195 10,1&#8243; LCD 50-60 Hz au meilleur prix. Le moniteur E321195 de Elo Touch Systems est une solution professionnelle con\u00e7ue pour les environnements n\u00e9cessitant une exp\u00e9rience tactile efficace [&hellip;]<\/p>\n","protected":false},"featured_media":18301,"comment_status":"open","ping_status":"closed","template":"","meta":[],"product_brand":[980],"product_cat":[65,581,616],"product_tag":[213,106],"class_list":{"0":"post-18307","1":"product","2":"type-product","3":"status-publish","4":"has-post-thumbnail","6":"product_brand-brandp_4775","7":"product_cat-informatique-electronique","8":"product_cat-informatique-peripheriques-et-consommables","9":"product_cat-moniteurs","10":"product_tag-tag_933","11":"product_tag-tag_1295","13":"first","14":"instock","15":"taxable","16":"shipping-taxable","17":"purchasable","18":"product-type-simple"},"_links":{"self":[{"href":"https:\/\/bigbuy.tupique.com\/en\/wp-json\/wp\/v2\/product\/18307","targetHints":{"allow":["GET"]}}],"collection":[{"href":"https:\/\/bigbuy.tupique.com\/en\/wp-json\/wp\/v2\/product"}],"about":[{"href":"https:\/\/bigbuy.tupique.com\/en\/wp-json\/wp\/v2\/types\/product"}],"replies":[{"embeddable":true,"href":"https:\/\/bigbuy.tupique.com\/en\/wp-json\/wp\/v2\/comments?post=18307"}],"wp:featuredmedia":[{"embeddable":true,"href":"https:\/\/bigbuy.tupique.com\/en\/wp-json\/wp\/v2\/media\/18301"}],"wp:attachment":[{"href":"https:\/\/bigbuy.tupique.com\/en\/wp-json\/wp\/v2\/media?parent=18307"}],"wp:term":[{"taxonomy":"product_brand","embeddable":true,"href":"https:\/\/bigbuy.tupique.com\/en\/wp-json\/wp\/v2\/product_brand?post=18307"},{"taxonomy":"product_cat","embeddable":true,"href":"https:\/\/bigbuy.tupique.com\/en\/wp-json\/wp\/v2\/product_cat?post=18307"},{"taxonomy":"product_tag","embeddable":true,"href":"https:\/\/bigbuy.tupique.com\/en\/wp-json\/wp\/v2\/product_tag?post=18307"}],"curies":[{"name":"wp","href":"https:\/\/api.w.org\/{rel}","templated":true}]}}