{"id":183032,"date":"2026-04-14T13:47:49","date_gmt":"2026-04-14T12:47:49","guid":{"rendered":"https:\/\/bigbuy.tupique.com\/produto\/videowall-monitor-lg-86pk640s0la-aeuq-4k-ultra-hd-uhd-4k-86\/"},"modified":"2026-05-11T20:00:39","modified_gmt":"2026-05-11T18:00:39","slug":"videowall-monitor-lg-86pk640s0la-aeuq-4k-ultra-hd-uhd-4k-86","status":"publish","type":"product","link":"https:\/\/bigbuy.tupique.com\/en\/produto\/videowall-monitor-lg-86pk640s0la-aeuq-4k-ultra-hd-uhd-4k-86\/","title":{"rendered":"Moniteur Videowall LG 86PK640S0LA.AEUQ 4K Ultra HD UHD 4K 86&#8243;"},"content":{"rendered":"<p>Si vous \u00eates \u00e0 la recherche de nouvelles tendances sur le march\u00e9, nous vous pr\u00e9sentons <b>Moniteur Videowall LG 86PK640S0LA.AEUQ 4K Ultra HD UHD 4K 86&#8243;<\/b> !<\/p>\n<ul>\n<li>Type: Moniteur Videowall<\/li>\n<li>Caract\u00e9ristiques:\n<ul>\n<li>Sans fil<\/li>\n<li>Haut-parleurs int\u00e9gr\u00e9s<\/li>\n<li>\u00c9cran LCD<\/li>\n<li>Commande par boutons<\/li>\n<li>Port USB<\/li>\n<li>Interrupteur marche\/arr\u00eat<\/li>\n<li>TV intelligente<\/li>\n<li>T\u00e9l\u00e9texte<\/li>\n<li>Guide \u00e9lectronique des programmes (EPG)<\/li>\n<li>HDR<\/li>\n<li>Ecran<\/li>\n<li>Wi-Fi<\/li>\n<li>\u00c9cran integr\u00e9<\/li>\n<li>Montage mural<\/li>\n<li>Visualisation des images JPEG<\/li>\n<li>T\u00e9moin de fonctionnement LED<\/li>\n<li>Plug &amp; Play<\/li>\n<li>Canal de retour audio (ARC)<\/li>\n<li>\u00c9cran plat<\/li>\n<\/ul>\n<\/li>\n<li>Couleur: Noir<\/li>\n<li>Connexions:\n<ul>\n<li>USB 2.0<\/li>\n<li>RJ45<\/li>\n<li>Jack 3.5 mm<\/li>\n<li>RS-232<\/li>\n<li>HDMI 2.0<\/li>\n<li>S\/PDIF x 1<\/li>\n<li>RF x 1<\/li>\n<\/ul>\n<\/li>\n<li>Rapport d&#8217;aspect: 16:9<\/li>\n<li>Connectivit\u00e9:\n<ul>\n<li>Bluetooth<\/li>\n<li>Wi-Fi<\/li>\n<li>Sans fil<\/li>\n<li>Ethernet LAN<\/li>\n<\/ul>\n<\/li>\n<li>Format: 16:9<\/li>\n<li>Technologie:\n<ul>\n<li>LED<\/li>\n<li>HDR<\/li>\n<li>HDR10<\/li>\n<li>Direct-LED<\/li>\n<li>LCD<\/li>\n<\/ul>\n<\/li>\n<li>VESA: 40 x 40 cm<\/li>\n<li>R\u00e9solution:\n<ul>\n<li>4K Ultra HD<\/li>\n<li>UHD 4K<\/li>\n<\/ul>\n<\/li>\n<li>Ecran: 86&#8243;<\/li>\n<li>Type de prise: Prise EU<\/li>\n<li>Fr\u00e9quence: 60 Hz<\/li>\n<li>Montage: VESA<\/li>\n<li>Utilisation recommand\u00e9e:\n<ul>\n<li>Int\u00e9rieur<\/li>\n<li>Professionnel<\/li>\n<\/ul>\n<\/li>\n<li>consommation d&#8217;\u00e9nergie: 231 W<\/li>\n<li>R\u00e9solution (px): 3840 x 2160 px<\/li>\n<li>Diagonale de l&#8217;\u00e9cran (cm): 218,4 cm<\/li>\n<li>Temps de r\u00e9ponse: 8 ms<\/li>\n<\/ul>","protected":false},"excerpt":{"rendered":"<p>Si vous \u00eates \u00e0 la recherche de nouvelles tendances sur le march\u00e9, nous vous pr\u00e9sentons Moniteur Videowall LG 86PK640S0LA.AEUQ 4K Ultra HD UHD 4K 86&#8243; ! Type: Moniteur Videowall Caract\u00e9ristiques: Sans fil Haut-parleurs int\u00e9gr\u00e9s \u00c9cran LCD Commande par boutons Port USB Interrupteur marche\/arr\u00eat TV intelligente T\u00e9l\u00e9texte Guide \u00e9lectronique des programmes (EPG) HDR Ecran Wi-Fi \u00c9cran [&hellip;]<\/p>\n","protected":false},"featured_media":185100,"comment_status":"open","ping_status":"closed","template":"","meta":[],"product_brand":[662],"product_cat":[65,581,616],"product_tag":[213,106],"class_list":{"0":"post-183032","1":"product","2":"type-product","3":"status-publish","4":"has-post-thumbnail","6":"product_brand-brandp_559","7":"product_cat-informatique-electronique","8":"product_cat-informatique-peripheriques-et-consommables","9":"product_cat-moniteurs","10":"product_tag-tag_933","11":"product_tag-tag_1295","13":"first","14":"instock","15":"taxable","16":"shipping-taxable","17":"purchasable","18":"product-type-simple"},"_links":{"self":[{"href":"https:\/\/bigbuy.tupique.com\/en\/wp-json\/wp\/v2\/product\/183032","targetHints":{"allow":["GET"]}}],"collection":[{"href":"https:\/\/bigbuy.tupique.com\/en\/wp-json\/wp\/v2\/product"}],"about":[{"href":"https:\/\/bigbuy.tupique.com\/en\/wp-json\/wp\/v2\/types\/product"}],"replies":[{"embeddable":true,"href":"https:\/\/bigbuy.tupique.com\/en\/wp-json\/wp\/v2\/comments?post=183032"}],"wp:featuredmedia":[{"embeddable":true,"href":"https:\/\/bigbuy.tupique.com\/en\/wp-json\/wp\/v2\/media\/185100"}],"wp:attachment":[{"href":"https:\/\/bigbuy.tupique.com\/en\/wp-json\/wp\/v2\/media?parent=183032"}],"wp:term":[{"taxonomy":"product_brand","embeddable":true,"href":"https:\/\/bigbuy.tupique.com\/en\/wp-json\/wp\/v2\/product_brand?post=183032"},{"taxonomy":"product_cat","embeddable":true,"href":"https:\/\/bigbuy.tupique.com\/en\/wp-json\/wp\/v2\/product_cat?post=183032"},{"taxonomy":"product_tag","embeddable":true,"href":"https:\/\/bigbuy.tupique.com\/en\/wp-json\/wp\/v2\/product_tag?post=183032"}],"curies":[{"name":"wp","href":"https:\/\/api.w.org\/{rel}","templated":true}]}}