{"id":182999,"date":"2026-04-14T13:39:42","date_gmt":"2026-04-14T12:39:42","guid":{"rendered":"https:\/\/bigbuy.tupique.com\/produto\/smart-tv-lg-85qned92a6a-aeuq-3840-x-2160-px-uhd-4k-hdr10-amd-freesync-hybrid-log-gamma-hlg-dolby-vision-qned\/"},"modified":"2026-04-16T05:30:13","modified_gmt":"2026-04-16T04:30:13","slug":"smart-tv-lg-85qned92a6a-aeuq-3840-x-2160-px-uhd-4k-hdr10-amd-freesync-hybrid-log-gamma-hlg-dolby-vision-qned","status":"publish","type":"product","link":"https:\/\/bigbuy.tupique.com\/en\/produto\/smart-tv-lg-85qned92a6a-aeuq-3840-x-2160-px-uhd-4k-hdr10-amd-freesync-hybrid-log-gamma-hlg-dolby-vision-qned\/","title":{"rendered":"TV intelligente LG 85QNED92A6A.AEUQ 3840 x 2160 px UHD 4K HDR10 AMD FreeSync Hybrid Log-Gamma (HLG) Dolby Vision QNED"},"content":{"rendered":"<p>Si vous \u00eates passionn\u00e9 d&#8217;<b>informatique et d&#8217;\u00e9lectronique<\/b>, si vous \u00eates \u00e0 la pointe de la technologie et qu&#8217;aucun d\u00e9tail ne vous \u00e9chappe, achetez <b>TV intelligente LG 85QNED92A6A.AEUQ 3840 x 2160 px UHD 4K HDR10 AMD FreeSync Hybrid Log-Gamma (HLG) Dolby Vision QNED<\/b> au meilleur prix.<\/p>\n<ul>\n<li>Classification \u00e9nerg\u00e9tique: G<\/li>\n<li>Ecran: 85&#8243;<\/li>\n<li>R\u00e9solution:\n<ul>\n<li>4K Ultra HD<\/li>\n<li>3840 x 2160 px<\/li>\n<li>UHD 4K<\/li>\n<\/ul>\n<\/li>\n<li>Couleur: Noir<\/li>\n<li>Caract\u00e9ristiques:\n<ul>\n<li>USB<\/li>\n<li>Wi-Fi<\/li>\n<li>Connexion USB<\/li>\n<li>Port USB<\/li>\n<li>R\u00e9duction du bruit<\/li>\n<li>TV intelligente<\/li>\n<li>4K<\/li>\n<li>Contr\u00f4le vocal<\/li>\n<li>HDR<\/li>\n<li>Haut-parleurs<\/li>\n<li>Google Assistant<\/li>\n<li>Amazon Alexa<\/li>\n<li>IA<\/li>\n<li>AI ThinQ<\/li>\n<li>Navigation<\/li>\n<li>Haut-parleurs int\u00e9gr\u00e9s<\/li>\n<li>D\u00e9codage vid\u00e9o<\/li>\n<li>Sortie optique num\u00e9rique<\/li>\n<li>ThinQ AI<\/li>\n<li>HLG<\/li>\n<li>Premium<\/li>\n<li>\u00c9cran plat<\/li>\n<li>HDCP 2,2<\/li>\n<li>HDCP 2,3<\/li>\n<li>M\u00e9moire interne<\/li>\n<\/ul>\n<\/li>\n<li>Connexions:\n<ul>\n<li>USB 2.0<\/li>\n<li>Ethernet (RJ-45)<\/li>\n<li>S\/PDIF<\/li>\n<li>HDMI 2.1<\/li>\n<\/ul>\n<\/li>\n<li>Rapport d&#8217;aspect: 16:9<\/li>\n<li>Connectivit\u00e9:\n<ul>\n<li>Bluetooth<\/li>\n<li>Interface commune<\/li>\n<li>Ethernet LAN<\/li>\n<li>Bluetooth 5.3<\/li>\n<li>eARC<\/li>\n<li>Wi-Fi 6E ghz<\/li>\n<\/ul>\n<\/li>\n<li>Format:\n<ul>\n<li>16:9<\/li>\n<li>H.265<\/li>\n<\/ul>\n<\/li>\n<li>VESA: 600 x 400 mm<\/li>\n<li>TV intelligente: Oui<\/li>\n<li>Compatible:\n<ul>\n<li>Amazon Alexa<\/li>\n<li>DVB-T2<\/li>\n<li>H.265<\/li>\n<li>VESA 600 x 400 mm<\/li>\n<li>Google Assistant<\/li>\n<\/ul>\n<\/li>\n<li>Technologie:\n<ul>\n<li>HDR10<\/li>\n<li>AMD FreeSync<\/li>\n<li>Hybrid Log-Gamma (HLG)<\/li>\n<li>Dolby Vision<\/li>\n<li>QNED<\/li>\n<\/ul>\n<\/li>\n<li>Processeur: AI ThinQ<\/li>\n<li>R\u00e9cepteur: DVB-T2 (H.265), DVB-C, DVB-S2<\/li>\n<li>Formats: 16:9<\/li>\n<li>Fr\u00e9quence: 120 Hz<\/li>\n<li>Montage: VESA<\/li>\n<li>R\u00e9solution (px): 3840 x 2160 px<\/li>\n<li>Diagonale de l&#8217;\u00e9cran (cm): 215,9 cm<\/li>\n<li>Ann\u00e9e: 2025<\/li>\n<\/ul>","protected":false},"excerpt":{"rendered":"<p>Si vous \u00eates passionn\u00e9 d&#8217;informatique et d&#8217;\u00e9lectronique, si vous \u00eates \u00e0 la pointe de la technologie et qu&#8217;aucun d\u00e9tail ne vous \u00e9chappe, achetez TV intelligente LG 85QNED92A6A.AEUQ 3840 x 2160 px UHD 4K HDR10 AMD FreeSync Hybrid Log-Gamma (HLG) Dolby Vision QNED au meilleur prix. Classification \u00e9nerg\u00e9tique: G Ecran: 85&#8243; R\u00e9solution: 4K Ultra HD 3840 [&hellip;]<\/p>\n","protected":false},"featured_media":185067,"comment_status":"open","ping_status":"closed","template":"","meta":[],"product_brand":[662],"product_cat":[589,65,957],"product_tag":[],"class_list":{"0":"post-182999","1":"product","2":"type-product","3":"status-publish","4":"has-post-thumbnail","6":"product_brand-brandp_559","7":"product_cat-electronique-television","8":"product_cat-informatique-electronique","9":"product_cat-televisions-et-smart-tv","11":"first","12":"instock","13":"taxable","14":"shipping-taxable","15":"purchasable","16":"product-type-simple"},"_links":{"self":[{"href":"https:\/\/bigbuy.tupique.com\/en\/wp-json\/wp\/v2\/product\/182999","targetHints":{"allow":["GET"]}}],"collection":[{"href":"https:\/\/bigbuy.tupique.com\/en\/wp-json\/wp\/v2\/product"}],"about":[{"href":"https:\/\/bigbuy.tupique.com\/en\/wp-json\/wp\/v2\/types\/product"}],"replies":[{"embeddable":true,"href":"https:\/\/bigbuy.tupique.com\/en\/wp-json\/wp\/v2\/comments?post=182999"}],"wp:featuredmedia":[{"embeddable":true,"href":"https:\/\/bigbuy.tupique.com\/en\/wp-json\/wp\/v2\/media\/185067"}],"wp:attachment":[{"href":"https:\/\/bigbuy.tupique.com\/en\/wp-json\/wp\/v2\/media?parent=182999"}],"wp:term":[{"taxonomy":"product_brand","embeddable":true,"href":"https:\/\/bigbuy.tupique.com\/en\/wp-json\/wp\/v2\/product_brand?post=182999"},{"taxonomy":"product_cat","embeddable":true,"href":"https:\/\/bigbuy.tupique.com\/en\/wp-json\/wp\/v2\/product_cat?post=182999"},{"taxonomy":"product_tag","embeddable":true,"href":"https:\/\/bigbuy.tupique.com\/en\/wp-json\/wp\/v2\/product_tag?post=182999"}],"curies":[{"name":"wp","href":"https:\/\/api.w.org\/{rel}","templated":true}]}}