{"id":182664,"date":"2026-04-14T12:54:08","date_gmt":"2026-04-14T11:54:08","guid":{"rendered":"https:\/\/bigbuy.tupique.com\/produto\/server-hpe-p85574-425-32-gb-ram\/"},"modified":"2026-04-15T06:25:43","modified_gmt":"2026-04-15T05:25:43","slug":"server-hpe-p85574-425-32-gb-ram","status":"publish","type":"product","link":"https:\/\/bigbuy.tupique.com\/en\/produto\/server-hpe-p85574-425-32-gb-ram\/","title":{"rendered":"Serveur HPE P85574-425 32 GB RAM"},"content":{"rendered":"<p>Si vous \u00eates \u00e0 la recherche de nouvelles tendances sur le march\u00e9, nous vous pr\u00e9sentons <b>Serveur HPE P85574-425 32 GB RAM<\/b> !<\/p>\n<ul>\n<li>Type: Serveur<\/li>\n<li>Produit \u00e0 brancher: Oui<\/li>\n<li>Bloc d\u2019Alimentation:\n<ul>\n<li>r\u00e9seau \u00e9lectrique<\/li>\n<li>800 W<\/li>\n<li>800 V<\/li>\n<\/ul>\n<\/li>\n<li>Connexions:\n<ul>\n<li>Ethernet LAN<\/li>\n<li>RJ45<\/li>\n<li>PCI Express 4.0<\/li>\n<\/ul>\n<\/li>\n<li>M\u00e9moire RAM: 32 GB RAM<\/li>\n<li>Type de m\u00e9moire: DDR5 SDRAM<\/li>\n<li>Interface: Gigabit Ethernet<\/li>\n<li>Connectivit\u00e9: Ethernet LAN<\/li>\n<li>Fr\u00e9quence: 3,1 GHz<\/li>\n<li>Noyaux: 6 Noyaux<\/li>\n<li>Famille de processeurs:\n<ul>\n<li>Intel Xeon<\/li>\n<li>Intel<\/li>\n<\/ul>\n<\/li>\n<\/ul>","protected":false},"excerpt":{"rendered":"<p>Si vous \u00eates \u00e0 la recherche de nouvelles tendances sur le march\u00e9, nous vous pr\u00e9sentons Serveur HPE P85574-425 32 GB RAM ! Type: Serveur Produit \u00e0 brancher: Oui Bloc d\u2019Alimentation: r\u00e9seau \u00e9lectrique 800 W 800 V Connexions: Ethernet LAN RJ45 PCI Express 4.0 M\u00e9moire RAM: 32 GB RAM Type de m\u00e9moire: DDR5 SDRAM Interface: Gigabit [&hellip;]<\/p>\n","protected":false},"featured_media":182656,"comment_status":"open","ping_status":"closed","template":"","meta":[],"product_brand":[644],"product_cat":[65,958,959],"product_tag":[106],"class_list":{"0":"post-182664","1":"product","2":"type-product","3":"status-publish","4":"has-post-thumbnail","6":"product_brand-brandp_662","7":"product_cat-informatique-electronique","8":"product_cat-informatique-ordinateurs","9":"product_cat-serveurs","10":"product_tag-tag_1295","12":"first","13":"instock","14":"taxable","15":"shipping-taxable","16":"purchasable","17":"product-type-simple"},"_links":{"self":[{"href":"https:\/\/bigbuy.tupique.com\/en\/wp-json\/wp\/v2\/product\/182664","targetHints":{"allow":["GET"]}}],"collection":[{"href":"https:\/\/bigbuy.tupique.com\/en\/wp-json\/wp\/v2\/product"}],"about":[{"href":"https:\/\/bigbuy.tupique.com\/en\/wp-json\/wp\/v2\/types\/product"}],"replies":[{"embeddable":true,"href":"https:\/\/bigbuy.tupique.com\/en\/wp-json\/wp\/v2\/comments?post=182664"}],"wp:featuredmedia":[{"embeddable":true,"href":"https:\/\/bigbuy.tupique.com\/en\/wp-json\/wp\/v2\/media\/182656"}],"wp:attachment":[{"href":"https:\/\/bigbuy.tupique.com\/en\/wp-json\/wp\/v2\/media?parent=182664"}],"wp:term":[{"taxonomy":"product_brand","embeddable":true,"href":"https:\/\/bigbuy.tupique.com\/en\/wp-json\/wp\/v2\/product_brand?post=182664"},{"taxonomy":"product_cat","embeddable":true,"href":"https:\/\/bigbuy.tupique.com\/en\/wp-json\/wp\/v2\/product_cat?post=182664"},{"taxonomy":"product_tag","embeddable":true,"href":"https:\/\/bigbuy.tupique.com\/en\/wp-json\/wp\/v2\/product_tag?post=182664"}],"curies":[{"name":"wp","href":"https:\/\/api.w.org\/{rel}","templated":true}]}}