{"id":182655,"date":"2026-04-14T12:53:44","date_gmt":"2026-04-14T11:53:44","guid":{"rendered":"https:\/\/bigbuy.tupique.com\/produto\/console-axis-02709-001\/"},"modified":"2026-04-15T03:32:29","modified_gmt":"2026-04-15T02:32:29","slug":"console-axis-02709-001","status":"publish","type":"product","link":"https:\/\/bigbuy.tupique.com\/en\/produto\/console-axis-02709-001\/","title":{"rendered":"Console Axis 02709-001"},"content":{"rendered":"<p>Si vous \u00eates passionn\u00e9 d&#8217;<b>informatique et d&#8217;\u00e9lectronique<\/b>, si vous \u00eates \u00e0 la pointe de la technologie et qu&#8217;aucun d\u00e9tail ne vous \u00e9chappe, achetez <b>Console Axis 02709-001<\/b> au meilleur prix.<\/p>\n<ul>\n<li>Type:\n<ul>\n<li>C\u00e2ble r\u00e9seau<\/li>\n<li>Console<\/li>\n<\/ul>\n<\/li>\n<\/ul>","protected":false},"excerpt":{"rendered":"<p>Si vous \u00eates passionn\u00e9 d&#8217;informatique et d&#8217;\u00e9lectronique, si vous \u00eates \u00e0 la pointe de la technologie et qu&#8217;aucun d\u00e9tail ne vous \u00e9chappe, achetez Console Axis 02709-001 au meilleur prix. Type: C\u00e2ble r\u00e9seau Console<\/p>","protected":false},"featured_media":182654,"comment_status":"open","ping_status":"closed","template":"","meta":[],"product_brand":[645],"product_cat":[596,589,65],"product_tag":[],"class_list":{"0":"post-182655","1":"product","2":"type-product","3":"status-publish","4":"has-post-thumbnail","6":"product_brand-brandp_4776","7":"product_cat-cables-audio-et-video","8":"product_cat-electronique-television","9":"product_cat-informatique-electronique","11":"first","12":"instock","13":"taxable","14":"shipping-taxable","15":"purchasable","16":"product-type-simple"},"_links":{"self":[{"href":"https:\/\/bigbuy.tupique.com\/en\/wp-json\/wp\/v2\/product\/182655","targetHints":{"allow":["GET"]}}],"collection":[{"href":"https:\/\/bigbuy.tupique.com\/en\/wp-json\/wp\/v2\/product"}],"about":[{"href":"https:\/\/bigbuy.tupique.com\/en\/wp-json\/wp\/v2\/types\/product"}],"replies":[{"embeddable":true,"href":"https:\/\/bigbuy.tupique.com\/en\/wp-json\/wp\/v2\/comments?post=182655"}],"wp:featuredmedia":[{"embeddable":true,"href":"https:\/\/bigbuy.tupique.com\/en\/wp-json\/wp\/v2\/media\/182654"}],"wp:attachment":[{"href":"https:\/\/bigbuy.tupique.com\/en\/wp-json\/wp\/v2\/media?parent=182655"}],"wp:term":[{"taxonomy":"product_brand","embeddable":true,"href":"https:\/\/bigbuy.tupique.com\/en\/wp-json\/wp\/v2\/product_brand?post=182655"},{"taxonomy":"product_cat","embeddable":true,"href":"https:\/\/bigbuy.tupique.com\/en\/wp-json\/wp\/v2\/product_cat?post=182655"},{"taxonomy":"product_tag","embeddable":true,"href":"https:\/\/bigbuy.tupique.com\/en\/wp-json\/wp\/v2\/product_tag?post=182655"}],"curies":[{"name":"wp","href":"https:\/\/api.w.org\/{rel}","templated":true}]}}