{"id":182139,"date":"2026-04-14T10:58:07","date_gmt":"2026-04-14T09:58:07","guid":{"rendered":"https:\/\/bigbuy.tupique.com\/produto\/monitor-hp-9d9v7aaabb-full-hd-238\/"},"modified":"2026-04-15T03:34:36","modified_gmt":"2026-04-15T02:34:36","slug":"monitor-hp-9d9v7aaabb-full-hd-238","status":"publish","type":"product","link":"https:\/\/bigbuy.tupique.com\/en\/produto\/monitor-hp-9d9v7aaabb-full-hd-238\/","title":{"rendered":"\u00c9cran HP 9D9V7AA#ABB Full HD 23,8&#8243;"},"content":{"rendered":"<p>Si vous \u00eates \u00e0 la recherche de nouvelles tendances sur le march\u00e9, nous vous pr\u00e9sentons <b>\u00c9cran HP 9D9V7AA#ABB Full HD 23,8&#8243;<\/b> !<\/p>\n<p>Le <b>moniteur<\/b> <b>HP 524pu Pro G5<\/b> offre une solution visuelle professionnelle con\u00e7ue pour les environnements de travail exigeant qualit\u00e9 et ergonomie. Il dispose d\u2019un <b>\u00e9cran de 23,8 pouces<\/b> avec technologie <b>IPS<\/b> garantissant de larges angles de vision et une reproduction des couleurs uniforme et r\u00e9aliste, id\u00e9al pour les t\u00e2ches n\u00e9cessitant une pr\u00e9cision chromatique. Son panneau <b>LCD<\/b> propose une r\u00e9solution <b>Full HD<\/b>, fournissant des images nettes et d\u00e9taill\u00e9es pour un confort visuel lors de longues sessions. La technologie <b>Flicker Free<\/b> r\u00e9duit le scintillement de l\u2019\u00e9cran, diminuant la fatigue oculaire et favorisant une utilisation prolong\u00e9e sans g\u00eane. Le design en <b>noir<\/b> s\u2019adapte \u00e0 tout bureau professionnel, tandis que son <b>temps de r\u00e9ponse de 5 ms<\/b> assure des transitions fluides, utiles pour g\u00e9rer graphiques ou vid\u00e9os en douceur. Avec plusieurs options de connectivit\u00e9, il int\u00e8gre des ports <b>HDMI, DisplayPort, USB-A et USB-C<\/b>, facilitant la connexion \u00e0 divers appareils modernes sans adaptateurs suppl\u00e9mentaires. De plus, son support r\u00e9glable en hauteur apporte un plus d\u2019ergonomie, permettant d\u2019ajuster la position du moniteur pour une posture saine. Le HP 524pu Pro G5 est con\u00e7u pour offrir fiabilit\u00e9 et qualit\u00e9 visuelle aux professionnels, s\u2019int\u00e9grant facilement dans les environnements de bureau et stations de travail technologiques exigeants.<\/p>\n<ul>\n<li>Diagonale de l&#8217;\u00e9cran (cm): 60,5 cm<\/li>\n<li>Type:\n<ul>\n<li>\u00c9cran<\/li>\n<li>Axe<\/li>\n<\/ul>\n<\/li>\n<li>Produit \u00e0 brancher: Oui<\/li>\n<li>Type de prise: Prise EU<\/li>\n<li>Bloc d\u2019Alimentation:\n<ul>\n<li>r\u00e9seau \u00e9lectrique<\/li>\n<li>Cordon d&#8217;alimentation CA<\/li>\n<\/ul>\n<\/li>\n<li>Couleur: Noir<\/li>\n<li>Temps de r\u00e9ponse: 5 ms<\/li>\n<li>VESA: 10 x 10 cm<\/li>\n<li>Brille:\n<ul>\n<li>350 cd\/m\u00b2<\/li>\n<li>350 lm ANSI<\/li>\n<\/ul>\n<\/li>\n<li>Tension:\n<ul>\n<li>100-240 V<\/li>\n<li>100 &#8211; 240 V<\/li>\n<\/ul>\n<\/li>\n<li>Ecran: 23,8&#8243;<\/li>\n<li>Classification \u00e9nerg\u00e9tique: D<\/li>\n<li>R\u00e9solution:\n<ul>\n<li>Full HD<\/li>\n<li>LCD<\/li>\n<\/ul>\n<\/li>\n<li>Rapport d&#8217;aspect: 16:9<\/li>\n<li>Connexions:\n<ul>\n<li>HDMI<\/li>\n<li>USB<\/li>\n<li>DisplayPort<\/li>\n<li>HDMI 2.0<\/li>\n<li>Ethernet LAN<\/li>\n<li>USB-C<\/li>\n<li>HDCP<\/li>\n<li>USB A x 3<\/li>\n<li>DisplayPort 1.4<\/li>\n<li>DisplayPort x 1<\/li>\n<\/ul>\n<\/li>\n<li>Caract\u00e9ristiques:\n<ul>\n<li>Plaque Tournante<\/li>\n<li>R\u00e9glable<\/li>\n<li>Inclinaison r\u00e9glable<\/li>\n<li>D\u00e9montable<\/li>\n<li>Guide d&#8217;installation inclus<\/li>\n<li>Chargement rapide et fiable<\/li>\n<li>\u00c9cran plat<\/li>\n<\/ul>\n<\/li>\n<li>R\u00e9solution (px): 1920 x 1080 px<\/li>\n<li>Technologie:\n<ul>\n<li>IPS<\/li>\n<li>LCD<\/li>\n<li>LED<\/li>\n<li>Flicker free<\/li>\n<\/ul>\n<\/li>\n<li>Fr\u00e9quence:\n<ul>\n<li>100 Hz<\/li>\n<li>50 &#8211; 60 Hz<\/li>\n<\/ul>\n<\/li>\n<li>Format: 16:9<\/li>\n<li>puissance: 100 W<\/li>\n<li>Finition: Mat<\/li>\n<li>Inclinaison: -90 \/ 90\u00b0<\/li>\n<li>Connectivit\u00e9: Ethernet LAN<\/li>\n<li>Fr\u00e9quence d&#8217;entr\u00e9e AC: 50-60 Hz<\/li>\n<li>Ecran tactile: Non<\/li>\n<li>Flux lumineux: 350 lm<\/li>\n<li>Angle: 178\u00ba<\/li>\n<li>consommation d&#8217;\u00e9nergie: 22 kWh<\/li>\n<li>Connecteurs: Kensington<\/li>\n<li>Non Inclus: AMD FreeSync<\/li>\n<li>Montage: VESA<\/li>\n<li>Certificat: Certification ENERGY STAR<\/li>\n<li>Couverture: 100% sRGB<\/li>\n<li>Rotation: -45\u00ba \/ 45\u00b0<\/li>\n<li>Utilisation recommand\u00e9e: Professionnel<\/li>\n<li>Densit\u00e9 des pixels (dpi): 93 dpi<\/li>\n<\/ul>","protected":false},"excerpt":{"rendered":"<p>Si vous \u00eates \u00e0 la recherche de nouvelles tendances sur le march\u00e9, nous vous pr\u00e9sentons \u00c9cran HP 9D9V7AA#ABB Full HD 23,8&#8243; ! Le moniteur HP 524pu Pro G5 offre une solution visuelle professionnelle con\u00e7ue pour les environnements de travail exigeant qualit\u00e9 et ergonomie. Il dispose d\u2019un \u00e9cran de 23,8 pouces avec technologie IPS garantissant de [&hellip;]<\/p>\n","protected":false},"featured_media":182132,"comment_status":"open","ping_status":"closed","template":"","meta":[],"product_brand":[630],"product_cat":[65,581,616],"product_tag":[213,106],"class_list":{"0":"post-182139","1":"product","2":"type-product","3":"status-publish","4":"has-post-thumbnail","6":"product_brand-brandp_909","7":"product_cat-informatique-electronique","8":"product_cat-informatique-peripheriques-et-consommables","9":"product_cat-moniteurs","10":"product_tag-tag_933","11":"product_tag-tag_1295","13":"first","14":"instock","15":"taxable","16":"shipping-taxable","17":"purchasable","18":"product-type-simple"},"_links":{"self":[{"href":"https:\/\/bigbuy.tupique.com\/en\/wp-json\/wp\/v2\/product\/182139","targetHints":{"allow":["GET"]}}],"collection":[{"href":"https:\/\/bigbuy.tupique.com\/en\/wp-json\/wp\/v2\/product"}],"about":[{"href":"https:\/\/bigbuy.tupique.com\/en\/wp-json\/wp\/v2\/types\/product"}],"replies":[{"embeddable":true,"href":"https:\/\/bigbuy.tupique.com\/en\/wp-json\/wp\/v2\/comments?post=182139"}],"wp:featuredmedia":[{"embeddable":true,"href":"https:\/\/bigbuy.tupique.com\/en\/wp-json\/wp\/v2\/media\/182132"}],"wp:attachment":[{"href":"https:\/\/bigbuy.tupique.com\/en\/wp-json\/wp\/v2\/media?parent=182139"}],"wp:term":[{"taxonomy":"product_brand","embeddable":true,"href":"https:\/\/bigbuy.tupique.com\/en\/wp-json\/wp\/v2\/product_brand?post=182139"},{"taxonomy":"product_cat","embeddable":true,"href":"https:\/\/bigbuy.tupique.com\/en\/wp-json\/wp\/v2\/product_cat?post=182139"},{"taxonomy":"product_tag","embeddable":true,"href":"https:\/\/bigbuy.tupique.com\/en\/wp-json\/wp\/v2\/product_tag?post=182139"}],"curies":[{"name":"wp","href":"https:\/\/api.w.org\/{rel}","templated":true}]}}