{"id":18165,"date":"2026-03-29T15:07:37","date_gmt":"2026-03-29T14:07:37","guid":{"rendered":"https:\/\/bigbuy.tupique.com\/produto\/original-ink-cartridge-hp-w2123a-magenta\/"},"modified":"2026-05-11T19:58:52","modified_gmt":"2026-05-11T17:58:52","slug":"original-ink-cartridge-hp-w2123a-magenta","status":"publish","type":"product","link":"https:\/\/bigbuy.tupique.com\/en\/produto\/original-ink-cartridge-hp-w2123a-magenta\/","title":{"rendered":"Cartouche d&#8217;encre originale HP W2123A Magenta"},"content":{"rendered":"<p>Si vous \u00eates passionn\u00e9 d&#8217;<b>informatique et d&#8217;\u00e9lectronique<\/b>, si vous \u00eates \u00e0 la pointe de la technologie et qu&#8217;aucun d\u00e9tail ne vous \u00e9chappe, achetez <b>Cartouche d&#8217;encre originale HP W2123A Magenta<\/b> au meilleur prix.<\/p>\n<p>Le <b>Toner Original HP 212A Magenta<\/b> est sp\u00e9cialement con\u00e7u pour offrir des performances optimales sur les imprimantes professionnelles, garantissant une qualit\u00e9 d\u2019impression sup\u00e9rieure et des r\u00e9sultats fiables \u00e0 chaque utilisation. Compatible avec les mod\u00e8les <b>HP Color LaserJet Enterprise M554dn<\/b>, <b>M555dn<\/b> et <b>M555x<\/b>, cette cartouche assure l\u2019int\u00e9grit\u00e9 et la pr\u00e9cision lors de l\u2019impression de documents et de graphiques couleur, id\u00e9ale aussi bien pour les entreprises que pour les bureaux exigeant des images nettes et des couleurs \u00e9clatantes sur supports <b>A4<\/b>. Fabriqu\u00e9 selon des normes de qualit\u00e9 strictes en <b>Espagne<\/b> et au <b>Japon<\/b>, ce toner <b>original<\/b> utilise la technologie d\u00e9velopp\u00e9e par HP pour une int\u00e9gration parfaite avec les appareils de la marque, maximisant la dur\u00e9e de vie de l\u2019imprimante et r\u00e9duisant les incidents potentiels. Sa formulation sp\u00e9cifique en <b>magenta<\/b> garantit des couleurs constantes et une grande pr\u00e9cision, apportant dynamisme et professionnalisme \u00e0 tous vos documents couleur. De plus, la technologie originale HP int\u00e8gre des syst\u00e8mes de s\u00e9curit\u00e9 pour prot\u00e9ger \u00e0 la fois la cartouche et l\u2019imprimante contre toute manipulation ou fraude, assurant ainsi fiabilit\u00e9 et s\u00e9r\u00e9nit\u00e9 au quotidien. Dans le cadre de l\u2019engagement environnemental de HP, ce consommable est con\u00e7u pour faciliter le recyclage et r\u00e9duire les d\u00e9chets, favorisant une gestion responsable au sein du bureau moderne. Le toner HP 212A Magenta est une solution efficace et fiable pour ceux qui recherchent des r\u00e9sultats exceptionnels et la protection de leurs \u00e9quipements \u00e0 chaque impression.<\/p>\n<ul>\n<li>Type:\n<ul>\n<li>Cartouche d&#8217;encre originale<\/li>\n<li>Original<\/li>\n<\/ul>\n<\/li>\n<li>Compatible: HP<\/li>\n<li>Couleur: Magenta<\/li>\n<li>Largeur: 55 mm<\/li>\n<li>Technologie: Laser<\/li>\n<li>Unit\u00e9s: 1 Unit\u00e9<\/li>\n<li>Capacit\u00e9: 4500 Pages<\/li>\n<li>Pays \/ r\u00e9gion de fabrication: Japon<\/li>\n<li>Temp\u00e9rature approximative: -20\u00ba \/ 40\u00ba<\/li>\n<li>Caract\u00e9ristiques: Original<\/li>\n<\/ul>","protected":false},"excerpt":{"rendered":"<p><span class=\"unit-info\">282.9900 &euro; \/ 1 unit<\/span><\/p>","protected":false},"featured_media":18164,"comment_status":"open","ping_status":"closed","template":"","meta":[],"product_brand":[630],"product_cat":[595,65,581],"product_tag":[213,106],"class_list":{"0":"post-18165","1":"product","2":"type-product","3":"status-publish","4":"has-post-thumbnail","6":"product_brand-brandp_909","7":"product_cat-cartouches-d-encre-originale","8":"product_cat-informatique-electronique","9":"product_cat-informatique-peripheriques-et-consommables","10":"product_tag-tag_933","11":"product_tag-tag_1295","13":"first","14":"instock","15":"taxable","16":"shipping-taxable","17":"purchasable","18":"product-type-simple"},"_links":{"self":[{"href":"https:\/\/bigbuy.tupique.com\/en\/wp-json\/wp\/v2\/product\/18165","targetHints":{"allow":["GET"]}}],"collection":[{"href":"https:\/\/bigbuy.tupique.com\/en\/wp-json\/wp\/v2\/product"}],"about":[{"href":"https:\/\/bigbuy.tupique.com\/en\/wp-json\/wp\/v2\/types\/product"}],"replies":[{"embeddable":true,"href":"https:\/\/bigbuy.tupique.com\/en\/wp-json\/wp\/v2\/comments?post=18165"}],"wp:featuredmedia":[{"embeddable":true,"href":"https:\/\/bigbuy.tupique.com\/en\/wp-json\/wp\/v2\/media\/18164"}],"wp:attachment":[{"href":"https:\/\/bigbuy.tupique.com\/en\/wp-json\/wp\/v2\/media?parent=18165"}],"wp:term":[{"taxonomy":"product_brand","embeddable":true,"href":"https:\/\/bigbuy.tupique.com\/en\/wp-json\/wp\/v2\/product_brand?post=18165"},{"taxonomy":"product_cat","embeddable":true,"href":"https:\/\/bigbuy.tupique.com\/en\/wp-json\/wp\/v2\/product_cat?post=18165"},{"taxonomy":"product_tag","embeddable":true,"href":"https:\/\/bigbuy.tupique.com\/en\/wp-json\/wp\/v2\/product_tag?post=18165"}],"curies":[{"name":"wp","href":"https:\/\/api.w.org\/{rel}","templated":true}]}}