{"id":18129,"date":"2026-03-29T15:06:46","date_gmt":"2026-03-29T14:06:46","guid":{"rendered":"https:\/\/bigbuy.tupique.com\/produto\/kvm-switch-startech-c2-dh46-ua2-cbl-kvm-15-m\/"},"modified":"2026-04-15T00:50:11","modified_gmt":"2026-04-14T23:50:11","slug":"kvm-switch-startech-c2-dh46-ua2-cbl-kvm-15-m","status":"publish","type":"product","link":"https:\/\/bigbuy.tupique.com\/en\/produto\/kvm-switch-startech-c2-dh46-ua2-cbl-kvm-15-m\/","title":{"rendered":"Switch KVM Startech C2-DH46-UA2-CBL-KVM 1,5 m"},"content":{"rendered":"<p>Si vous \u00eates passionn\u00e9 d&#8217;<b>informatique et d&#8217;\u00e9lectronique<\/b>, si vous \u00eates \u00e0 la pointe de la technologie et qu&#8217;aucun d\u00e9tail ne vous \u00e9chappe, achetez <b>Switch KVM Startech C2-DH46-UA2-CBL-KVM 1,5 m<\/b> au meilleur prix.<\/p>\n<ul>\n<li>Couleur: Noir<\/li>\n<li>Connexions:\n<ul>\n<li>HDMI<\/li>\n<li>USB<\/li>\n<li>HDMI 2.1 x 1<\/li>\n<\/ul>\n<\/li>\n<li>R\u00e9solution: 4K Ultra HD<\/li>\n<li>Bloc d\u2019Alimentation:\n<ul>\n<li>USB<\/li>\n<li>C\u00e2ble USB<\/li>\n<\/ul>\n<\/li>\n<li>Caract\u00e9ristiques:\n<ul>\n<li>Guide d&#8217;installation inclus<\/li>\n<li>T\u00e9moin de fonctionnement LED<\/li>\n<li>Bouton<\/li>\n<\/ul>\n<\/li>\n<li>Quantit\u00e9: 12<\/li>\n<li>Mat\u00e9riel: Acrylonitrile-Butadi\u00e8ne-Styr\u00e8ne (ABS)<\/li>\n<li>Longueur du c\u00e2ble: 1,5 m<\/li>\n<li>Certificat: RoHS<\/li>\n<li>\u00c9cran integr\u00e9: Non<\/li>\n<li>Pr\u00e9cision (humidit\u00e9 relative): 0 % &#8211; 90 %<\/li>\n<\/ul>","protected":false},"excerpt":{"rendered":"<p>Si vous \u00eates passionn\u00e9 d&#8217;informatique et d&#8217;\u00e9lectronique, si vous \u00eates \u00e0 la pointe de la technologie et qu&#8217;aucun d\u00e9tail ne vous \u00e9chappe, achetez Switch KVM Startech C2-DH46-UA2-CBL-KVM 1,5 m au meilleur prix. Couleur: Noir Connexions: HDMI USB HDMI 2.1 x 1 R\u00e9solution: 4K Ultra HD Bloc d\u2019Alimentation: USB C\u00e2ble USB Caract\u00e9ristiques: Guide d&#8217;installation inclus T\u00e9moin [&hellip;]<\/p>\n","protected":false},"featured_media":18122,"comment_status":"open","ping_status":"closed","template":"","meta":[],"product_brand":[634],"product_cat":[598,65,608],"product_tag":[106],"class_list":{"0":"post-18129","1":"product","2":"type-product","3":"status-publish","4":"has-post-thumbnail","6":"product_brand-brandp_4771","7":"product_cat-informatique-cables-et-adaptateurs","8":"product_cat-informatique-electronique","9":"product_cat-switch-kvm","10":"product_tag-tag_1295","12":"first","13":"instock","14":"taxable","15":"shipping-taxable","16":"purchasable","17":"product-type-simple"},"_links":{"self":[{"href":"https:\/\/bigbuy.tupique.com\/en\/wp-json\/wp\/v2\/product\/18129","targetHints":{"allow":["GET"]}}],"collection":[{"href":"https:\/\/bigbuy.tupique.com\/en\/wp-json\/wp\/v2\/product"}],"about":[{"href":"https:\/\/bigbuy.tupique.com\/en\/wp-json\/wp\/v2\/types\/product"}],"replies":[{"embeddable":true,"href":"https:\/\/bigbuy.tupique.com\/en\/wp-json\/wp\/v2\/comments?post=18129"}],"wp:featuredmedia":[{"embeddable":true,"href":"https:\/\/bigbuy.tupique.com\/en\/wp-json\/wp\/v2\/media\/18122"}],"wp:attachment":[{"href":"https:\/\/bigbuy.tupique.com\/en\/wp-json\/wp\/v2\/media?parent=18129"}],"wp:term":[{"taxonomy":"product_brand","embeddable":true,"href":"https:\/\/bigbuy.tupique.com\/en\/wp-json\/wp\/v2\/product_brand?post=18129"},{"taxonomy":"product_cat","embeddable":true,"href":"https:\/\/bigbuy.tupique.com\/en\/wp-json\/wp\/v2\/product_cat?post=18129"},{"taxonomy":"product_tag","embeddable":true,"href":"https:\/\/bigbuy.tupique.com\/en\/wp-json\/wp\/v2\/product_tag?post=18129"}],"curies":[{"name":"wp","href":"https:\/\/api.w.org\/{rel}","templated":true}]}}