{"id":18079,"date":"2026-03-29T15:05:41","date_gmt":"2026-03-29T14:05:41","guid":{"rendered":"https:\/\/bigbuy.tupique.com\/produto\/stabiliser-for-support-axis-m5074\/"},"modified":"2026-04-15T00:50:01","modified_gmt":"2026-04-14T23:50:01","slug":"stabiliser-for-support-axis-m5074","status":"publish","type":"product","link":"https:\/\/bigbuy.tupique.com\/en\/produto\/stabiliser-for-support-axis-m5074\/","title":{"rendered":"Stabilisateur de soutien Axis M5074"},"content":{"rendered":"<p>Si vous \u00eates passionn\u00e9 d&#8217;<b>informatique et d&#8217;\u00e9lectronique<\/b>, si vous \u00eates \u00e0 la pointe de la technologie et qu&#8217;aucun d\u00e9tail ne vous \u00e9chappe, achetez <b>Stabilisateur de soutien Axis M5074<\/b> au meilleur prix.<\/p>\n<ul>\n<li>Type:\n<ul>\n<li>Avec fil<\/li>\n<li>Stabilisateur de soutien<\/li>\n<li>Cam\u00e9ra de s\u00e9curit\u00e9 IP<\/li>\n<\/ul>\n<\/li>\n<li>Connexions: Ethernet LAN<\/li>\n<li>Couleur:\n<ul>\n<li>Blanc<\/li>\n<li>Noir<\/li>\n<\/ul>\n<\/li>\n<li>Caract\u00e9ristiques:\n<ul>\n<li>Usage en int\u00e9rieur<\/li>\n<li>Contr\u00f4le de l&#8217;inclinaison<\/li>\n<li>Microphone int\u00e9gr\u00e9<\/li>\n<li>Lecteur de Cartes<\/li>\n<li>Protection des donn\u00e9es\/mot de passe<\/li>\n<\/ul>\n<\/li>\n<li>Mati\u00e8re: Plastique<\/li>\n<li>Nombre de cam\u00e9ras: 1<\/li>\n<li>Inclut:\n<ul>\n<li>Kit de Montage<\/li>\n<li>Manuel de l&#8217;utilisateur<\/li>\n<\/ul>\n<\/li>\n<li>Technologie: HDD<\/li>\n<li>Non inclut:\n<ul>\n<li>Wi-Fi<\/li>\n<li>Bluetooth<\/li>\n<\/ul>\n<\/li>\n<li>Plage d&#8217;humidit\u00e9 de travail: 10 % &#8211; 90 %<\/li>\n<li>Paire de lunettes: x1<\/li>\n<li>R\u00e9solution (px):\n<ul>\n<li>720 px<\/li>\n<li>1280 x 720 px<\/li>\n<\/ul>\n<\/li>\n<\/ul>","protected":false},"excerpt":{"rendered":"<p>Si vous \u00eates passionn\u00e9 d&#8217;informatique et d&#8217;\u00e9lectronique, si vous \u00eates \u00e0 la pointe de la technologie et qu&#8217;aucun d\u00e9tail ne vous \u00e9chappe, achetez Stabilisateur de soutien Axis M5074 au meilleur prix. Type: Avec fil Stabilisateur de soutien Cam\u00e9ra de s\u00e9curit\u00e9 IP Connexions: Ethernet LAN Couleur: Blanc Noir Caract\u00e9ristiques: Usage en int\u00e9rieur Contr\u00f4le de l&#8217;inclinaison Microphone [&hellip;]<\/p>\n","protected":false},"featured_media":18077,"comment_status":"open","ping_status":"closed","template":"","meta":[],"product_brand":[645],"product_cat":[601,600,65],"product_tag":[571,210],"class_list":{"0":"post-18079","1":"product","2":"type-product","3":"status-publish","4":"has-post-thumbnail","6":"product_brand-brandp_4776","7":"product_cat-accessoires-pour-appareils-photo-et-camescopes","8":"product_cat-electronique-photo-et-video","9":"product_cat-informatique-electronique","10":"product_tag-tag_27","11":"product_tag-tag_25","13":"first","14":"instock","15":"taxable","16":"shipping-taxable","17":"purchasable","18":"product-type-simple"},"_links":{"self":[{"href":"https:\/\/bigbuy.tupique.com\/en\/wp-json\/wp\/v2\/product\/18079","targetHints":{"allow":["GET"]}}],"collection":[{"href":"https:\/\/bigbuy.tupique.com\/en\/wp-json\/wp\/v2\/product"}],"about":[{"href":"https:\/\/bigbuy.tupique.com\/en\/wp-json\/wp\/v2\/types\/product"}],"replies":[{"embeddable":true,"href":"https:\/\/bigbuy.tupique.com\/en\/wp-json\/wp\/v2\/comments?post=18079"}],"wp:featuredmedia":[{"embeddable":true,"href":"https:\/\/bigbuy.tupique.com\/en\/wp-json\/wp\/v2\/media\/18077"}],"wp:attachment":[{"href":"https:\/\/bigbuy.tupique.com\/en\/wp-json\/wp\/v2\/media?parent=18079"}],"wp:term":[{"taxonomy":"product_brand","embeddable":true,"href":"https:\/\/bigbuy.tupique.com\/en\/wp-json\/wp\/v2\/product_brand?post=18079"},{"taxonomy":"product_cat","embeddable":true,"href":"https:\/\/bigbuy.tupique.com\/en\/wp-json\/wp\/v2\/product_cat?post=18079"},{"taxonomy":"product_tag","embeddable":true,"href":"https:\/\/bigbuy.tupique.com\/en\/wp-json\/wp\/v2\/product_tag?post=18079"}],"curies":[{"name":"wp","href":"https:\/\/api.w.org\/{rel}","templated":true}]}}