{"id":18072,"date":"2026-03-29T15:05:33","date_gmt":"2026-03-29T14:05:33","guid":{"rendered":"https:\/\/bigbuy.tupique.com\/produto\/surveillance-camcorder-axis-m3116-lve\/"},"modified":"2026-04-15T00:50:00","modified_gmt":"2026-04-14T23:50:00","slug":"surveillance-camcorder-axis-m3116-lve","status":"publish","type":"product","link":"https:\/\/bigbuy.tupique.com\/en\/produto\/surveillance-camcorder-axis-m3116-lve\/","title":{"rendered":"Camescope de surveillance Axis M3116-LVE"},"content":{"rendered":"<p>Si vous \u00eates passionn\u00e9 d&#8217;<b>informatique et d&#8217;\u00e9lectronique<\/b>, si vous \u00eates \u00e0 la pointe de la technologie et qu&#8217;aucun d\u00e9tail ne vous \u00e9chappe, achetez <b>Camescope de surveillance Axis M3116-LVE<\/b> au meilleur prix.<\/p>\n<ul>\n<li>Type:\n<ul>\n<li>Avec fil<\/li>\n<li>Cam\u00e9scope<\/li>\n<li>Cam\u00e9ra de s\u00e9curit\u00e9 IP<\/li>\n<\/ul>\n<\/li>\n<li>Connexions:\n<ul>\n<li>Ethernet LAN<\/li>\n<li>RJ45<\/li>\n<\/ul>\n<\/li>\n<li>Fonctions: Vision nocturne<\/li>\n<li>Couleur: Blanc<\/li>\n<li>Cam\u00e9ra\/Appareil Photo: 4 Mp<\/li>\n<li>Cartes M\u00e9moire Compatibles: MicroSD (TransFlash),MicroSDHC,MicroSDXC<\/li>\n<li>Capteur: CMOS<\/li>\n<li>Nombre de cam\u00e9ras: 1<\/li>\n<li>Vision nocturne: Oui<\/li>\n<li>Mati\u00e8re: M\u00e9tal<\/li>\n<li>Caract\u00e9ristiques:\n<ul>\n<li>Contr\u00f4le de l&#8217;inclinaison<\/li>\n<li>Lecteur de Cartes<\/li>\n<li>Protection des donn\u00e9es\/mot de passe<\/li>\n<\/ul>\n<\/li>\n<li>Bloc d\u2019Alimentation: C\u00e2ble \u00e9lectrique<\/li>\n<li>Cha\u00eenes: 4<\/li>\n<li>Interface: Gigabit Ethernet<\/li>\n<li>Classification IP: IP66<\/li>\n<li>Technologie: HDD<\/li>\n<li>R\u00e9solution vid\u00e9o: 1080 px<\/li>\n<li>Non inclut:\n<ul>\n<li>Wi-Fi<\/li>\n<li>Bluetooth<\/li>\n<\/ul>\n<\/li>\n<li>Poids approx.: 390 g<\/li>\n<li>Paire de lunettes: x1<\/li>\n<li>Inclut: Manuel de l&#8217;utilisateur<\/li>\n<li>R\u00e9solution (px):\n<ul>\n<li>1080 px<\/li>\n<li>2688 x 1512 px<\/li>\n<\/ul>\n<\/li>\n<\/ul>","protected":false},"excerpt":{"rendered":"<p>Si vous \u00eates passionn\u00e9 d&#8217;informatique et d&#8217;\u00e9lectronique, si vous \u00eates \u00e0 la pointe de la technologie et qu&#8217;aucun d\u00e9tail ne vous \u00e9chappe, achetez Camescope de surveillance Axis M3116-LVE au meilleur prix. Type: Avec fil Cam\u00e9scope Cam\u00e9ra de s\u00e9curit\u00e9 IP Connexions: Ethernet LAN RJ45 Fonctions: Vision nocturne Couleur: Blanc Cam\u00e9ra\/Appareil Photo: 4 Mp Cartes M\u00e9moire Compatibles: [&hellip;]<\/p>\n","protected":false},"featured_media":18069,"comment_status":"open","ping_status":"closed","template":"","meta":[],"product_brand":[645],"product_cat":[580,239,579],"product_tag":[210],"class_list":{"0":"post-18072","1":"product","2":"type-product","3":"status-publish","4":"has-post-thumbnail","6":"product_brand-brandp_4776","7":"product_cat-cameras-de-surveillance-video","8":"product_cat-maison-jardin","9":"product_cat-securite-a-la-maison","10":"product_tag-tag_25","12":"first","13":"instock","14":"taxable","15":"shipping-taxable","16":"purchasable","17":"product-type-simple"},"_links":{"self":[{"href":"https:\/\/bigbuy.tupique.com\/en\/wp-json\/wp\/v2\/product\/18072","targetHints":{"allow":["GET"]}}],"collection":[{"href":"https:\/\/bigbuy.tupique.com\/en\/wp-json\/wp\/v2\/product"}],"about":[{"href":"https:\/\/bigbuy.tupique.com\/en\/wp-json\/wp\/v2\/types\/product"}],"replies":[{"embeddable":true,"href":"https:\/\/bigbuy.tupique.com\/en\/wp-json\/wp\/v2\/comments?post=18072"}],"wp:featuredmedia":[{"embeddable":true,"href":"https:\/\/bigbuy.tupique.com\/en\/wp-json\/wp\/v2\/media\/18069"}],"wp:attachment":[{"href":"https:\/\/bigbuy.tupique.com\/en\/wp-json\/wp\/v2\/media?parent=18072"}],"wp:term":[{"taxonomy":"product_brand","embeddable":true,"href":"https:\/\/bigbuy.tupique.com\/en\/wp-json\/wp\/v2\/product_brand?post=18072"},{"taxonomy":"product_cat","embeddable":true,"href":"https:\/\/bigbuy.tupique.com\/en\/wp-json\/wp\/v2\/product_cat?post=18072"},{"taxonomy":"product_tag","embeddable":true,"href":"https:\/\/bigbuy.tupique.com\/en\/wp-json\/wp\/v2\/product_tag?post=18072"}],"curies":[{"name":"wp","href":"https:\/\/api.w.org\/{rel}","templated":true}]}}