{"id":18022,"date":"2026-03-29T15:04:26","date_gmt":"2026-03-29T14:04:26","guid":{"rendered":"https:\/\/bigbuy.tupique.com\/produto\/raid-controller-axis-01964-003-10-100-1000-mbps-10-gbit-s\/"},"modified":"2026-04-16T20:36:22","modified_gmt":"2026-04-16T19:36:22","slug":"raid-controller-axis-01964-003-10-100-1000-mbps-10-gbit-s","status":"publish","type":"product","link":"https:\/\/bigbuy.tupique.com\/en\/produto\/raid-controller-axis-01964-003-10-100-1000-mbps-10-gbit-s\/","title":{"rendered":"Contr\u00f4leur RAID Axis 01964-003 10\/100\/1000 Mbps 10 Gbit\/s"},"content":{"rendered":"<p>Si vous \u00eates passionn\u00e9 d&#8217;<b>informatique et d&#8217;\u00e9lectronique<\/b>, si vous \u00eates \u00e0 la pointe de la technologie et qu&#8217;aucun d\u00e9tail ne vous \u00e9chappe, achetez <b>Contr\u00f4leur RAID Axis 01964-003 10\/100\/1000 Mbps 10 Gbit\/s<\/b> au meilleur prix.<\/p>\n<p>Le <b>contr\u00f4leur RAID AXIS 01964-003<\/b> est un <b>contr\u00f4leur de syst\u00e8me modulaire<\/b> con\u00e7u pour la gestion compl\u00e8te et flexible des solutions de s\u00e9curit\u00e9 portables. Ce contr\u00f4leur, qui sert de point central d\u2019int\u00e9gration et d\u2019administration, prend en charge jusqu\u2019\u00e0 cinq stations d\u2019accueil et peut g\u00e9rer jusqu\u2019\u00e0 <b>40 cam\u00e9ras<\/b>, avec possibilit\u00e9 d\u2019extension via des contr\u00f4leurs suppl\u00e9mentaires pour des installations plus vastes. Pr\u00e9sent\u00e9 en un \u00e9l\u00e9gant <b>coloris noir<\/b>, il offre une structure robuste avec une protection certifi\u00e9e IP3X contre l\u2019infiltration d\u2019objets solides. Il int\u00e8gre un stockage interne de type SSD d\u2019une capacit\u00e9 de <b>480 Go<\/b>, garantissant un acc\u00e8s rapide et s\u00e9curis\u00e9 aux donn\u00e9es. Sa connectivit\u00e9 comprend plusieurs interfaces, notamment <b>USB 2.0<\/b> et <b>Ethernet LAN<\/b> supportant des vitesses de transfert de <b>10\/100\/1000 Mbit\/s<\/b>, facilitant une int\u00e9gration efficace dans des r\u00e9seaux complexes et permettant une transmission fluide des informations. Il est con\u00e7u pour fonctionner avec une alimentation standard de <b>12 V<\/b>. En mati\u00e8re de s\u00e9curit\u00e9, il supporte des algorithmes avanc\u00e9s de chiffrement tels que <b>AES 256 bits<\/b> et est conforme \u00e0 la certification <b>FIPS 140-2<\/b>, tout en autorisant des connexions s\u00e9curis\u00e9es via HTTPS, garantissant une communication prot\u00e9g\u00e9e et fiable. Compatible avec plusieurs protocoles r\u00e9seau modernes, dont <b>IPv4, IPv6, USGv6, Bonjour, DNS, NTP, TCP, UDP, ICMP, DHCP et ARP<\/b>, il assure l\u2019interop\u00e9rabilit\u00e9 dans divers environnements technologiques. Ce contr\u00f4leur distant int\u00e8gre jusqu\u2019\u00e0 six connexions distinctes, optimisant la gestion et la surveillance \u00e0 distance. Son design vise \u00e0 offrir un syst\u00e8me flexible et tr\u00e8s \u00e9volutif, s\u2019adaptant aux besoins dynamiques des syst\u00e8mes avanc\u00e9s de surveillance corporelle. Dans l\u2019ensemble, l\u2019AXIS 01964-003 se positionne comme un \u00e9l\u00e9ment cl\u00e9 pour les professionnels recherchant contr\u00f4le, \u00e9volutivit\u00e9 et s\u00e9curit\u00e9 dans leurs solutions de surveillance int\u00e9gr\u00e9es.<\/p>\n<ul>\n<li>Type: T\u00e9l\u00e9commande<\/li>\n<li>Connexions:\n<ul>\n<li>Ethernet LAN<\/li>\n<li>USB 2.0<\/li>\n<li>6<\/li>\n<li>RJ-45 x 6<\/li>\n<\/ul>\n<\/li>\n<li>Produit \u00e0 brancher: Oui<\/li>\n<li>Type de prise: Prise EU<\/li>\n<li>Bloc d\u2019Alimentation: r\u00e9seau \u00e9lectrique<\/li>\n<li>Couleur: Noir<\/li>\n<li>vitesse:\n<ul>\n<li>10 Gbit\/s<\/li>\n<li>10\/100\/1000 Mbps<\/li>\n<\/ul>\n<\/li>\n<li>Tension: 12 V<\/li>\n<\/ul>","protected":false},"excerpt":{"rendered":"<p>Si vous \u00eates passionn\u00e9 d&#8217;informatique et d&#8217;\u00e9lectronique, si vous \u00eates \u00e0 la pointe de la technologie et qu&#8217;aucun d\u00e9tail ne vous \u00e9chappe, achetez Contr\u00f4leur RAID Axis 01964-003 10\/100\/1000 Mbps 10 Gbit\/s au meilleur prix. Le contr\u00f4leur RAID AXIS 01964-003 est un contr\u00f4leur de syst\u00e8me modulaire con\u00e7u pour la gestion compl\u00e8te et flexible des solutions de [&hellip;]<\/p>\n","protected":false},"featured_media":18021,"comment_status":"open","ping_status":"closed","template":"","meta":[],"product_brand":[645],"product_cat":[604,65,584],"product_tag":[106],"class_list":{"0":"post-18022","1":"product","2":"type-product","3":"status-publish","4":"has-post-thumbnail","6":"product_brand-brandp_4776","7":"product_cat-cartes-pci","8":"product_cat-informatique-electronique","9":"product_cat-informatique-reseaux-et-composants","10":"product_tag-tag_1295","12":"first","13":"instock","14":"taxable","15":"shipping-taxable","16":"purchasable","17":"product-type-simple"},"_links":{"self":[{"href":"https:\/\/bigbuy.tupique.com\/en\/wp-json\/wp\/v2\/product\/18022","targetHints":{"allow":["GET"]}}],"collection":[{"href":"https:\/\/bigbuy.tupique.com\/en\/wp-json\/wp\/v2\/product"}],"about":[{"href":"https:\/\/bigbuy.tupique.com\/en\/wp-json\/wp\/v2\/types\/product"}],"replies":[{"embeddable":true,"href":"https:\/\/bigbuy.tupique.com\/en\/wp-json\/wp\/v2\/comments?post=18022"}],"wp:featuredmedia":[{"embeddable":true,"href":"https:\/\/bigbuy.tupique.com\/en\/wp-json\/wp\/v2\/media\/18021"}],"wp:attachment":[{"href":"https:\/\/bigbuy.tupique.com\/en\/wp-json\/wp\/v2\/media?parent=18022"}],"wp:term":[{"taxonomy":"product_brand","embeddable":true,"href":"https:\/\/bigbuy.tupique.com\/en\/wp-json\/wp\/v2\/product_brand?post=18022"},{"taxonomy":"product_cat","embeddable":true,"href":"https:\/\/bigbuy.tupique.com\/en\/wp-json\/wp\/v2\/product_cat?post=18022"},{"taxonomy":"product_tag","embeddable":true,"href":"https:\/\/bigbuy.tupique.com\/en\/wp-json\/wp\/v2\/product_tag?post=18022"}],"curies":[{"name":"wp","href":"https:\/\/api.w.org\/{rel}","templated":true}]}}