{"id":17993,"date":"2026-03-29T15:03:47","date_gmt":"2026-03-29T14:03:47","guid":{"rendered":"https:\/\/bigbuy.tupique.com\/produto\/ladies-watch-casio-protrek-o-45-mm\/"},"modified":"2026-04-15T00:49:54","modified_gmt":"2026-04-14T23:49:54","slug":"ladies-watch-casio-protrek-o-45-mm","status":"publish","type":"product","link":"https:\/\/bigbuy.tupique.com\/en\/produto\/ladies-watch-casio-protrek-o-45-mm\/","title":{"rendered":"Montre Femme Casio Protrek (\u00d8 45 mm)"},"content":{"rendered":"<p>Si vous aimez suivre les derni\u00e8res tendances en mati\u00e8re de mode et accessoires, achetez <b>Montre Femme Casio Protrek (\u00d8 45 mm)<\/b> au meilleur prix.<\/p>\n<ul>\n<li>Fonctions: Multifonction<\/li>\n<li>Genre: Femme<\/li>\n<li>Mat\u00e9riau du bracelet: R\u00e9sine<\/li>\n<li>Imperm\u00e9abilit\u00e9: 5 atm<\/li>\n<li>Verre: Min\u00e9ral<\/li>\n<li>Inclut: Le coffret de la marque est inclus<\/li>\n<li>Type de mouvement: Solaire<\/li>\n<li>Diam\u00e8tre du bo\u00eetier de la montre: \u00d8 45 mm<\/li>\n<li>Mat\u00e9riau du bo\u00eetier de la montre: R\u00e9sine<\/li>\n<li>Sp\u00e9ciaux: Multifonction<\/li>\n<li>Couleur du cadran: Rose<\/li>\n<li>Type de fermeture: Boucle<\/li>\n<li>Couleur du bo\u00eetier de l&#8217;horloge: Rose<\/li>\n<li>Couleur du bracelet: Rose<\/li>\n<li>Utilisation recommand\u00e9e: Adulte unisexe<\/li>\n<li>Liens suppl\u00e9mentaires: Non<\/li>\n<li>Type de montre: Montre-bracelet<\/li>\n<\/ul>","protected":false},"excerpt":{"rendered":"<p>Si vous aimez suivre les derni\u00e8res tendances en mati\u00e8re de mode et accessoires, achetez Montre Femme Casio Protrek (\u00d8 45 mm) au meilleur prix. Fonctions: Multifonction Genre: Femme Mat\u00e9riau du bracelet: R\u00e9sine Imperm\u00e9abilit\u00e9: 5 atm Verre: Min\u00e9ral Inclut: Le coffret de la marque est inclus Type de mouvement: Solaire Diam\u00e8tre du bo\u00eetier de la montre: [&hellip;]<\/p>\n","protected":false},"featured_media":17990,"comment_status":"open","ping_status":"closed","template":"","meta":[],"product_brand":[806],"product_cat":[544,546,545],"product_tag":[103,542,543],"class_list":{"0":"post-17993","1":"product","2":"type-product","3":"status-publish","4":"has-post-thumbnail","6":"product_brand-brandp_816","7":"product_cat-mode-accessoires","8":"product_cat-montres-femme","9":"product_cat-montres-bracelets","10":"product_tag-tag_1261","11":"product_tag-tag_1274","12":"product_tag-tag_61","14":"first","15":"instock","16":"taxable","17":"shipping-taxable","18":"purchasable","19":"product-type-simple"},"_links":{"self":[{"href":"https:\/\/bigbuy.tupique.com\/en\/wp-json\/wp\/v2\/product\/17993","targetHints":{"allow":["GET"]}}],"collection":[{"href":"https:\/\/bigbuy.tupique.com\/en\/wp-json\/wp\/v2\/product"}],"about":[{"href":"https:\/\/bigbuy.tupique.com\/en\/wp-json\/wp\/v2\/types\/product"}],"replies":[{"embeddable":true,"href":"https:\/\/bigbuy.tupique.com\/en\/wp-json\/wp\/v2\/comments?post=17993"}],"wp:featuredmedia":[{"embeddable":true,"href":"https:\/\/bigbuy.tupique.com\/en\/wp-json\/wp\/v2\/media\/17990"}],"wp:attachment":[{"href":"https:\/\/bigbuy.tupique.com\/en\/wp-json\/wp\/v2\/media?parent=17993"}],"wp:term":[{"taxonomy":"product_brand","embeddable":true,"href":"https:\/\/bigbuy.tupique.com\/en\/wp-json\/wp\/v2\/product_brand?post=17993"},{"taxonomy":"product_cat","embeddable":true,"href":"https:\/\/bigbuy.tupique.com\/en\/wp-json\/wp\/v2\/product_cat?post=17993"},{"taxonomy":"product_tag","embeddable":true,"href":"https:\/\/bigbuy.tupique.com\/en\/wp-json\/wp\/v2\/product_tag?post=17993"}],"curies":[{"name":"wp","href":"https:\/\/api.w.org\/{rel}","templated":true}]}}