{"id":17975,"date":"2026-03-29T15:03:20","date_gmt":"2026-03-29T14:03:20","guid":{"rendered":"https:\/\/bigbuy.tupique.com\/produto\/surveillance-camcorder-axis-p3267-lv\/"},"modified":"2026-04-15T10:50:00","modified_gmt":"2026-04-15T09:50:00","slug":"surveillance-camcorder-axis-p3267-lv","status":"publish","type":"product","link":"https:\/\/bigbuy.tupique.com\/en\/produto\/surveillance-camcorder-axis-p3267-lv\/","title":{"rendered":"Camescope de surveillance Axis P3267-LV"},"content":{"rendered":"<p>Si vous \u00eates passionn\u00e9 d&#8217;<b>informatique et d&#8217;\u00e9lectronique<\/b>, si vous \u00eates \u00e0 la pointe de la technologie et qu&#8217;aucun d\u00e9tail ne vous \u00e9chappe, achetez <b>Camescope de surveillance Axis P3267-LV<\/b> au meilleur prix.<\/p>\n<ul>\n<li>Type:\n<ul>\n<li>Avec fil<\/li>\n<li>Cam\u00e9scope<\/li>\n<li>Cam\u00e9ra de s\u00e9curit\u00e9 IP<\/li>\n<\/ul>\n<\/li>\n<li>Connexions:\n<ul>\n<li>Ethernet LAN<\/li>\n<li>PoE x 1<\/li>\n<li>RJ45<\/li>\n<\/ul>\n<\/li>\n<li>Fonctions: Vision nocturne<\/li>\n<li>Couleur: Blanc<\/li>\n<li>Cam\u00e9ra\/Appareil Photo: 5 Mp<\/li>\n<li>M\u00e9moire interne: 2 GB<\/li>\n<li>Capteur: CMOS<\/li>\n<li>Nombre de cam\u00e9ras: 1<\/li>\n<li>Mati\u00e8re: Polycarbonate<\/li>\n<li>Caract\u00e9ristiques:\n<ul>\n<li>Contr\u00f4le de l&#8217;inclinaison<\/li>\n<li>T\u00e9moin de fonctionnement LED<\/li>\n<li>Protection des donn\u00e9es\/mot de passe<\/li>\n<\/ul>\n<\/li>\n<li>Classification IP: IP52<\/li>\n<li>Compatible: Windows<\/li>\n<li>Technologie: HDD<\/li>\n<li>Non inclut:\n<ul>\n<li>Wi-Fi<\/li>\n<li>Bluetooth<\/li>\n<\/ul>\n<\/li>\n<li>Paire de lunettes: x1<\/li>\n<\/ul>","protected":false},"excerpt":{"rendered":"<p>Si vous \u00eates passionn\u00e9 d&#8217;informatique et d&#8217;\u00e9lectronique, si vous \u00eates \u00e0 la pointe de la technologie et qu&#8217;aucun d\u00e9tail ne vous \u00e9chappe, achetez Camescope de surveillance Axis P3267-LV au meilleur prix. Type: Avec fil Cam\u00e9scope Cam\u00e9ra de s\u00e9curit\u00e9 IP Connexions: Ethernet LAN PoE x 1 RJ45 Fonctions: Vision nocturne Couleur: Blanc Cam\u00e9ra\/Appareil Photo: 5 Mp [&hellip;]<\/p>\n","protected":false},"featured_media":182702,"comment_status":"open","ping_status":"closed","template":"","meta":[],"product_brand":[645],"product_cat":[580,239,579],"product_tag":[567,210],"class_list":{"0":"post-17975","1":"product","2":"type-product","3":"status-publish","4":"has-post-thumbnail","6":"product_brand-brandp_4776","7":"product_cat-cameras-de-surveillance-video","8":"product_cat-maison-jardin","9":"product_cat-securite-a-la-maison","10":"product_tag-tag_556","11":"product_tag-tag_25","13":"first","14":"instock","15":"taxable","16":"shipping-taxable","17":"purchasable","18":"product-type-simple"},"_links":{"self":[{"href":"https:\/\/bigbuy.tupique.com\/en\/wp-json\/wp\/v2\/product\/17975","targetHints":{"allow":["GET"]}}],"collection":[{"href":"https:\/\/bigbuy.tupique.com\/en\/wp-json\/wp\/v2\/product"}],"about":[{"href":"https:\/\/bigbuy.tupique.com\/en\/wp-json\/wp\/v2\/types\/product"}],"replies":[{"embeddable":true,"href":"https:\/\/bigbuy.tupique.com\/en\/wp-json\/wp\/v2\/comments?post=17975"}],"wp:featuredmedia":[{"embeddable":true,"href":"https:\/\/bigbuy.tupique.com\/en\/wp-json\/wp\/v2\/media\/182702"}],"wp:attachment":[{"href":"https:\/\/bigbuy.tupique.com\/en\/wp-json\/wp\/v2\/media?parent=17975"}],"wp:term":[{"taxonomy":"product_brand","embeddable":true,"href":"https:\/\/bigbuy.tupique.com\/en\/wp-json\/wp\/v2\/product_brand?post=17975"},{"taxonomy":"product_cat","embeddable":true,"href":"https:\/\/bigbuy.tupique.com\/en\/wp-json\/wp\/v2\/product_cat?post=17975"},{"taxonomy":"product_tag","embeddable":true,"href":"https:\/\/bigbuy.tupique.com\/en\/wp-json\/wp\/v2\/product_tag?post=17975"}],"curies":[{"name":"wp","href":"https:\/\/api.w.org\/{rel}","templated":true}]}}