{"id":178333,"date":"2026-04-13T11:53:48","date_gmt":"2026-04-13T10:53:48","guid":{"rendered":"https:\/\/bigbuy.tupique.com\/produto\/router-sonicwall-03-ssc-4689\/"},"modified":"2026-04-15T05:22:18","modified_gmt":"2026-04-15T04:22:18","slug":"router-sonicwall-03-ssc-4689","status":"publish","type":"product","link":"https:\/\/bigbuy.tupique.com\/en\/produto\/router-sonicwall-03-ssc-4689\/","title":{"rendered":"Router SonicWall 03-SSC-4689"},"content":{"rendered":"<p>Si vous \u00eates passionn\u00e9 d&#8217;<b>informatique et d&#8217;\u00e9lectronique<\/b>, si vous \u00eates \u00e0 la pointe de la technologie et qu&#8217;aucun d\u00e9tail ne vous \u00e9chappe, achetez <b>Router SonicWall 03-SSC-4689<\/b> au meilleur prix.<\/p>\n<p>Le <b>SonicWall NSA 2800<\/b> est un <b>routeur<\/b> haute performance con\u00e7u pour offrir une connectivit\u00e9 s\u00e9curis\u00e9e et efficace dans des environnements professionnels n\u00e9cessitant robustesse et fiabilit\u00e9 r\u00e9seau. \u00c9quip\u00e9 d\u2019une <b>prise EU<\/b>, cet appareil facilite l\u2019installation dans les r\u00e9gions utilisant cette norme \u00e9lectrique. La s\u00e9rie NSA de SonicWall est reconnue pour int\u00e9grer plusieurs fonctions de s\u00e9curit\u00e9, telles que pare-feu, pr\u00e9vention des intrusions et contr\u00f4le avanc\u00e9 des applications, offrant aux entreprises une protection compl\u00e8te contre les menaces cybern\u00e9tiques. Bien que le mod\u00e8le NSA 2800 ne d\u00e9taille pas ici ses caract\u00e9ristiques mat\u00e9rielles ou capacit\u00e9s, son appartenance \u00e0 la gamme SonicWall implique une gestion centralis\u00e9e et une mont\u00e9e en charge flexible pour des r\u00e9seaux moyens \u00e0 grands. Ce routeur est compatible avec des mises \u00e0 jour avanc\u00e9es, comme le sugg\u00e8re la r\u00e9f\u00e9rence \u00e0 une version <b>UPGRADE ADVANCED EDITION 3YR<\/b>, garantissant un support continu et une am\u00e9lioration des capacit\u00e9s de s\u00e9curit\u00e9 pendant trois ans, essentiel pour prot\u00e9ger l\u2019infrastructure contre les vuln\u00e9rabilit\u00e9s \u00e9mergentes. L\u2019alliance des performances techniques et de la garantie de support positionne le SonicWall NSA 2800 comme une solution fiable pour les organisations souhaitant s\u00e9curiser leur trafic de donn\u00e9es sans compromettre vitesse ni stabilit\u00e9 de connexion. En r\u00e9sum\u00e9, ce routeur constitue un \u00e9l\u00e9ment cl\u00e9 pour les environnements d\u2019entreprise valorisant la s\u00e9curit\u00e9 avanc\u00e9e et une architecture r\u00e9seau robuste et adaptable.<\/p>\n<ul>\n<li>Type: Router<\/li>\n<li>Produit \u00e0 brancher: Oui<\/li>\n<li>Type de prise: Prise EU<\/li>\n<li>Bloc d\u2019Alimentation: r\u00e9seau \u00e9lectrique<\/li>\n<\/ul>","protected":false},"excerpt":{"rendered":"<p>Si vous \u00eates passionn\u00e9 d&#8217;informatique et d&#8217;\u00e9lectronique, si vous \u00eates \u00e0 la pointe de la technologie et qu&#8217;aucun d\u00e9tail ne vous \u00e9chappe, achetez Router SonicWall 03-SSC-4689 au meilleur prix. Le SonicWall NSA 2800 est un routeur haute performance con\u00e7u pour offrir une connectivit\u00e9 s\u00e9curis\u00e9e et efficace dans des environnements professionnels n\u00e9cessitant robustesse et fiabilit\u00e9 r\u00e9seau. [&hellip;]<\/p>\n","protected":false},"featured_media":178332,"comment_status":"open","ping_status":"closed","template":"","meta":[],"product_brand":[658],"product_cat":[65,584,612],"product_tag":[106],"class_list":{"0":"post-178333","1":"product","2":"type-product","3":"status-publish","4":"has-post-thumbnail","6":"product_brand-brandp_4781","7":"product_cat-informatique-electronique","8":"product_cat-informatique-reseaux-et-composants","9":"product_cat-routeurs-et-modems","10":"product_tag-tag_1295","12":"first","13":"instock","14":"taxable","15":"shipping-taxable","16":"purchasable","17":"product-type-simple"},"_links":{"self":[{"href":"https:\/\/bigbuy.tupique.com\/en\/wp-json\/wp\/v2\/product\/178333","targetHints":{"allow":["GET"]}}],"collection":[{"href":"https:\/\/bigbuy.tupique.com\/en\/wp-json\/wp\/v2\/product"}],"about":[{"href":"https:\/\/bigbuy.tupique.com\/en\/wp-json\/wp\/v2\/types\/product"}],"replies":[{"embeddable":true,"href":"https:\/\/bigbuy.tupique.com\/en\/wp-json\/wp\/v2\/comments?post=178333"}],"wp:featuredmedia":[{"embeddable":true,"href":"https:\/\/bigbuy.tupique.com\/en\/wp-json\/wp\/v2\/media\/178332"}],"wp:attachment":[{"href":"https:\/\/bigbuy.tupique.com\/en\/wp-json\/wp\/v2\/media?parent=178333"}],"wp:term":[{"taxonomy":"product_brand","embeddable":true,"href":"https:\/\/bigbuy.tupique.com\/en\/wp-json\/wp\/v2\/product_brand?post=178333"},{"taxonomy":"product_cat","embeddable":true,"href":"https:\/\/bigbuy.tupique.com\/en\/wp-json\/wp\/v2\/product_cat?post=178333"},{"taxonomy":"product_tag","embeddable":true,"href":"https:\/\/bigbuy.tupique.com\/en\/wp-json\/wp\/v2\/product_tag?post=178333"}],"curies":[{"name":"wp","href":"https:\/\/api.w.org\/{rel}","templated":true}]}}