{"id":178328,"date":"2026-04-13T11:53:39","date_gmt":"2026-04-13T10:53:39","guid":{"rendered":"https:\/\/bigbuy.tupique.com\/produto\/printer-labels-brother-black\/"},"modified":"2026-04-15T01:26:04","modified_gmt":"2026-04-15T00:26:04","slug":"printer-labels-brother-black","status":"publish","type":"product","link":"https:\/\/bigbuy.tupique.com\/en\/produto\/printer-labels-brother-black\/","title":{"rendered":"Etiquettes pour Imprimante Brother Noir"},"content":{"rendered":"<p>Si vous \u00eates passionn\u00e9 d&#8217;<b>informatique et d&#8217;\u00e9lectronique<\/b>, si vous \u00eates \u00e0 la pointe de la technologie et qu&#8217;aucun d\u00e9tail ne vous \u00e9chappe, achetez <b>Etiquettes pour Imprimante Brother Noir<\/b> au meilleur prix.<\/p>\n<ul>\n<li>Compatible: Brother<\/li>\n<li>Type: Cutter<\/li>\n<li>Couleur: Noir<\/li>\n<li>Capacit\u00e9: 900 g<\/li>\n<\/ul>","protected":false},"excerpt":{"rendered":"<p><span class=\"unit-info\">53.5544 &euro; \/ 100 gr<\/span><\/p>","protected":false},"featured_media":178327,"comment_status":"open","ping_status":"closed","template":"","meta":[],"product_brand":[669],"product_cat":[65,581,757],"product_tag":[213,106],"class_list":{"0":"post-178328","1":"product","2":"type-product","3":"status-publish","4":"has-post-thumbnail","6":"product_brand-brandp_538","7":"product_cat-informatique-electronique","8":"product_cat-informatique-peripheriques-et-consommables","9":"product_cat-papier-pour-imprimantes","10":"product_tag-tag_933","11":"product_tag-tag_1295","13":"first","14":"instock","15":"taxable","16":"shipping-taxable","17":"purchasable","18":"product-type-simple"},"_links":{"self":[{"href":"https:\/\/bigbuy.tupique.com\/en\/wp-json\/wp\/v2\/product\/178328","targetHints":{"allow":["GET"]}}],"collection":[{"href":"https:\/\/bigbuy.tupique.com\/en\/wp-json\/wp\/v2\/product"}],"about":[{"href":"https:\/\/bigbuy.tupique.com\/en\/wp-json\/wp\/v2\/types\/product"}],"replies":[{"embeddable":true,"href":"https:\/\/bigbuy.tupique.com\/en\/wp-json\/wp\/v2\/comments?post=178328"}],"wp:featuredmedia":[{"embeddable":true,"href":"https:\/\/bigbuy.tupique.com\/en\/wp-json\/wp\/v2\/media\/178327"}],"wp:attachment":[{"href":"https:\/\/bigbuy.tupique.com\/en\/wp-json\/wp\/v2\/media?parent=178328"}],"wp:term":[{"taxonomy":"product_brand","embeddable":true,"href":"https:\/\/bigbuy.tupique.com\/en\/wp-json\/wp\/v2\/product_brand?post=178328"},{"taxonomy":"product_cat","embeddable":true,"href":"https:\/\/bigbuy.tupique.com\/en\/wp-json\/wp\/v2\/product_cat?post=178328"},{"taxonomy":"product_tag","embeddable":true,"href":"https:\/\/bigbuy.tupique.com\/en\/wp-json\/wp\/v2\/product_tag?post=178328"}],"curies":[{"name":"wp","href":"https:\/\/api.w.org\/{rel}","templated":true}]}}