{"id":177710,"date":"2026-04-13T08:54:20","date_gmt":"2026-04-13T07:54:20","guid":{"rendered":"https:\/\/bigbuy.tupique.com\/produto\/sensor-axis-f2115-r\/"},"modified":"2026-05-11T19:59:24","modified_gmt":"2026-05-11T17:59:24","slug":"sensor-axis-f2115-r","status":"publish","type":"product","link":"https:\/\/bigbuy.tupique.com\/en\/produto\/sensor-axis-f2115-r\/","title":{"rendered":"Capteur Axis F2115-R"},"content":{"rendered":"<p>Si vous \u00eates passionn\u00e9 d&#8217;<b>informatique et d&#8217;\u00e9lectronique<\/b>, si vous \u00eates \u00e0 la pointe de la technologie et qu&#8217;aucun d\u00e9tail ne vous \u00e9chappe, achetez <b>Capteur Axis F2115-R<\/b> au meilleur prix.<\/p>\n<p>Le <b>capteur<\/b> <b>AXIS F2115-R<\/b> d\u2019Axis est une solution avanc\u00e9e et polyvalente con\u00e7ue pour des applications professionnelles n\u00e9cessitant une haute qualit\u00e9 d\u2019image et une fiabilit\u00e9 dans des environnements exigeants. Ce mod\u00e8le int\u00e8gre un <b>capteur CMOS<\/b> permettant d\u2019enregistrer des vid\u00e9os en <b>Full HD (1920 x 1080 pixels) jusqu\u2019\u00e0 60 images par seconde<\/b>, ou en <b>720p jusqu\u2019\u00e0 180 images par seconde<\/b> lorsqu\u2019il est utilis\u00e9 avec l\u2019unit\u00e9 principale AXIS F9111, s\u2019adaptant ainsi aux besoins de fluidit\u00e9 ou de d\u00e9tail. Son design <b>varifocal<\/b> offre un champ de vision horizontal r\u00e9glable de 107\u00b0 \u00e0 56\u00b0, assurant une couverture flexible selon l\u2019environnement d\u2019installation. Le capteur se distingue par ses excellentes <b>performances en couleur m\u00eame en faible luminosit\u00e9<\/b>, un crit\u00e8re essentiel pour la vid\u00e9osurveillance professionnelle et les situations \u00e0 \u00e9clairage variable. L\u2019appareil est de couleur <b>noire<\/b> et permet une <b>installation universelle<\/b>, facilitant son int\u00e9gration aussi bien en int\u00e9rieur que dans des emplacements discrets n\u00e9cessitant une visibilit\u00e9 externe minimale du syst\u00e8me. Sa robustesse est garantie par sa tol\u00e9rance \u00e0 des <b>temp\u00e9ratures extr\u00eames de -40\u202f\u00b0C \u00e0 70\u202f\u00b0C de fa\u00e7on intermittente<\/b> et sa r\u00e9sistance aux vibrations, permettant l\u2019utilisation de c\u00e2bles Axis jusqu\u2019\u00e0 30 m\u00e8tres avec connecteurs SMA-FAKRA pour une installation stable et fiable. L\u2019interface de montage de l\u2019objectif est de type <b>M12<\/b>, courante dans les syst\u00e8mes de cam\u00e9ras modulaires, et son format compact ainsi que sa faible consommation \u00e9nerg\u00e9tique (<b>1 W typique, 4 W maximum<\/b>) facilitent \u00e0 la fois l\u2019int\u00e9gration et l\u2019efficacit\u00e9 op\u00e9rationnelle. Ce capteur convient aux projets combinant exigences de discr\u00e9tion, qualit\u00e9 d\u2019image et r\u00e9sistance environnementale, se positionnant comme une r\u00e9f\u00e9rence pour les syst\u00e8mes vid\u00e9o professionnels n\u00e9cessitant flexibilit\u00e9 et durabilit\u00e9.<\/p>\n<ul>\n<li>Couleur: Noir<\/li>\n<li>Caract\u00e9ristiques: Universel<\/li>\n<li>Capteur: CMOS<\/li>\n<li>Type: Capteur<\/li>\n<\/ul>","protected":false},"excerpt":{"rendered":"<p>Si vous \u00eates passionn\u00e9 d&#8217;informatique et d&#8217;\u00e9lectronique, si vous \u00eates \u00e0 la pointe de la technologie et qu&#8217;aucun d\u00e9tail ne vous \u00e9chappe, achetez Capteur Axis F2115-R au meilleur prix. Le capteur AXIS F2115-R d\u2019Axis est une solution avanc\u00e9e et polyvalente con\u00e7ue pour des applications professionnelles n\u00e9cessitant une haute qualit\u00e9 d\u2019image et une fiabilit\u00e9 dans des [&hellip;]<\/p>\n","protected":false},"featured_media":177709,"comment_status":"open","ping_status":"closed","template":"","meta":[],"product_brand":[645],"product_cat":[580,239,579],"product_tag":[567,210],"class_list":{"0":"post-177710","1":"product","2":"type-product","3":"status-publish","4":"has-post-thumbnail","6":"product_brand-brandp_4776","7":"product_cat-cameras-de-surveillance-video","8":"product_cat-maison-jardin","9":"product_cat-securite-a-la-maison","10":"product_tag-tag_556","11":"product_tag-tag_25","13":"first","14":"instock","15":"taxable","16":"shipping-taxable","17":"purchasable","18":"product-type-simple"},"_links":{"self":[{"href":"https:\/\/bigbuy.tupique.com\/en\/wp-json\/wp\/v2\/product\/177710","targetHints":{"allow":["GET"]}}],"collection":[{"href":"https:\/\/bigbuy.tupique.com\/en\/wp-json\/wp\/v2\/product"}],"about":[{"href":"https:\/\/bigbuy.tupique.com\/en\/wp-json\/wp\/v2\/types\/product"}],"replies":[{"embeddable":true,"href":"https:\/\/bigbuy.tupique.com\/en\/wp-json\/wp\/v2\/comments?post=177710"}],"wp:featuredmedia":[{"embeddable":true,"href":"https:\/\/bigbuy.tupique.com\/en\/wp-json\/wp\/v2\/media\/177709"}],"wp:attachment":[{"href":"https:\/\/bigbuy.tupique.com\/en\/wp-json\/wp\/v2\/media?parent=177710"}],"wp:term":[{"taxonomy":"product_brand","embeddable":true,"href":"https:\/\/bigbuy.tupique.com\/en\/wp-json\/wp\/v2\/product_brand?post=177710"},{"taxonomy":"product_cat","embeddable":true,"href":"https:\/\/bigbuy.tupique.com\/en\/wp-json\/wp\/v2\/product_cat?post=177710"},{"taxonomy":"product_tag","embeddable":true,"href":"https:\/\/bigbuy.tupique.com\/en\/wp-json\/wp\/v2\/product_tag?post=177710"}],"curies":[{"name":"wp","href":"https:\/\/api.w.org\/{rel}","templated":true}]}}