{"id":17648,"date":"2026-03-29T14:48:20","date_gmt":"2026-03-29T13:48:20","guid":{"rendered":"https:\/\/bigbuy.tupique.com\/produto\/firewall-sonicwall-02-ssc-6820\/"},"modified":"2026-04-16T20:46:41","modified_gmt":"2026-04-16T19:46:41","slug":"firewall-sonicwall-02-ssc-6820","status":"publish","type":"product","link":"https:\/\/bigbuy.tupique.com\/en\/produto\/firewall-sonicwall-02-ssc-6820\/","title":{"rendered":"Firewall SonicWall 02-SSC-6820"},"content":{"rendered":"<p>Si vous \u00eates passionn\u00e9 d&#8217;<b>informatique et d&#8217;\u00e9lectronique<\/b>, si vous \u00eates \u00e0 la pointe de la technologie et qu&#8217;aucun d\u00e9tail ne vous \u00e9chappe, achetez <b>Firewall SonicWall 02-SSC-6820<\/b> au meilleur prix.<\/p>\n<p>Le <b>SonicWall TZ370<\/b> est un <b>firewall<\/b> con\u00e7u pour offrir une s\u00e9curit\u00e9 robuste et de hautes performances dans les r\u00e9seaux d\u2019entreprise. Ce mod\u00e8le int\u00e8gre une technologie avanc\u00e9e anti-spyware pour prot\u00e9ger en temps r\u00e9el contre les menaces et attaques malveillantes. Il dispose de plusieurs options de connectivit\u00e9 filaire, incluant <b>8 ports RJ45<\/b> et <b>connexions USB-A 3.2<\/b>, facilitant une int\u00e9gration polyvalente dans les infrastructures r\u00e9seau existantes. Ses performances sont particuli\u00e8rement remarquables, avec une capacit\u00e9 de <b>3 Gbit\/s<\/b> pour le filtrage firewall, <b>1,3 Gbit\/s<\/b> en performance VPN et jusqu\u2019\u00e0 <b>1500 Mbit\/s<\/b> en protection IPS\/IDS, garantissant un \u00e9quilibre efficace entre vitesse et s\u00e9curit\u00e9 pour les environnements exigeants. La vitesse de transfert Ethernet LAN est de <b>1000 Mbit\/s<\/b>, assurant des communications rapides et fiables entre appareils. C\u00f4t\u00e9 dimensions, il pr\u00e9sente un design compact avec <b>35 mm de largeur<\/b>, <b>190 mm de hauteur<\/b> et <b>135 mm de profondeur<\/b>, facilitant son installation et l\u2019optimisation de l\u2019espace dans les racks ou postes de travail. Son alimentation accepte un courant de <b>3 A<\/b> et des fr\u00e9quences d\u2019entr\u00e9e standards de <b>50\/60 Hz<\/b>. En r\u00e9sum\u00e9, le SonicWall TZ370 est une solution professionnelle de s\u00e9curit\u00e9 r\u00e9seau qui allie performance, protection avanc\u00e9e et flexibilit\u00e9 de connectivit\u00e9, id\u00e9ale pour les entreprises souhaitant s\u00e9curiser et maintenir leur infrastructure op\u00e9rationnelle.<\/p>\n<ul>\n<li>Type:\n<ul>\n<li>Anti-Spyware<\/li>\n<li>Firewall<\/li>\n<li>Avec fil<\/li>\n<\/ul>\n<\/li>\n<li>Produit \u00e0 brancher: Oui<\/li>\n<li>Type de prise: Prise EU<\/li>\n<li>Bloc d\u2019Alimentation:\n<ul>\n<li>r\u00e9seau \u00e9lectrique<\/li>\n<li>Avec fil<\/li>\n<\/ul>\n<\/li>\n<li>Connexions:\n<ul>\n<li>2<\/li>\n<li>rj45 x 8<\/li>\n<li>USB<\/li>\n<li>RJ45<\/li>\n<li>USB-A 3.2<\/li>\n<\/ul>\n<\/li>\n<li>Profondeur: 135 mm<\/li>\n<li>Fr\u00e9quence:\n<ul>\n<li>50-60 Hz<\/li>\n<li>5 GHz<\/li>\n<\/ul>\n<\/li>\n<li>Ports: 10<\/li>\n<li>Amp\u00e9rage: 3 A<\/li>\n<li>Fr\u00e9quence d&#8217;entr\u00e9e AC: 50-60 Hz<\/li>\n<\/ul>","protected":false},"excerpt":{"rendered":"<p>Si vous \u00eates passionn\u00e9 d&#8217;informatique et d&#8217;\u00e9lectronique, si vous \u00eates \u00e0 la pointe de la technologie et qu&#8217;aucun d\u00e9tail ne vous \u00e9chappe, achetez Firewall SonicWall 02-SSC-6820 au meilleur prix. Le SonicWall TZ370 est un firewall con\u00e7u pour offrir une s\u00e9curit\u00e9 robuste et de hautes performances dans les r\u00e9seaux d\u2019entreprise. Ce mod\u00e8le int\u00e8gre une technologie avanc\u00e9e [&hellip;]<\/p>\n","protected":false},"featured_media":17647,"comment_status":"open","ping_status":"closed","template":"","meta":[],"product_brand":[658],"product_cat":[65,584,612],"product_tag":[106],"class_list":{"0":"post-17648","1":"product","2":"type-product","3":"status-publish","4":"has-post-thumbnail","6":"product_brand-brandp_4781","7":"product_cat-informatique-electronique","8":"product_cat-informatique-reseaux-et-composants","9":"product_cat-routeurs-et-modems","10":"product_tag-tag_1295","12":"first","13":"instock","14":"taxable","15":"shipping-taxable","16":"purchasable","17":"product-type-simple"},"_links":{"self":[{"href":"https:\/\/bigbuy.tupique.com\/en\/wp-json\/wp\/v2\/product\/17648","targetHints":{"allow":["GET"]}}],"collection":[{"href":"https:\/\/bigbuy.tupique.com\/en\/wp-json\/wp\/v2\/product"}],"about":[{"href":"https:\/\/bigbuy.tupique.com\/en\/wp-json\/wp\/v2\/types\/product"}],"replies":[{"embeddable":true,"href":"https:\/\/bigbuy.tupique.com\/en\/wp-json\/wp\/v2\/comments?post=17648"}],"wp:featuredmedia":[{"embeddable":true,"href":"https:\/\/bigbuy.tupique.com\/en\/wp-json\/wp\/v2\/media\/17647"}],"wp:attachment":[{"href":"https:\/\/bigbuy.tupique.com\/en\/wp-json\/wp\/v2\/media?parent=17648"}],"wp:term":[{"taxonomy":"product_brand","embeddable":true,"href":"https:\/\/bigbuy.tupique.com\/en\/wp-json\/wp\/v2\/product_brand?post=17648"},{"taxonomy":"product_cat","embeddable":true,"href":"https:\/\/bigbuy.tupique.com\/en\/wp-json\/wp\/v2\/product_cat?post=17648"},{"taxonomy":"product_tag","embeddable":true,"href":"https:\/\/bigbuy.tupique.com\/en\/wp-json\/wp\/v2\/product_tag?post=17648"}],"curies":[{"name":"wp","href":"https:\/\/api.w.org\/{rel}","templated":true}]}}