{"id":17633,"date":"2026-03-29T14:47:58","date_gmt":"2026-03-29T13:47:58","guid":{"rendered":"https:\/\/bigbuy.tupique.com\/produto\/nail-gun-ryobi-r15gn18-0-18-v\/"},"modified":"2026-04-16T20:42:14","modified_gmt":"2026-04-16T19:42:14","slug":"nail-gun-ryobi-r15gn18-0-18-v","status":"publish","type":"product","link":"https:\/\/bigbuy.tupique.com\/en\/produto\/nail-gun-ryobi-r15gn18-0-18-v\/","title":{"rendered":"Cloueuse Ryobi R15GN18-0 18 V"},"content":{"rendered":"<p>Si vous aimez prendre soin de chaque d\u00e9tail de votre maison et d&#8217;\u00eatre \u00e0 la derni\u00e8re mode en mati\u00e8re de produits qui vous rendront la vie plus facile, achetez <b>Cloueuse Ryobi R15GN18-0 18 V<\/b> au meilleur prix.<\/p>\n<ul>\n<li>Tension: 18 V<\/li>\n<li>Type: Cloueuse<\/li>\n<li>Couleur: Jaune<\/li>\n<li>Bloc d\u2019Alimentation: Batterie<\/li>\n<li>Fonctionne \u00e0 piles: Oui<\/li>\n<li>Non inclut: Batterie<\/li>\n<li>Design: Moderne<\/li>\n<li>Unit\u00e9s: 2 Unit\u00e9s<\/li>\n<\/ul>","protected":false},"excerpt":{"rendered":"<p>Si vous aimez prendre soin de chaque d\u00e9tail de votre maison et d&#8217;\u00eatre \u00e0 la derni\u00e8re mode en mati\u00e8re de produits qui vous rendront la vie plus facile, achetez Cloueuse Ryobi R15GN18-0 18 V au meilleur prix. Tension: 18 V Type: Cloueuse Couleur: Jaune Bloc d\u2019Alimentation: Batterie Fonctionne \u00e0 piles: Oui Non inclut: Batterie Design: [&hellip;]<\/p>\n","protected":false},"featured_media":17629,"comment_status":"open","ping_status":"closed","template":"","meta":[],"product_brand":[830],"product_cat":[613,239],"product_tag":[59,210],"class_list":{"0":"post-17633","1":"product","2":"type-product","3":"status-publish","4":"has-post-thumbnail","6":"product_brand-brandp_3104","7":"product_cat-bricolage-et-materiel","8":"product_cat-maison-jardin","9":"product_tag-tag_1304","10":"product_tag-tag_25","12":"first","13":"instock","14":"taxable","15":"shipping-taxable","16":"purchasable","17":"product-type-simple"},"_links":{"self":[{"href":"https:\/\/bigbuy.tupique.com\/en\/wp-json\/wp\/v2\/product\/17633","targetHints":{"allow":["GET"]}}],"collection":[{"href":"https:\/\/bigbuy.tupique.com\/en\/wp-json\/wp\/v2\/product"}],"about":[{"href":"https:\/\/bigbuy.tupique.com\/en\/wp-json\/wp\/v2\/types\/product"}],"replies":[{"embeddable":true,"href":"https:\/\/bigbuy.tupique.com\/en\/wp-json\/wp\/v2\/comments?post=17633"}],"wp:featuredmedia":[{"embeddable":true,"href":"https:\/\/bigbuy.tupique.com\/en\/wp-json\/wp\/v2\/media\/17629"}],"wp:attachment":[{"href":"https:\/\/bigbuy.tupique.com\/en\/wp-json\/wp\/v2\/media?parent=17633"}],"wp:term":[{"taxonomy":"product_brand","embeddable":true,"href":"https:\/\/bigbuy.tupique.com\/en\/wp-json\/wp\/v2\/product_brand?post=17633"},{"taxonomy":"product_cat","embeddable":true,"href":"https:\/\/bigbuy.tupique.com\/en\/wp-json\/wp\/v2\/product_cat?post=17633"},{"taxonomy":"product_tag","embeddable":true,"href":"https:\/\/bigbuy.tupique.com\/en\/wp-json\/wp\/v2\/product_tag?post=17633"}],"curies":[{"name":"wp","href":"https:\/\/api.w.org\/{rel}","templated":true}]}}