{"id":175643,"date":"2026-04-11T19:29:58","date_gmt":"2026-04-11T18:29:58","guid":{"rendered":"https:\/\/bigbuy.tupique.com\/produto\/tablet-samsung-sm-x936bzareub-146-octa-core-12-gb-ram-256-gb-grey\/"},"modified":"2026-05-11T19:55:45","modified_gmt":"2026-05-11T17:55:45","slug":"tablet-samsung-sm-x936bzareub-146-octa-core-12-gb-ram-256-gb-grey","status":"publish","type":"product","link":"https:\/\/bigbuy.tupique.com\/en\/produto\/tablet-samsung-sm-x936bzareub-146-octa-core-12-gb-ram-256-gb-grey\/","title":{"rendered":"Tablette Samsung SM-X936BZAREUB 14,6&#8243; Octa Core 12 GB RAM 256 GB Gris"},"content":{"rendered":"<p>Si vous \u00eates \u00e0 la recherche de nouvelles tendances sur le march\u00e9, nous vous pr\u00e9sentons <b>Tablette Samsung SM-X936BZAREUB 14,6&#8243; Octa Core 12 GB RAM 256 GB Gris<\/b> !<\/p>\n<p>La <b>Samsung Galaxy Tab S11 Ultra<\/b> (mod\u00e8le SM-X936BZAREUB) est une <b>tablette<\/b> de derni\u00e8re g\u00e9n\u00e9ration con\u00e7ue pour les utilisateurs exigeant un appareil polyvalent, aussi bien pour la productivit\u00e9 que pour le divertissement. Ce mod\u00e8le se distingue par son <b>\u00e9cran de 14,6 pouces<\/b> haute d\u00e9finition, offrant une surface large et nette id\u00e9ale pour le multit\u00e2che, la visualisation de contenus multim\u00e9dias ou la r\u00e9alisation de pr\u00e9sentations avec un niveau de d\u00e9tail exceptionnel. Avec <b>12 Go de m\u00e9moire RAM<\/b>, l\u2019ex\u00e9cution fluide d\u2019applications exigeantes et le passage rapide entre les t\u00e2ches sont assur\u00e9s, tandis que son <b>processeur Octa-core<\/b> garantit des performances solides et efficaces en toutes circonstances. Elle dispose de <b>256 Go de stockage interne<\/b>, permettant de conserver de grands volumes de fichiers, vid\u00e9os et applications sans se soucier de l\u2019espace. Pour ceux qui recherchent une connectivit\u00e9 avanc\u00e9e, elle int\u00e8gre la <b>technologie 5G<\/b>, assurant des t\u00e9l\u00e9chargements ultra-rapides et une exp\u00e9rience en ligne optimale, au bureau comme en d\u00e9placement. Ses cam\u00e9ras, dont une <b>frontale de 12 m\u00e9gapixels avec autofocus<\/b>, am\u00e9liorent la qualit\u00e9 des appels vid\u00e9o et permettent des prises de vue pr\u00e9cises, tandis que le lecteur de cartes et le <b>port USB-C<\/b> offrent une compatibilit\u00e9 maximale pour \u00e9tendre la m\u00e9moire ou transf\u00e9rer des donn\u00e9es facilement. Disponible en gris, la Samsung Galaxy Tab S11 Ultra allie design \u00e9l\u00e9gant, l\u00e9g\u00e8ret\u00e9 et fonctionnalit\u00e9s avanc\u00e9es, se positionnant comme un outil complet et performant pour le travail comme pour les loisirs. Elle s\u2019impose ainsi comme une r\u00e9f\u00e9rence dans le segment des tablettes premium pour ceux qui recherchent productivit\u00e9 et performance sans compromis.<\/p>\n<ul>\n<li>Type: Tablette<\/li>\n<li>Produit \u00e0 brancher: Oui<\/li>\n<li>Type de prise: Prise EU<\/li>\n<li>Diagonale de l&#8217;\u00e9cran (cm): 37,1 cm<\/li>\n<li>Bloc d\u2019Alimentation: r\u00e9seau \u00e9lectrique<\/li>\n<li>Connexions:\n<ul>\n<li>USB-C<\/li>\n<li>USB-C 3.2 Gen 1 (3.1 Gen 1)<\/li>\n<\/ul>\n<\/li>\n<li>Cam\u00e9ra\/Appareil Photo:\n<ul>\n<li>12 mpx<\/li>\n<li>13 mpx<\/li>\n<li>Dual<\/li>\n<li>8 MP<\/li>\n<li>13 MP<\/li>\n<\/ul>\n<\/li>\n<li>Syst\u00e8me d&#8217;exploitation: Android<\/li>\n<li>Ecran: 14,6&#8243;<\/li>\n<li>Processeur: Octa Core<\/li>\n<li>M\u00e9moire RAM: 12 GB RAM<\/li>\n<li>M\u00e9moire interne: 256 GB<\/li>\n<li>Couleur: Gris<\/li>\n<li>Caract\u00e9ristiques:\n<ul>\n<li>Cam\u00e9ra frontale<\/li>\n<li>Autofocus<\/li>\n<li>Lecteur de Cartes<\/li>\n<li>Lecteur d&#8217;empreintes<\/li>\n<li>Connexion au r\u00e9seau mobile<\/li>\n<\/ul>\n<\/li>\n<li>Connectivit\u00e9:\n<ul>\n<li>Bluetooth<\/li>\n<li>Wi-Fi<\/li>\n<li>GPS<\/li>\n<li>Galileo<\/li>\n<li>5G<\/li>\n<li>Wi-Fi 6 GHz<\/li>\n<\/ul>\n<\/li>\n<li>Classification \u00e9nerg\u00e9tique: G<\/li>\n<li>Fonctions: Acc\u00e9l\u00e9rom\u00e8tre<\/li>\n<li>Technologie:\n<ul>\n<li>Mime<\/li>\n<li>AMOLED<\/li>\n<\/ul>\n<\/li>\n<li>vitesse:\n<ul>\n<li>30 fps<\/li>\n<li>3.3 GHz<\/li>\n<\/ul>\n<\/li>\n<li>Taille maximale de la carte m\u00e9moire: 2 TB<\/li>\n<li>Cartes M\u00e9moire Compatibles: MicroSD (TransFlash)<\/li>\n<li>Inclut: Crayon tactile<\/li>\n<li>Type de stockage: SSD<\/li>\n<li>R\u00e9solution: 2960 x 1848 px<\/li>\n<li>Noyaux: 8 Noyaux<\/li>\n<li>R\u00e9solution (px):\n<ul>\n<li>1080 px<\/li>\n<li>2560 x 1600 px<\/li>\n<li>3840 x 2160 px<\/li>\n<\/ul>\n<\/li>\n<\/ul>","protected":false},"excerpt":{"rendered":"<p>Si vous \u00eates \u00e0 la recherche de nouvelles tendances sur le march\u00e9, nous vous pr\u00e9sentons Tablette Samsung SM-X936BZAREUB 14,6&#8243; Octa Core 12 GB RAM 256 GB Gris ! La Samsung Galaxy Tab S11 Ultra (mod\u00e8le SM-X936BZAREUB) est une tablette de derni\u00e8re g\u00e9n\u00e9ration con\u00e7ue pour les utilisateurs exigeant un appareil polyvalent, aussi bien pour la productivit\u00e9 [&hellip;]<\/p>\n","protected":false},"featured_media":175636,"comment_status":"open","ping_status":"closed","template":"","meta":[],"product_brand":[183],"product_cat":[575,65,1052],"product_tag":[566,106],"class_list":{"0":"post-175643","1":"product","2":"type-product","3":"status-publish","4":"has-post-thumbnail","6":"product_brand-brandp_576","7":"product_cat-electronique-telephonie-et-tablettes","8":"product_cat-informatique-electronique","9":"product_cat-tablettes","10":"product_tag-tag_547","11":"product_tag-tag_1295","13":"first","14":"instock","15":"taxable","16":"shipping-taxable","17":"purchasable","18":"product-type-simple"},"_links":{"self":[{"href":"https:\/\/bigbuy.tupique.com\/en\/wp-json\/wp\/v2\/product\/175643","targetHints":{"allow":["GET"]}}],"collection":[{"href":"https:\/\/bigbuy.tupique.com\/en\/wp-json\/wp\/v2\/product"}],"about":[{"href":"https:\/\/bigbuy.tupique.com\/en\/wp-json\/wp\/v2\/types\/product"}],"replies":[{"embeddable":true,"href":"https:\/\/bigbuy.tupique.com\/en\/wp-json\/wp\/v2\/comments?post=175643"}],"wp:featuredmedia":[{"embeddable":true,"href":"https:\/\/bigbuy.tupique.com\/en\/wp-json\/wp\/v2\/media\/175636"}],"wp:attachment":[{"href":"https:\/\/bigbuy.tupique.com\/en\/wp-json\/wp\/v2\/media?parent=175643"}],"wp:term":[{"taxonomy":"product_brand","embeddable":true,"href":"https:\/\/bigbuy.tupique.com\/en\/wp-json\/wp\/v2\/product_brand?post=175643"},{"taxonomy":"product_cat","embeddable":true,"href":"https:\/\/bigbuy.tupique.com\/en\/wp-json\/wp\/v2\/product_cat?post=175643"},{"taxonomy":"product_tag","embeddable":true,"href":"https:\/\/bigbuy.tupique.com\/en\/wp-json\/wp\/v2\/product_tag?post=175643"}],"curies":[{"name":"wp","href":"https:\/\/api.w.org\/{rel}","templated":true}]}}