{"id":17454,"date":"2026-03-29T14:37:35","date_gmt":"2026-03-29T13:37:35","guid":{"rendered":"https:\/\/bigbuy.tupique.com\/produto\/laser-level-bosch-professional-gcl-2-50-c\/"},"modified":"2026-04-16T16:41:22","modified_gmt":"2026-04-16T15:41:22","slug":"laser-level-bosch-professional-gcl-2-50-c","status":"publish","type":"product","link":"https:\/\/bigbuy.tupique.com\/en\/produto\/laser-level-bosch-professional-gcl-2-50-c\/","title":{"rendered":"Niveau laser BOSCH Professional GCL 2-50 C"},"content":{"rendered":"<p>Si vous aimez prendre soin de chaque d\u00e9tail de votre maison et d&#8217;\u00eatre \u00e0 la derni\u00e8re mode en mati\u00e8re de produits qui vous rendront la vie plus facile, achetez <b>Niveau laser BOSCH Professional GCL 2-50 C<\/b> au meilleur prix.<\/p>\n<ul>\n<li>Tension: 12 V<\/li>\n<li>Couleur:\n<ul>\n<li>Bleu<\/li>\n<li>Noir\/Bleu<\/li>\n<\/ul>\n<\/li>\n<li>Poids: 2 Kg<\/li>\n<li>Classification IP: IP54<\/li>\n<li>Fonctionne \u00e0 piles:\n<ul>\n<li>Oui<\/li>\n<li>3 x AA, non fournies<\/li>\n<\/ul>\n<\/li>\n<li>Non inclut: Batterie<\/li>\n<li>Temp\u00e9rature approximative: &#8211; 20\u00baC \/ 70\u00b0C<\/li>\n<li>Type de batterie: Litio Ion<\/li>\n<\/ul>","protected":false},"excerpt":{"rendered":"<p>Si vous aimez prendre soin de chaque d\u00e9tail de votre maison et d&#8217;\u00eatre \u00e0 la derni\u00e8re mode en mati\u00e8re de produits qui vous rendront la vie plus facile, achetez Niveau laser BOSCH Professional GCL 2-50 C au meilleur prix. Tension: 12 V Couleur: Bleu Noir\/Bleu Poids: 2 Kg Classification IP: IP54 Fonctionne \u00e0 piles: Oui [&hellip;]<\/p>\n","protected":false},"featured_media":17428,"comment_status":"open","ping_status":"closed","template":"","meta":[],"product_brand":[162],"product_cat":[613,239],"product_tag":[59,210],"class_list":{"0":"post-17454","1":"product","2":"type-product","3":"status-publish","4":"has-post-thumbnail","6":"product_brand-brandp_959","7":"product_cat-bricolage-et-materiel","8":"product_cat-maison-jardin","9":"product_tag-tag_1304","10":"product_tag-tag_25","12":"first","13":"instock","14":"taxable","15":"shipping-taxable","16":"purchasable","17":"product-type-simple"},"_links":{"self":[{"href":"https:\/\/bigbuy.tupique.com\/en\/wp-json\/wp\/v2\/product\/17454","targetHints":{"allow":["GET"]}}],"collection":[{"href":"https:\/\/bigbuy.tupique.com\/en\/wp-json\/wp\/v2\/product"}],"about":[{"href":"https:\/\/bigbuy.tupique.com\/en\/wp-json\/wp\/v2\/types\/product"}],"replies":[{"embeddable":true,"href":"https:\/\/bigbuy.tupique.com\/en\/wp-json\/wp\/v2\/comments?post=17454"}],"wp:featuredmedia":[{"embeddable":true,"href":"https:\/\/bigbuy.tupique.com\/en\/wp-json\/wp\/v2\/media\/17428"}],"wp:attachment":[{"href":"https:\/\/bigbuy.tupique.com\/en\/wp-json\/wp\/v2\/media?parent=17454"}],"wp:term":[{"taxonomy":"product_brand","embeddable":true,"href":"https:\/\/bigbuy.tupique.com\/en\/wp-json\/wp\/v2\/product_brand?post=17454"},{"taxonomy":"product_cat","embeddable":true,"href":"https:\/\/bigbuy.tupique.com\/en\/wp-json\/wp\/v2\/product_cat?post=17454"},{"taxonomy":"product_tag","embeddable":true,"href":"https:\/\/bigbuy.tupique.com\/en\/wp-json\/wp\/v2\/product_tag?post=17454"}],"curies":[{"name":"wp","href":"https:\/\/api.w.org\/{rel}","templated":true}]}}