{"id":17380,"date":"2026-03-29T14:35:31","date_gmt":"2026-03-29T13:35:31","guid":{"rendered":"https:\/\/bigbuy.tupique.com\/produto\/telemeter-bosch-glm-tv-150-27-c\/"},"modified":"2026-04-16T16:41:23","modified_gmt":"2026-04-16T15:41:23","slug":"telemeter-bosch-glm-tv-150-27-c","status":"publish","type":"product","link":"https:\/\/bigbuy.tupique.com\/en\/produto\/telemeter-bosch-glm-tv-150-27-c\/","title":{"rendered":"T\u00e9l\u00e9m\u00e8tre BOSCH GLM TV 150-27 C"},"content":{"rendered":"<p>Si vous aimez prendre soin de chaque d\u00e9tail de votre maison et d&#8217;\u00eatre \u00e0 la derni\u00e8re mode en mati\u00e8re de produits qui vous rendront la vie plus facile, achetez <b>T\u00e9l\u00e9m\u00e8tre BOSCH GLM TV 150-27 C<\/b> au meilleur prix.<\/p>\n<ul>\n<li>Type: Laser<\/li>\n<li>Classification IP: IP54<\/li>\n<li>Couleur: Bleu<\/li>\n<li>Caract\u00e9ristiques: Avec \u00e9tui<\/li>\n<li>Bloc d\u2019Alimentation: Batterie<\/li>\n<li>Fonctionne \u00e0 piles: Oui<\/li>\n<li>Piles incluses: Oui<\/li>\n<li>Type de batterie: Litio Ion<\/li>\n<\/ul>","protected":false},"excerpt":{"rendered":"<p>Si vous aimez prendre soin de chaque d\u00e9tail de votre maison et d&#8217;\u00eatre \u00e0 la derni\u00e8re mode en mati\u00e8re de produits qui vous rendront la vie plus facile, achetez T\u00e9l\u00e9m\u00e8tre BOSCH GLM TV 150-27 C au meilleur prix. Type: Laser Classification IP: IP54 Couleur: Bleu Caract\u00e9ristiques: Avec \u00e9tui Bloc d\u2019Alimentation: Batterie Fonctionne \u00e0 piles: Oui [&hellip;]<\/p>\n","protected":false},"featured_media":17372,"comment_status":"open","ping_status":"closed","template":"","meta":[],"product_brand":[162],"product_cat":[613,239],"product_tag":[59,210],"class_list":{"0":"post-17380","1":"product","2":"type-product","3":"status-publish","4":"has-post-thumbnail","6":"product_brand-brandp_959","7":"product_cat-bricolage-et-materiel","8":"product_cat-maison-jardin","9":"product_tag-tag_1304","10":"product_tag-tag_25","12":"first","13":"instock","14":"taxable","15":"shipping-taxable","16":"purchasable","17":"product-type-simple"},"_links":{"self":[{"href":"https:\/\/bigbuy.tupique.com\/en\/wp-json\/wp\/v2\/product\/17380","targetHints":{"allow":["GET"]}}],"collection":[{"href":"https:\/\/bigbuy.tupique.com\/en\/wp-json\/wp\/v2\/product"}],"about":[{"href":"https:\/\/bigbuy.tupique.com\/en\/wp-json\/wp\/v2\/types\/product"}],"replies":[{"embeddable":true,"href":"https:\/\/bigbuy.tupique.com\/en\/wp-json\/wp\/v2\/comments?post=17380"}],"wp:featuredmedia":[{"embeddable":true,"href":"https:\/\/bigbuy.tupique.com\/en\/wp-json\/wp\/v2\/media\/17372"}],"wp:attachment":[{"href":"https:\/\/bigbuy.tupique.com\/en\/wp-json\/wp\/v2\/media?parent=17380"}],"wp:term":[{"taxonomy":"product_brand","embeddable":true,"href":"https:\/\/bigbuy.tupique.com\/en\/wp-json\/wp\/v2\/product_brand?post=17380"},{"taxonomy":"product_cat","embeddable":true,"href":"https:\/\/bigbuy.tupique.com\/en\/wp-json\/wp\/v2\/product_cat?post=17380"},{"taxonomy":"product_tag","embeddable":true,"href":"https:\/\/bigbuy.tupique.com\/en\/wp-json\/wp\/v2\/product_tag?post=17380"}],"curies":[{"name":"wp","href":"https:\/\/api.w.org\/{rel}","templated":true}]}}