{"id":17340,"date":"2026-03-29T14:34:26","date_gmt":"2026-03-29T13:34:26","guid":{"rendered":"https:\/\/bigbuy.tupique.com\/produto\/video-conferencing-system-cisco-cs-bar-t-k9\/"},"modified":"2026-04-16T09:17:21","modified_gmt":"2026-04-16T08:17:21","slug":"video-conferencing-system-cisco-cs-bar-t-k9","status":"publish","type":"product","link":"https:\/\/bigbuy.tupique.com\/en\/produto\/video-conferencing-system-cisco-cs-bar-t-k9\/","title":{"rendered":"Syst\u00e8me de Vid\u00e9oconf\u00e9rence CISCO CS-BAR-T-K9"},"content":{"rendered":"<p>Si vous \u00eates passionn\u00e9 d&#8217;<b>informatique et d&#8217;\u00e9lectronique<\/b>, si vous \u00eates \u00e0 la pointe de la technologie et qu&#8217;aucun d\u00e9tail ne vous \u00e9chappe, achetez <b>Syst\u00e8me de Vid\u00e9oconf\u00e9rence CISCO CS-BAR-T-K9<\/b> au meilleur prix.<\/p>\n<ul>\n<li>Connexions:\n<ul>\n<li>Ethernet LAN<\/li>\n<li>HDMI<\/li>\n<li>RJ45<\/li>\n<li>HDMI x 2<\/li>\n<\/ul>\n<\/li>\n<li>Type: Syst\u00e8me de Vid\u00e9oconf\u00e9rence<\/li>\n<li>Couleur: Gris<\/li>\n<li>Caract\u00e9ristiques: Haut-parleurs int\u00e9gr\u00e9s<\/li>\n<li>Zoom Num\u00e9rique: 5x<\/li>\n<li>Cam\u00e9ra\/Appareil Photo: 12 MP<\/li>\n<li>R\u00e9solution: 4K Ultra HD<\/li>\n<li>R\u00e9solution (px): 3840 x 2160 px<\/li>\n<\/ul>","protected":false},"excerpt":{"rendered":"<p>Si vous \u00eates passionn\u00e9 d&#8217;informatique et d&#8217;\u00e9lectronique, si vous \u00eates \u00e0 la pointe de la technologie et qu&#8217;aucun d\u00e9tail ne vous \u00e9chappe, achetez Syst\u00e8me de Vid\u00e9oconf\u00e9rence CISCO CS-BAR-T-K9 au meilleur prix. Connexions: Ethernet LAN HDMI RJ45 HDMI x 2 Type: Syst\u00e8me de Vid\u00e9oconf\u00e9rence Couleur: Gris Caract\u00e9ristiques: Haut-parleurs int\u00e9gr\u00e9s Zoom Num\u00e9rique: 5x Cam\u00e9ra\/Appareil Photo: 12 MP [&hellip;]<\/p>\n","protected":false},"featured_media":182193,"comment_status":"open","ping_status":"closed","template":"","meta":[],"product_brand":[656],"product_cat":[65,581,607],"product_tag":[213,106],"class_list":{"0":"post-17340","1":"product","2":"type-product","3":"status-publish","4":"has-post-thumbnail","6":"product_brand-brandp_1036","7":"product_cat-informatique-electronique","8":"product_cat-informatique-peripheriques-et-consommables","9":"product_cat-webcam","10":"product_tag-tag_933","11":"product_tag-tag_1295","13":"first","14":"instock","15":"taxable","16":"shipping-taxable","17":"purchasable","18":"product-type-simple"},"_links":{"self":[{"href":"https:\/\/bigbuy.tupique.com\/en\/wp-json\/wp\/v2\/product\/17340","targetHints":{"allow":["GET"]}}],"collection":[{"href":"https:\/\/bigbuy.tupique.com\/en\/wp-json\/wp\/v2\/product"}],"about":[{"href":"https:\/\/bigbuy.tupique.com\/en\/wp-json\/wp\/v2\/types\/product"}],"replies":[{"embeddable":true,"href":"https:\/\/bigbuy.tupique.com\/en\/wp-json\/wp\/v2\/comments?post=17340"}],"wp:featuredmedia":[{"embeddable":true,"href":"https:\/\/bigbuy.tupique.com\/en\/wp-json\/wp\/v2\/media\/182193"}],"wp:attachment":[{"href":"https:\/\/bigbuy.tupique.com\/en\/wp-json\/wp\/v2\/media?parent=17340"}],"wp:term":[{"taxonomy":"product_brand","embeddable":true,"href":"https:\/\/bigbuy.tupique.com\/en\/wp-json\/wp\/v2\/product_brand?post=17340"},{"taxonomy":"product_cat","embeddable":true,"href":"https:\/\/bigbuy.tupique.com\/en\/wp-json\/wp\/v2\/product_cat?post=17340"},{"taxonomy":"product_tag","embeddable":true,"href":"https:\/\/bigbuy.tupique.com\/en\/wp-json\/wp\/v2\/product_tag?post=17340"}],"curies":[{"name":"wp","href":"https:\/\/api.w.org\/{rel}","templated":true}]}}