{"id":17265,"date":"2026-03-29T14:32:39","date_gmt":"2026-03-29T13:32:39","guid":{"rendered":"https:\/\/bigbuy.tupique.com\/produto\/circular-saw-bosch-gks-18v-57-2-18-v\/"},"modified":"2026-05-11T20:02:45","modified_gmt":"2026-05-11T18:02:45","slug":"circular-saw-bosch-gks-18v-57-2-18-v","status":"publish","type":"product","link":"https:\/\/bigbuy.tupique.com\/en\/produto\/circular-saw-bosch-gks-18v-57-2-18-v\/","title":{"rendered":"Scie circulaire BOSCH GKS 18V-57-2 18 V"},"content":{"rendered":"<p>Si vous aimez prendre soin de chaque d\u00e9tail de votre maison et d&#8217;\u00eatre \u00e0 la derni\u00e8re mode en mati\u00e8re de produits qui vous rendront la vie plus facile, achetez <b>Scie circulaire BOSCH GKS 18V-57-2 18 V<\/b> au meilleur prix.<\/p>\n<ul>\n<li>Tension: 18 V<\/li>\n<li>Couleur: Multicouleur<\/li>\n<li>Largeur: 30 cm<\/li>\n<li>Bloc d\u2019Alimentation: Batterie<\/li>\n<li>Moteur: Sans brosse<\/li>\n<li>Caract\u00e9ristiques: Verrou de s\u00e9curit\u00e9<\/li>\n<li>vitesse: 5000 rpm<\/li>\n<li>Inclut: Lumi\u00e8re LED<\/li>\n<\/ul>","protected":false},"excerpt":{"rendered":"<p>Si vous aimez prendre soin de chaque d\u00e9tail de votre maison et d&#8217;\u00eatre \u00e0 la derni\u00e8re mode en mati\u00e8re de produits qui vous rendront la vie plus facile, achetez Scie circulaire BOSCH GKS 18V-57-2 18 V au meilleur prix. Tension: 18 V Couleur: Multicouleur Largeur: 30 cm Bloc d\u2019Alimentation: Batterie Moteur: Sans brosse Caract\u00e9ristiques: Verrou [&hellip;]<\/p>\n","protected":false},"featured_media":17264,"comment_status":"open","ping_status":"closed","template":"","meta":[],"product_brand":[162],"product_cat":[613,239],"product_tag":[59,210],"class_list":{"0":"post-17265","1":"product","2":"type-product","3":"status-publish","4":"has-post-thumbnail","6":"product_brand-brandp_959","7":"product_cat-bricolage-et-materiel","8":"product_cat-maison-jardin","9":"product_tag-tag_1304","10":"product_tag-tag_25","12":"first","13":"instock","14":"taxable","15":"shipping-taxable","16":"purchasable","17":"product-type-simple"},"_links":{"self":[{"href":"https:\/\/bigbuy.tupique.com\/en\/wp-json\/wp\/v2\/product\/17265","targetHints":{"allow":["GET"]}}],"collection":[{"href":"https:\/\/bigbuy.tupique.com\/en\/wp-json\/wp\/v2\/product"}],"about":[{"href":"https:\/\/bigbuy.tupique.com\/en\/wp-json\/wp\/v2\/types\/product"}],"replies":[{"embeddable":true,"href":"https:\/\/bigbuy.tupique.com\/en\/wp-json\/wp\/v2\/comments?post=17265"}],"wp:featuredmedia":[{"embeddable":true,"href":"https:\/\/bigbuy.tupique.com\/en\/wp-json\/wp\/v2\/media\/17264"}],"wp:attachment":[{"href":"https:\/\/bigbuy.tupique.com\/en\/wp-json\/wp\/v2\/media?parent=17265"}],"wp:term":[{"taxonomy":"product_brand","embeddable":true,"href":"https:\/\/bigbuy.tupique.com\/en\/wp-json\/wp\/v2\/product_brand?post=17265"},{"taxonomy":"product_cat","embeddable":true,"href":"https:\/\/bigbuy.tupique.com\/en\/wp-json\/wp\/v2\/product_cat?post=17265"},{"taxonomy":"product_tag","embeddable":true,"href":"https:\/\/bigbuy.tupique.com\/en\/wp-json\/wp\/v2\/product_tag?post=17265"}],"curies":[{"name":"wp","href":"https:\/\/api.w.org\/{rel}","templated":true}]}}