{"id":17206,"date":"2026-03-29T14:19:43","date_gmt":"2026-03-29T13:19:43","guid":{"rendered":"https:\/\/bigbuy.tupique.com\/produto\/wet-and-dry-vacuum-cleaner-karcher-wd-6-p-s-v-30-6-22-t-23-kpa-30-l-1300-w-blower\/"},"modified":"2026-04-16T19:00:44","modified_gmt":"2026-04-16T18:00:44","slug":"wet-and-dry-vacuum-cleaner-karcher-wd-6-p-s-v-30-6-22-t-23-kpa-30-l-1300-w-blower","status":"publish","type":"product","link":"https:\/\/bigbuy.tupique.com\/en\/produto\/wet-and-dry-vacuum-cleaner-karcher-wd-6-p-s-v-30-6-22-t-23-kpa-30-l-1300-w-blower\/","title":{"rendered":"Aspirateur \u00e0 sec et humide K\u00e4rcher WD 6 P S V-30\/6\/22\/T 23 kPa 30 L 1300 W Souffleuse"},"content":{"rendered":"<p>Si vous aimez prendre soin de chaque d\u00e9tail de votre maison et d&#8217;\u00eatre \u00e0 la derni\u00e8re mode en mati\u00e8re de produits qui vous rendront la vie plus facile, achetez <b>Aspirateur \u00e0 sec et humide K\u00e4rcher WD 6 P S V-30\/6\/22\/T 23 kPa 30 L 1300 W Souffleuse<\/b> au meilleur prix.<\/p>\n<p>Le <b>aspirateur K\u00e4rcher WD 6 P S V-30\/6\/22\/T<\/b> est un appareil puissant et polyvalent con\u00e7u pour des t\u00e2ches de nettoyage exigeantes, tant en milieu domestique que professionnel. Avec une capacit\u00e9 de <b>30 litres<\/b>, il offre une grande autonomie sans vidage fr\u00e9quent du r\u00e9servoir, facilitant la collecte de poussi\u00e8res et liquides. Son moteur de <b>1300 W<\/b> fournit une puissance optimale pour aspirer poussi\u00e8res, d\u00e9bris solides et r\u00e9sidus humides, garantissant une performance efficace et constante. Fabriqu\u00e9 en <b>acier<\/b> r\u00e9sistant, il assure durabilit\u00e9 et robustesse face \u00e0 l\u2019usure li\u00e9e au nettoyage intensif. Ce mod\u00e8le pr\u00e9sente un design en <b>couleur jaune<\/b> facilitant sa localisation et sa manipulation, et dispose d\u2019un syst\u00e8me de contr\u00f4le par <b>commande rotative<\/b> pour ajuster intuitivement la puissance selon les surfaces et types de salet\u00e9. Il inclut une <b>buse \u00e9troite<\/b> sp\u00e9cialement con\u00e7ue pour atteindre les coins difficiles, permettant un nettoyage pr\u00e9cis et complet dans les espaces restreints ou difficiles d\u2019acc\u00e8s. Sa configuration et ses performances font du WD 6 P S V un outil fiable et efficace, adapt\u00e9 aux utilisateurs recherchant une solution de nettoyage puissante, durable et facile \u00e0 manier pour diverses conditions et mat\u00e9riaux. Cet aspirateur se positionne comme une alternative solide et professionnelle dans le segment des aspirateurs \u00e0 haute capacit\u00e9 et performance.<\/p>\n<ul>\n<li>Type de prise: Prise EU<\/li>\n<li>Fonctions: Souffleuse<\/li>\n<li>Type: Aspirateur<\/li>\n<li>Couleur: Jaune<\/li>\n<li>Mati\u00e8re: Acier<\/li>\n<li>Dimensions approx.: 40 x 40 x 76 cm<\/li>\n<li>Aspiration: 23 kPa<\/li>\n<li>Capacit\u00e9: 30 L<\/li>\n<li>Caract\u00e9ristiques:\n<ul>\n<li>Commande rotative<\/li>\n<li>Buse \u00e9troite<\/li>\n<\/ul>\n<\/li>\n<li>puissance: 1300 W<\/li>\n<li>Longueur du c\u00e2ble: 6 m<\/li>\n<li>Fr\u00e9quence d&#8217;entr\u00e9e AC: 50-60 Hz<\/li>\n<li>Inclut: Anse de transport<\/li>\n<li>Tension: 220-240 V<\/li>\n<\/ul>","protected":false},"excerpt":{"rendered":"<p><span class=\"unit-info\">9.6330 &euro; \/ 1 l<\/span><\/p>","protected":false},"featured_media":51537,"comment_status":"open","ping_status":"closed","template":"","meta":[],"product_brand":[828],"product_cat":[762,239,240],"product_tag":[59,56,210],"class_list":{"0":"post-17206","1":"product","2":"type-product","3":"status-publish","4":"has-post-thumbnail","6":"product_brand-brandp_1299","7":"product_cat-aspirateurs-et-robots","8":"product_cat-maison-jardin","9":"product_cat-nettoyage-aspirateur-et-repassage","10":"product_tag-tag_1304","11":"product_tag-tag_930","12":"product_tag-tag_25","14":"first","15":"instock","16":"taxable","17":"shipping-taxable","18":"purchasable","19":"product-type-simple"},"_links":{"self":[{"href":"https:\/\/bigbuy.tupique.com\/en\/wp-json\/wp\/v2\/product\/17206","targetHints":{"allow":["GET"]}}],"collection":[{"href":"https:\/\/bigbuy.tupique.com\/en\/wp-json\/wp\/v2\/product"}],"about":[{"href":"https:\/\/bigbuy.tupique.com\/en\/wp-json\/wp\/v2\/types\/product"}],"replies":[{"embeddable":true,"href":"https:\/\/bigbuy.tupique.com\/en\/wp-json\/wp\/v2\/comments?post=17206"}],"wp:featuredmedia":[{"embeddable":true,"href":"https:\/\/bigbuy.tupique.com\/en\/wp-json\/wp\/v2\/media\/51537"}],"wp:attachment":[{"href":"https:\/\/bigbuy.tupique.com\/en\/wp-json\/wp\/v2\/media?parent=17206"}],"wp:term":[{"taxonomy":"product_brand","embeddable":true,"href":"https:\/\/bigbuy.tupique.com\/en\/wp-json\/wp\/v2\/product_brand?post=17206"},{"taxonomy":"product_cat","embeddable":true,"href":"https:\/\/bigbuy.tupique.com\/en\/wp-json\/wp\/v2\/product_cat?post=17206"},{"taxonomy":"product_tag","embeddable":true,"href":"https:\/\/bigbuy.tupique.com\/en\/wp-json\/wp\/v2\/product_tag?post=17206"}],"curies":[{"name":"wp","href":"https:\/\/api.w.org\/{rel}","templated":true}]}}