{"id":172048,"date":"2026-04-11T08:17:12","date_gmt":"2026-04-11T07:17:12","guid":{"rendered":"https:\/\/bigbuy.tupique.com\/produto\/dryer-aeg-tr719g2pb-9-kg-heat-pump-white\/"},"modified":"2026-04-15T17:53:58","modified_gmt":"2026-04-15T16:53:58","slug":"dryer-aeg-tr719g2pb-9-kg-heat-pump-white","status":"publish","type":"product","link":"https:\/\/bigbuy.tupique.com\/en\/produto\/dryer-aeg-tr719g2pb-9-kg-heat-pump-white\/","title":{"rendered":"S\u00e9cheuse AEG TR719G2PB 9 kg Pompe \u00e0 chaleur Blanc"},"content":{"rendered":"<p>Si vous recherchez des \u00e9lectrom\u00e9nagers pour votre maison aux meilleurs prix, ne manquez pas <b>S\u00e9cheuse AEG TR719G2PB 9 kg Pompe \u00e0 chaleur Blanc<\/b> et une large s\u00e9lection de petits \u00e9lectrom\u00e9nagers de qualit\u00e9 !<\/p>\n<p>Le <b>s\u00e9choir AEG TR719G2PB<\/b> est un appareil \u00e9lectrom\u00e9nager \u00e0 haute efficacit\u00e9 con\u00e7u pour optimiser le processus de s\u00e9chage gr\u00e2ce \u00e0 un syst\u00e8me de <b>pompe \u00e0 chaleur<\/b>, reconnu pour sa faible consommation d\u2019\u00e9nergie et son s\u00e9chage plus d\u00e9licat respectant les tissus. Il se distingue par sa <b>classe \u00e9nerg\u00e9tique A+++<\/b>, ce qui en fait une option id\u00e9ale pour ceux qui souhaitent r\u00e9duire leur consommation \u00e9nerg\u00e9tique et leur impact environnemental sans sacrifier la performance. Il offre une <b>capacit\u00e9 de 9 kg<\/b>, adapt\u00e9e aux foyers moyens et grands, permettant de g\u00e9rer efficacement aussi bien les charges volumineuses que les v\u00eatements d\u00e9licats. Son design en <b>blanc<\/b> apporte une touche neutre et intemporelle facilitant son int\u00e9gration dans tout espace. De plus, il int\u00e8gre un <b>\u00e9cran digital<\/b> pour un contr\u00f4le simple et pr\u00e9cis des cycles et programmes. Parmi ses programmes de s\u00e9chage figurent des options vari\u00e9es telles que <b>Cool Air<\/b> pour un s\u00e9chage sans chaleur, id\u00e9al pour rafra\u00eechir les v\u00eatements, <b>Cotton extra dry<\/b> pour un coton parfaitement sec, <b>Cupboard dry<\/b> pour des v\u00eatements pr\u00eats \u00e0 \u00eatre rang\u00e9s, ainsi qu\u2019un programme sp\u00e9cifique de <b>s\u00e9chage pour repassage<\/b> qui r\u00e9duit les plis facilitant le repassage. Un autre atout important est son <b>niveau sonore de 64 dB<\/b>, relativement bas pour ce type d\u2019appareil, offrant une exp\u00e9rience d\u2019utilisation plus confortable et silencieuse. En r\u00e9sum\u00e9, le <b>AEG TR719G2PB<\/b> combine technologie avanc\u00e9e et interface intuitive pour garantir un s\u00e9chage efficace, respectueux des tissus et \u00e0 consommation ma\u00eetris\u00e9e, se positionnant comme un s\u00e9choir haut de gamme \u00e0 pompe \u00e0 chaleur.<\/p>\n<ul>\n<li>Type:\n<ul>\n<li>Pompe \u00e0 chaleur<\/li>\n<li>S\u00e9cheuse<\/li>\n<\/ul>\n<\/li>\n<li>Couleur: Blanc<\/li>\n<li>Langue: Espagnol<\/li>\n<li>Classification \u00e9nerg\u00e9tique:\n<ul>\n<li>A+++<\/li>\n<li>C<\/li>\n<\/ul>\n<\/li>\n<li>Capacit\u00e9: 9 kg<\/li>\n<li>Produit \u00e0 brancher: Oui<\/li>\n<li>Bloc d\u2019Alimentation: r\u00e9seau \u00e9lectrique<\/li>\n<\/ul>","protected":false},"excerpt":{"rendered":"<p><span class=\"unit-info\">90.6656 &euro; \/ 1 kg<\/span><\/p>","protected":false},"featured_media":172046,"comment_status":"open","ping_status":"closed","template":"","meta":[],"product_brand":[1386],"product_cat":[239,240,751],"product_tag":[],"class_list":{"0":"post-172048","1":"product","2":"type-product","3":"status-publish","4":"has-post-thumbnail","6":"product_brand-brandp_679","7":"product_cat-maison-jardin","8":"product_cat-nettoyage-aspirateur-et-repassage","9":"product_cat-seche-linge-fers-a-repasser-sechoirs","11":"first","12":"instock","13":"taxable","14":"shipping-taxable","15":"purchasable","16":"product-type-simple"},"_links":{"self":[{"href":"https:\/\/bigbuy.tupique.com\/en\/wp-json\/wp\/v2\/product\/172048","targetHints":{"allow":["GET"]}}],"collection":[{"href":"https:\/\/bigbuy.tupique.com\/en\/wp-json\/wp\/v2\/product"}],"about":[{"href":"https:\/\/bigbuy.tupique.com\/en\/wp-json\/wp\/v2\/types\/product"}],"replies":[{"embeddable":true,"href":"https:\/\/bigbuy.tupique.com\/en\/wp-json\/wp\/v2\/comments?post=172048"}],"wp:featuredmedia":[{"embeddable":true,"href":"https:\/\/bigbuy.tupique.com\/en\/wp-json\/wp\/v2\/media\/172046"}],"wp:attachment":[{"href":"https:\/\/bigbuy.tupique.com\/en\/wp-json\/wp\/v2\/media?parent=172048"}],"wp:term":[{"taxonomy":"product_brand","embeddable":true,"href":"https:\/\/bigbuy.tupique.com\/en\/wp-json\/wp\/v2\/product_brand?post=172048"},{"taxonomy":"product_cat","embeddable":true,"href":"https:\/\/bigbuy.tupique.com\/en\/wp-json\/wp\/v2\/product_cat?post=172048"},{"taxonomy":"product_tag","embeddable":true,"href":"https:\/\/bigbuy.tupique.com\/en\/wp-json\/wp\/v2\/product_tag?post=172048"}],"curies":[{"name":"wp","href":"https:\/\/api.w.org\/{rel}","templated":true}]}}