{"id":171866,"date":"2026-04-11T07:48:12","date_gmt":"2026-04-11T06:48:12","guid":{"rendered":"https:\/\/bigbuy.tupique.com\/produto\/switch-netgear-gs524pp-100eus-1000-mbps\/"},"modified":"2026-05-11T19:58:49","modified_gmt":"2026-05-11T17:58:49","slug":"switch-netgear-gs524pp-100eus-1000-mbps","status":"publish","type":"product","link":"https:\/\/bigbuy.tupique.com\/en\/produto\/switch-netgear-gs524pp-100eus-1000-mbps\/","title":{"rendered":"Switch Netgear GS524PP-100EUS 1000 Mbps"},"content":{"rendered":"<p>Si vous \u00eates passionn\u00e9 d&#8217;<b>informatique et d&#8217;\u00e9lectronique<\/b>, si vous \u00eates \u00e0 la pointe de la technologie et qu&#8217;aucun d\u00e9tail ne vous \u00e9chappe, achetez <b>Switch Netgear GS524PP-100EUS 1000 Mbps<\/b> au meilleur prix.<\/p>\n<p>Le <b>Netgear GS524PP-100EUS<\/b> est un <b>switch<\/b> non g\u00e9r\u00e9 con\u00e7u pour offrir une connectivit\u00e9 efficace et stable dans les r\u00e9seaux d\u2019entreprise ou les environnements avec plusieurs appareils connect\u00e9s. Ce mod\u00e8le dispose de <b>24 ports RJ-45 Gigabit Ethernet<\/b> supportant des vitesses de transfert jusqu\u2019\u00e0 1000 Mbps, facilitant la transmission rapide et fiable des donn\u00e9es sur les r\u00e9seaux LAN c\u00e2bl\u00e9s. Son bo\u00eetier m\u00e9tallique de couleur <b>gris<\/b> assure robustesse et durabilit\u00e9, tout en permettant un montage en rack pour une int\u00e9gration ordonn\u00e9e dans les espaces professionnels. Parmi ses caract\u00e9ristiques techniques, on note la prise en charge des normes IEEE 802.3at et IEEE 802.1p, qui permettent d\u2019int\u00e9grer des fonctionnalit\u00e9s de Qualit\u00e9 de Service (QoS) pour prioriser le trafic et garantir des performances optimales sur les applications sensibles \u00e0 la latence. Il int\u00e8gre \u00e9galement la technologie <b>Power over Ethernet (PoE)<\/b> avec une puissance totale allant jusqu\u2019\u00e0 <b>30 W<\/b>, ce qui permet d\u2019alimenter directement via le c\u00e2ble r\u00e9seau des appareils compatibles comme des cam\u00e9ras IP, t\u00e9l\u00e9phones VoIP ou points d\u2019acc\u00e8s sans fil, \u00e9liminant le besoin d\u2019alimentations suppl\u00e9mentaires. La conformit\u00e9 \u00e0 la norme IEEE 802.3az contribue \u00e0 l\u2019efficacit\u00e9 \u00e9nerg\u00e9tique de l\u2019appareil en ajustant la consommation selon l\u2019activit\u00e9 r\u00e9seau, r\u00e9duisant ainsi les co\u00fbts et l\u2019impact environnemental. Ce <b>switch Netgear GS524PP<\/b> est une solution pratique pour \u00e9tendre et optimiser les infrastructures r\u00e9seau, particuli\u00e8rement adapt\u00e9e aux environnements n\u00e9cessitant un syst\u00e8me fiable et simple \u00e0 installer sans configuration avanc\u00e9e, id\u00e9al pour les PME ou installations demandant une gestion facile mais professionnelle. Dans l\u2019ensemble, il offre un bon \u00e9quilibre entre fonctionnalit\u00e9, durabilit\u00e9 et efficacit\u00e9 \u00e9nerg\u00e9tique dans un format compact et robuste.<\/p>\n<ul>\n<li>Type:\n<ul>\n<li>Commutateur R\u00e9seau Armoire<\/li>\n<li>Switch<\/li>\n<\/ul>\n<\/li>\n<li>Produit \u00e0 brancher: Oui<\/li>\n<li>Type de prise: Prise EU<\/li>\n<li>Bloc d\u2019Alimentation:\n<ul>\n<li>r\u00e9seau \u00e9lectrique<\/li>\n<li>Incluses<\/li>\n<\/ul>\n<\/li>\n<li>Couleur: Gris<\/li>\n<li>Connexions:\n<ul>\n<li>RJ45<\/li>\n<li>Ethernet LAN<\/li>\n<li>RJ45 x 24<\/li>\n<\/ul>\n<\/li>\n<li>Mati\u00e8re: M\u00e9tal<\/li>\n<li>puissance: 30 W<\/li>\n<li>Poids approx.: 3,9 Kg<\/li>\n<li>Largeur: 39 cm<\/li>\n<\/ul>","protected":false},"excerpt":{"rendered":"<p>Si vous \u00eates passionn\u00e9 d&#8217;informatique et d&#8217;\u00e9lectronique, si vous \u00eates \u00e0 la pointe de la technologie et qu&#8217;aucun d\u00e9tail ne vous \u00e9chappe, achetez Switch Netgear GS524PP-100EUS 1000 Mbps au meilleur prix. Le Netgear GS524PP-100EUS est un switch non g\u00e9r\u00e9 con\u00e7u pour offrir une connectivit\u00e9 efficace et stable dans les r\u00e9seaux d\u2019entreprise ou les environnements avec [&hellip;]<\/p>\n","protected":false},"featured_media":171863,"comment_status":"open","ping_status":"closed","template":"","meta":[],"product_brand":[633],"product_cat":[65,584,585],"product_tag":[106],"class_list":{"0":"post-171866","1":"product","2":"type-product","3":"status-publish","4":"has-post-thumbnail","6":"product_brand-brandp_567","7":"product_cat-informatique-electronique","8":"product_cat-informatique-reseaux-et-composants","9":"product_cat-switch","10":"product_tag-tag_1295","12":"first","13":"instock","14":"taxable","15":"shipping-taxable","16":"purchasable","17":"product-type-simple"},"_links":{"self":[{"href":"https:\/\/bigbuy.tupique.com\/en\/wp-json\/wp\/v2\/product\/171866","targetHints":{"allow":["GET"]}}],"collection":[{"href":"https:\/\/bigbuy.tupique.com\/en\/wp-json\/wp\/v2\/product"}],"about":[{"href":"https:\/\/bigbuy.tupique.com\/en\/wp-json\/wp\/v2\/types\/product"}],"replies":[{"embeddable":true,"href":"https:\/\/bigbuy.tupique.com\/en\/wp-json\/wp\/v2\/comments?post=171866"}],"wp:featuredmedia":[{"embeddable":true,"href":"https:\/\/bigbuy.tupique.com\/en\/wp-json\/wp\/v2\/media\/171863"}],"wp:attachment":[{"href":"https:\/\/bigbuy.tupique.com\/en\/wp-json\/wp\/v2\/media?parent=171866"}],"wp:term":[{"taxonomy":"product_brand","embeddable":true,"href":"https:\/\/bigbuy.tupique.com\/en\/wp-json\/wp\/v2\/product_brand?post=171866"},{"taxonomy":"product_cat","embeddable":true,"href":"https:\/\/bigbuy.tupique.com\/en\/wp-json\/wp\/v2\/product_cat?post=171866"},{"taxonomy":"product_tag","embeddable":true,"href":"https:\/\/bigbuy.tupique.com\/en\/wp-json\/wp\/v2\/product_tag?post=171866"}],"curies":[{"name":"wp","href":"https:\/\/api.w.org\/{rel}","templated":true}]}}