{"id":171790,"date":"2026-04-11T07:40:31","date_gmt":"2026-04-11T06:40:31","guid":{"rendered":"https:\/\/bigbuy.tupique.com\/produto\/stabiliser-for-support-dji-rs-4\/"},"modified":"2026-04-16T16:56:21","modified_gmt":"2026-04-16T15:56:21","slug":"stabiliser-for-support-dji-rs-4","status":"publish","type":"product","link":"https:\/\/bigbuy.tupique.com\/en\/produto\/stabiliser-for-support-dji-rs-4\/","title":{"rendered":"Stabilisateur de soutien Dji RS 4"},"content":{"rendered":"<p>Si vous \u00eates passionn\u00e9 d&#8217;<b>informatique et d&#8217;\u00e9lectronique<\/b>, si vous \u00eates \u00e0 la pointe de la technologie et qu&#8217;aucun d\u00e9tail ne vous \u00e9chappe, achetez <b>Stabilisateur de soutien Dji RS 4<\/b> au meilleur prix.<\/p>\n<ul>\n<li>Type:\n<ul>\n<li>Stabilisateur de soutien<\/li>\n<li>Universel<\/li>\n<\/ul>\n<\/li>\n<li>Caract\u00e9ristiques:\n<ul>\n<li>Stabilisateur<\/li>\n<li>Pliable<\/li>\n<li>Batterie int\u00e9gr\u00e9e<\/li>\n<\/ul>\n<\/li>\n<li>Couleur:\n<ul>\n<li>Noir<\/li>\n<li>Gris<\/li>\n<\/ul>\n<\/li>\n<li>Mati\u00e8re: Aluminium<\/li>\n<li>Connectivit\u00e9:\n<ul>\n<li>Bluetooth<\/li>\n<li>Bluetooth 5.1<\/li>\n<\/ul>\n<\/li>\n<li>Fixation: Filetage 1\/4<\/li>\n<li>Capacit\u00e9 de la batterie: 3000 mAh<\/li>\n<li>Temps de charge approx.: 2,5 heures<\/li>\n<li>Angle: 360\u00ba<\/li>\n<li>Batterie: Chargeur USB<\/li>\n<li>Poids Max. support\u00e9: 3 Kg<\/li>\n<li>Poids: 1,65 Kg<\/li>\n<li>Fonctionne \u00e0 piles:\n<ul>\n<li>1 Litio Ion, incluidas<\/li>\n<li>1 Pol\u00edmero de litio<\/li>\n<\/ul>\n<\/li>\n<li>Compatible: Appareil Photo<\/li>\n<li>R\u00e9solution (px): 1080 px<\/li>\n<\/ul>","protected":false},"excerpt":{"rendered":"<p>Si vous \u00eates passionn\u00e9 d&#8217;informatique et d&#8217;\u00e9lectronique, si vous \u00eates \u00e0 la pointe de la technologie et qu&#8217;aucun d\u00e9tail ne vous \u00e9chappe, achetez Stabilisateur de soutien Dji RS 4 au meilleur prix. Type: Stabilisateur de soutien Universel Caract\u00e9ristiques: Stabilisateur Pliable Batterie int\u00e9gr\u00e9e Couleur: Noir Gris Mati\u00e8re: Aluminium Connectivit\u00e9: Bluetooth Bluetooth 5.1 Fixation: Filetage 1\/4 Capacit\u00e9 [&hellip;]<\/p>\n","protected":false},"featured_media":171784,"comment_status":"open","ping_status":"closed","template":"","meta":[],"product_brand":[1240],"product_cat":[601,600,65],"product_tag":[59,571,210],"class_list":{"0":"post-171790","1":"product","2":"type-product","3":"status-publish","4":"has-post-thumbnail","6":"product_brand-brandp_9678","7":"product_cat-accessoires-pour-appareils-photo-et-camescopes","8":"product_cat-electronique-photo-et-video","9":"product_cat-informatique-electronique","10":"product_tag-tag_1304","11":"product_tag-tag_27","12":"product_tag-tag_25","14":"first","15":"instock","16":"taxable","17":"shipping-taxable","18":"purchasable","19":"product-type-simple"},"_links":{"self":[{"href":"https:\/\/bigbuy.tupique.com\/en\/wp-json\/wp\/v2\/product\/171790","targetHints":{"allow":["GET"]}}],"collection":[{"href":"https:\/\/bigbuy.tupique.com\/en\/wp-json\/wp\/v2\/product"}],"about":[{"href":"https:\/\/bigbuy.tupique.com\/en\/wp-json\/wp\/v2\/types\/product"}],"replies":[{"embeddable":true,"href":"https:\/\/bigbuy.tupique.com\/en\/wp-json\/wp\/v2\/comments?post=171790"}],"wp:featuredmedia":[{"embeddable":true,"href":"https:\/\/bigbuy.tupique.com\/en\/wp-json\/wp\/v2\/media\/171784"}],"wp:attachment":[{"href":"https:\/\/bigbuy.tupique.com\/en\/wp-json\/wp\/v2\/media?parent=171790"}],"wp:term":[{"taxonomy":"product_brand","embeddable":true,"href":"https:\/\/bigbuy.tupique.com\/en\/wp-json\/wp\/v2\/product_brand?post=171790"},{"taxonomy":"product_cat","embeddable":true,"href":"https:\/\/bigbuy.tupique.com\/en\/wp-json\/wp\/v2\/product_cat?post=171790"},{"taxonomy":"product_tag","embeddable":true,"href":"https:\/\/bigbuy.tupique.com\/en\/wp-json\/wp\/v2\/product_tag?post=171790"}],"curies":[{"name":"wp","href":"https:\/\/api.w.org\/{rel}","templated":true}]}}