{"id":17169,"date":"2026-03-29T14:18:44","date_gmt":"2026-03-29T13:18:44","guid":{"rendered":"https:\/\/bigbuy.tupique.com\/produto\/keyboard-corsair-azerty-french-black-azerty\/"},"modified":"2026-05-11T20:02:46","modified_gmt":"2026-05-11T18:02:46","slug":"keyboard-corsair-azerty-french-black-azerty","status":"publish","type":"product","link":"https:\/\/bigbuy.tupique.com\/en\/produto\/keyboard-corsair-azerty-french-black-azerty\/","title":{"rendered":"Clavier Corsair Azerty Fran\u00e7ais Noir AZERTY"},"content":{"rendered":"<p>Retournez au bureau sans rien oublier ! Achetez <b>Clavier Corsair Azerty Fran\u00e7ais Noir AZERTY<\/b> et faites envie \u00e0 vos coll\u00e8gues!<\/p>\n<p>Le <b>clavier<\/b> m\u00e9canique gaming <b>Corsair K100 Air Wireless<\/b> se pr\u00e9sente comme une solution avanc\u00e9e pour les joueurs exigeants recherchant pr\u00e9cision, rapidit\u00e9 et confort lors de leurs sessions de jeu. Ce clavier au design ultrafin int\u00e8gre la disposition <b>AZERTY fran\u00e7aise<\/b>, adapt\u00e9e aux utilisateurs qui \u00e9crivent ou jouent dans ce format sp\u00e9cifique. Sa finition en <b>noir<\/b> offre un aspect sobre et \u00e9l\u00e9gant, id\u00e9al pour les setups modernes. Il se distingue particuli\u00e8rement par son <b>\u00e9clairage RGB personnalisable<\/b>, permettant de cr\u00e9er des ambiances visuelles uniques avec une large palette de couleurs et d\u2019effets, tout en am\u00e9liorant la visibilit\u00e9 des touches en faible luminosit\u00e9. En tant que <b>clavier gaming<\/b>, il est con\u00e7u pour offrir une r\u00e9ponse rapide et pr\u00e9cise gr\u00e2ce \u00e0 sa technologie m\u00e9canique, garantissant durabilit\u00e9 et performance face aux frappes r\u00e9p\u00e9t\u00e9es et exigeantes. La connectivit\u00e9 sans fil apporte libert\u00e9 et confort, \u00e9liminant les c\u00e2bles sans compromettre la stabilit\u00e9 de la connexion, un point crucial pour \u00e9viter les latences en jeu. Ce p\u00e9riph\u00e9rique polyvalent allie esth\u00e9tique et fonctionnalit\u00e9s techniques pour am\u00e9liorer l\u2019exp\u00e9rience utilisateur, que ce soit en comp\u00e9tition ou pour un usage quotidien. Dans l\u2019ensemble, le Corsair K100 Air Wireless repr\u00e9sente une option solide pour ceux qui recherchent un clavier m\u00e9canique haut de gamme adapt\u00e9 au march\u00e9 francophone et \u00e0 l\u2019univers gaming professionnel.<\/p>\n<ul>\n<li>Clavier:\n<ul>\n<li>AZERTY<\/li>\n<li>Azerty Fran\u00e7ais<\/li>\n<\/ul>\n<\/li>\n<li>Type:\n<ul>\n<li>Clavier<\/li>\n<li>Clavier pour jeu<\/li>\n<\/ul>\n<\/li>\n<li>Couleur: Noir<\/li>\n<li>Connectivit\u00e9: Bluetooth<\/li>\n<li>Caract\u00e9ristiques: Illumination RGB<\/li>\n<\/ul>","protected":false},"excerpt":{"rendered":"<p>Retournez au bureau sans rien oublier ! Achetez Clavier Corsair Azerty Fran\u00e7ais Noir AZERTY et faites envie \u00e0 vos coll\u00e8gues! Le clavier m\u00e9canique gaming Corsair K100 Air Wireless se pr\u00e9sente comme une solution avanc\u00e9e pour les joueurs exigeants recherchant pr\u00e9cision, rapidit\u00e9 et confort lors de leurs sessions de jeu. Ce clavier au design ultrafin int\u00e8gre [&hellip;]<\/p>\n","protected":false},"featured_media":17164,"comment_status":"open","ping_status":"closed","template":"","meta":[],"product_brand":[857],"product_cat":[729,65,581],"product_tag":[213,59,106],"class_list":{"0":"post-17169","1":"product","2":"type-product","3":"status-publish","4":"has-post-thumbnail","6":"product_brand-brandp_3072","7":"product_cat-claviers","8":"product_cat-informatique-electronique","9":"product_cat-informatique-peripheriques-et-consommables","10":"product_tag-tag_933","11":"product_tag-tag_1304","12":"product_tag-tag_1295","14":"first","15":"instock","16":"taxable","17":"shipping-taxable","18":"purchasable","19":"product-type-simple"},"_links":{"self":[{"href":"https:\/\/bigbuy.tupique.com\/en\/wp-json\/wp\/v2\/product\/17169","targetHints":{"allow":["GET"]}}],"collection":[{"href":"https:\/\/bigbuy.tupique.com\/en\/wp-json\/wp\/v2\/product"}],"about":[{"href":"https:\/\/bigbuy.tupique.com\/en\/wp-json\/wp\/v2\/types\/product"}],"replies":[{"embeddable":true,"href":"https:\/\/bigbuy.tupique.com\/en\/wp-json\/wp\/v2\/comments?post=17169"}],"wp:featuredmedia":[{"embeddable":true,"href":"https:\/\/bigbuy.tupique.com\/en\/wp-json\/wp\/v2\/media\/17164"}],"wp:attachment":[{"href":"https:\/\/bigbuy.tupique.com\/en\/wp-json\/wp\/v2\/media?parent=17169"}],"wp:term":[{"taxonomy":"product_brand","embeddable":true,"href":"https:\/\/bigbuy.tupique.com\/en\/wp-json\/wp\/v2\/product_brand?post=17169"},{"taxonomy":"product_cat","embeddable":true,"href":"https:\/\/bigbuy.tupique.com\/en\/wp-json\/wp\/v2\/product_cat?post=17169"},{"taxonomy":"product_tag","embeddable":true,"href":"https:\/\/bigbuy.tupique.com\/en\/wp-json\/wp\/v2\/product_tag?post=17169"}],"curies":[{"name":"wp","href":"https:\/\/api.w.org\/{rel}","templated":true}]}}