{"id":171663,"date":"2026-04-11T07:27:02","date_gmt":"2026-04-11T06:27:02","guid":{"rendered":"https:\/\/bigbuy.tupique.com\/produto\/smartwatch-samsung-galaxy-watch-ultra-4g-grey-orange-dark-grey\/"},"modified":"2026-04-15T09:10:48","modified_gmt":"2026-04-15T08:10:48","slug":"smartwatch-samsung-galaxy-watch-ultra-4g-grey-orange-dark-grey","status":"publish","type":"product","link":"https:\/\/bigbuy.tupique.com\/en\/produto\/smartwatch-samsung-galaxy-watch-ultra-4g-grey-orange-dark-grey\/","title":{"rendered":"Montre intelligente Samsung Galaxy Watch Ultra 4G Gris Orange Gris fonc\u00e9"},"content":{"rendered":"<p>Si vous \u00eates passionn\u00e9 d&#8217;<b>informatique et d&#8217;\u00e9lectronique<\/b>, si vous \u00eates \u00e0 la pointe de la technologie et qu&#8217;aucun d\u00e9tail ne vous \u00e9chappe, achetez <b>Montre intelligente Samsung Galaxy Watch Ultra 4G Gris Orange Gris fonc\u00e9<\/b> au meilleur prix.<\/p>\n<p>La <b>Galaxy Watch Ultra<\/b> de Samsung est une <b>smartwatch<\/b> avanc\u00e9e con\u00e7ue pour ceux qui recherchent un \u00e9quilibre entre technologie, fonctionnalit\u00e9 et style sportif. Disponible en \u00e9l\u00e9gantes couleurs <b>gris, orange et gris fonc\u00e9<\/b>, elle se distingue par sa robustesse et sa r\u00e9sistance gr\u00e2ce \u00e0 la certification <b>IP68<\/b>, garantissant une protection contre la poussi\u00e8re et l\u2019eau, permettant une utilisation continue m\u00eame dans des conditions exigeantes. Elle dispose d\u2019un large <b>\u00e9cran circulaire de 1,5&#8243;<\/b> (\u00e9galement compatible avec les versions de 1,47&#8243;) offrant une visualisation claire et confortable pour acc\u00e9der aux donn\u00e9es sportives ou g\u00e9rer les notifications. Parmi ses capteurs figurent le <b>tensiom\u00e8tre<\/b>, le <b>capteur de fr\u00e9quence cardiaque<\/b> et l\u2019<b>acc\u00e9l\u00e9rom\u00e8tre<\/b>, assurant un suivi avanc\u00e9 de la sant\u00e9 pour le contr\u00f4le quotidien de la pression art\u00e9rielle, du rythme cardiaque et de l\u2019activit\u00e9 physique, ce qui en fait un outil efficace pour les sportifs ou ceux qui souhaitent surveiller leur bien-\u00eatre. Elle inclut un <b>barom\u00e8tre<\/b> pour mesurer les changements d\u2019altitude et des <b>haut-parleurs int\u00e9gr\u00e9s<\/b> permettant de recevoir des appels ou d\u2019\u00e9couter des notifications sans sortir le t\u00e9l\u00e9phone. La connectivit\u00e9 est assur\u00e9e via <b>Bluetooth<\/b> et <b>Wi-Fi<\/b>, facilitant la synchronisation avec les smartphones et l\u2019acc\u00e8s rapide aux messages et donn\u00e9es o\u00f9 que vous soyez. La Galaxy Watch Ultra se distingue non seulement par sa technologie de pointe mais aussi par un design ergonomique et attrayant, adapt\u00e9 \u00e0 la vie quotidienne comme aux s\u00e9ances sportives les plus intenses. En r\u00e9sum\u00e9, c\u2019est une montre connect\u00e9e qui allie r\u00e9sistance, pr\u00e9cision et polyvalence, id\u00e9ale pour les utilisateurs actifs souhaitant un contr\u00f4le complet de leur activit\u00e9 et de leur sant\u00e9 directement au poignet.<\/p>\n<ul>\n<li>Couleur:\n<ul>\n<li>Orange<\/li>\n<li>Gris<\/li>\n<li>Gris fonc\u00e9<\/li>\n<\/ul>\n<\/li>\n<li>Gyroscope: Oui<\/li>\n<li>Glonass: Oui<\/li>\n<li>Acc\u00e9l\u00e9rom\u00e8tre: Oui<\/li>\n<li>Couleur du cadran: Gris<\/li>\n<li>Immersible: 10 atm<\/li>\n<li>Ecran:\n<ul>\n<li>1,47&#8243;<\/li>\n<li>1,5&#8243;<\/li>\n<\/ul>\n<\/li>\n<li>M\u00e9moire RAM:\n<ul>\n<li>2 GB<\/li>\n<li>2 GB RAM<\/li>\n<\/ul>\n<\/li>\n<li>Capacit\u00e9 de la batterie: 590 mAh<\/li>\n<li>Alarme: Oui<\/li>\n<li>Microphone int\u00e9gr\u00e9: Oui<\/li>\n<li>Caract\u00e9ristiques:\n<ul>\n<li>Ecran tactile<\/li>\n<li>Acc\u00e9l\u00e9rom\u00e8tre<\/li>\n<li>Haut-parleurs int\u00e9gr\u00e9s<\/li>\n<li>Barom\u00e8tre<\/li>\n<li>Gyroscope<\/li>\n<li>Microphone int\u00e9gr\u00e9<\/li>\n<li>Capteur optique<\/li>\n<li>Chronom\u00e8tre<\/li>\n<li>Moniteur de Sommeil<\/li>\n<li>Connexion au r\u00e9seau mobile<\/li>\n<li>Capteur g\u00e9omagn\u00e9tique<\/li>\n<\/ul>\n<\/li>\n<li>Classification IP: IP68<\/li>\n<li>Couleur du bracelet: Orange<\/li>\n<li>M\u00e9moire interne: 32 GB<\/li>\n<li>Connectivit\u00e9:\n<ul>\n<li>4G<\/li>\n<li>Bluetooth<\/li>\n<li>Wi-Fi<\/li>\n<li>GPS<\/li>\n<li>NFC<\/li>\n<li>Glonass<\/li>\n<li>BeiDou<\/li>\n<li>Galileo<\/li>\n<li>eSIM<\/li>\n<li>Bluetooth 5.3<\/li>\n<\/ul>\n<\/li>\n<li>Produit \u00e0 brancher: Oui<\/li>\n<li>Type de prise: Prise EU<\/li>\n<li>Type de montre: Montre intelligente<\/li>\n<li>Bloc d\u2019Alimentation: r\u00e9seau \u00e9lectrique<\/li>\n<li>Type: Tensiom\u00e8tre<\/li>\n<li>Connexions: 4G<\/li>\n<li>Fonctions:\n<ul>\n<li>Podom\u00e8tre<\/li>\n<li>Moniteur de Sommeil<\/li>\n<li>Moniteur de fr\u00e9quence cardiaque<\/li>\n<\/ul>\n<\/li>\n<li>Type de batterie:\n<ul>\n<li>Int\u00e9gr\u00e9e<\/li>\n<li>Litio Ion<\/li>\n<\/ul>\n<\/li>\n<li>Forme: Rond<\/li>\n<li>Technologie: AMOLED<\/li>\n<li>Chargeur sans fil: Oui<\/li>\n<li>Fonctionne \u00e0 piles: 1 Litio Ion, incluidas<\/li>\n<li>R\u00e9sistant \u00e0 l&#8217;eau: 10 atm<\/li>\n<\/ul>","protected":false},"excerpt":{"rendered":"<p>Si vous \u00eates passionn\u00e9 d&#8217;informatique et d&#8217;\u00e9lectronique, si vous \u00eates \u00e0 la pointe de la technologie et qu&#8217;aucun d\u00e9tail ne vous \u00e9chappe, achetez Montre intelligente Samsung Galaxy Watch Ultra 4G Gris Orange Gris fonc\u00e9 au meilleur prix. La Galaxy Watch Ultra de Samsung est une smartwatch avanc\u00e9e con\u00e7ue pour ceux qui recherchent un \u00e9quilibre entre [&hellip;]<\/p>\n","protected":false},"featured_media":171654,"comment_status":"open","ping_status":"closed","template":"","meta":[],"product_brand":[183],"product_cat":[575,65,748],"product_tag":[103,566,106],"class_list":{"0":"post-171663","1":"product","2":"type-product","3":"status-publish","4":"has-post-thumbnail","6":"product_brand-brandp_576","7":"product_cat-electronique-telephonie-et-tablettes","8":"product_cat-informatique-electronique","9":"product_cat-smartwatches","10":"product_tag-tag_1261","11":"product_tag-tag_547","12":"product_tag-tag_1295","14":"first","15":"instock","16":"taxable","17":"shipping-taxable","18":"purchasable","19":"product-type-simple"},"_links":{"self":[{"href":"https:\/\/bigbuy.tupique.com\/en\/wp-json\/wp\/v2\/product\/171663","targetHints":{"allow":["GET"]}}],"collection":[{"href":"https:\/\/bigbuy.tupique.com\/en\/wp-json\/wp\/v2\/product"}],"about":[{"href":"https:\/\/bigbuy.tupique.com\/en\/wp-json\/wp\/v2\/types\/product"}],"replies":[{"embeddable":true,"href":"https:\/\/bigbuy.tupique.com\/en\/wp-json\/wp\/v2\/comments?post=171663"}],"wp:featuredmedia":[{"embeddable":true,"href":"https:\/\/bigbuy.tupique.com\/en\/wp-json\/wp\/v2\/media\/171654"}],"wp:attachment":[{"href":"https:\/\/bigbuy.tupique.com\/en\/wp-json\/wp\/v2\/media?parent=171663"}],"wp:term":[{"taxonomy":"product_brand","embeddable":true,"href":"https:\/\/bigbuy.tupique.com\/en\/wp-json\/wp\/v2\/product_brand?post=171663"},{"taxonomy":"product_cat","embeddable":true,"href":"https:\/\/bigbuy.tupique.com\/en\/wp-json\/wp\/v2\/product_cat?post=171663"},{"taxonomy":"product_tag","embeddable":true,"href":"https:\/\/bigbuy.tupique.com\/en\/wp-json\/wp\/v2\/product_tag?post=171663"}],"curies":[{"name":"wp","href":"https:\/\/api.w.org\/{rel}","templated":true}]}}