{"id":171653,"date":"2026-04-11T07:26:39","date_gmt":"2026-04-11T06:26:39","guid":{"rendered":"https:\/\/bigbuy.tupique.com\/produto\/smartwatch-samsung-galaxy-watch-ultra-lte-147-white\/"},"modified":"2026-04-15T09:10:47","modified_gmt":"2026-04-15T08:10:47","slug":"smartwatch-samsung-galaxy-watch-ultra-lte-147-white","status":"publish","type":"product","link":"https:\/\/bigbuy.tupique.com\/en\/produto\/smartwatch-samsung-galaxy-watch-ultra-lte-147-white\/","title":{"rendered":"Montre intelligente Samsung GALAXY WATCH ULTRA LTE 1,47&#8243; Blanc"},"content":{"rendered":"<p>Si vous \u00eates passionn\u00e9 d&#8217;<b>informatique et d&#8217;\u00e9lectronique<\/b>, si vous \u00eates \u00e0 la pointe de la technologie et qu&#8217;aucun d\u00e9tail ne vous \u00e9chappe, achetez <b>Montre intelligente Samsung GALAXY WATCH ULTRA LTE 1,47&#8243; Blanc<\/b> au meilleur prix.<\/p>\n<p>La <b>Galaxy Watch Ultra LTE<\/b> de Samsung est une <b>smartwatch<\/b> avanc\u00e9e qui associe un design \u00e9l\u00e9gant en blanc \u00e0 une large gamme de fonctionnalit\u00e9s ax\u00e9es sur le bien-\u00eatre et la connectivit\u00e9. Elle se distingue par son <b>\u00e9cran tactile de 1,5 pouce<\/b>, offrant une visualisation claire et une utilisation intuitive, id\u00e9ale pour consulter les notifications, suivre l\u2019activit\u00e9 physique ou g\u00e9rer des applications directement depuis le poignet. Dot\u00e9e de la <b>connectivit\u00e9 LTE, Bluetooth et Wi-Fi<\/b>, elle permet de rester connect\u00e9 m\u00eame sans smartphone \u00e0 proximit\u00e9, facilitant appels, messages et acc\u00e8s aux donn\u00e9es \u00e0 tout moment. Elle int\u00e8gre des capteurs comme un <b>tensiom\u00e8tre<\/b>, un <b>acc\u00e9l\u00e9rom\u00e8tre<\/b>, un <b>barom\u00e8tre<\/b> et un <b>capteur de fr\u00e9quence cardiaque<\/b>, permettant un suivi complet de la sant\u00e9 et de l\u2019activit\u00e9 physique avec des mesures pr\u00e9cises lors des entra\u00eenements ou au quotidien. De plus, la montre dispose de <b>haut-parleurs int\u00e9gr\u00e9s<\/b> pour passer des appels ou interagir avec des assistants vocaux, et offre une protection <b>IP68<\/b> contre la poussi\u00e8re et l\u2019eau, garantissant une durabilit\u00e9 dans des conditions exigeantes. La <b>Galaxy Watch Ultra LTE<\/b> est une solution compl\u00e8te de Samsung pour ceux qui recherchent une surveillance avanc\u00e9e, une connectivit\u00e9 sans limites et un design raffin\u00e9 pour un usage quotidien.<\/p>\n<ul>\n<li>Produit \u00e0 brancher: Oui<\/li>\n<li>Type de prise: Prise EU<\/li>\n<li>Type de montre: Montre intelligente<\/li>\n<li>Bloc d\u2019Alimentation: r\u00e9seau \u00e9lectrique<\/li>\n<li>Caract\u00e9ristiques:\n<ul>\n<li>Ecran tactile<\/li>\n<li>Acc\u00e9l\u00e9rom\u00e8tre<\/li>\n<li>Haut-parleurs int\u00e9gr\u00e9s<\/li>\n<li>Barom\u00e8tre<\/li>\n<li>Gyroscope<\/li>\n<li>Microphone int\u00e9gr\u00e9<\/li>\n<li>Capteur optique<\/li>\n<li>Chronom\u00e8tre<\/li>\n<li>Moniteur de Sommeil<\/li>\n<li>Connexion au r\u00e9seau mobile<\/li>\n<li>Capteur g\u00e9omagn\u00e9tique<\/li>\n<\/ul>\n<\/li>\n<li>Glonass: Oui<\/li>\n<li>Gyroscope: Oui<\/li>\n<li>Classification IP: IP68<\/li>\n<li>Couleur du cadran: Argent<\/li>\n<li>Capacit\u00e9 de la batterie: 590 mAh<\/li>\n<li>Couleur du bracelet: Blanc<\/li>\n<li>Ecran:\n<ul>\n<li>1,47&#8243;<\/li>\n<li>1,5&#8243;<\/li>\n<\/ul>\n<\/li>\n<li>M\u00e9moire interne: 32 GB<\/li>\n<li>Connectivit\u00e9:\n<ul>\n<li>Bluetooth<\/li>\n<li>Wi-Fi<\/li>\n<li>GPS<\/li>\n<li>NFC<\/li>\n<li>Glonass<\/li>\n<li>BeiDou<\/li>\n<li>Galileo<\/li>\n<li>eSIM<\/li>\n<li>Bluetooth 5.3<\/li>\n<\/ul>\n<\/li>\n<li>Acc\u00e9l\u00e9rom\u00e8tre: Oui<\/li>\n<li>Type: Tensiom\u00e8tre<\/li>\n<li>Couleur: Blanc<\/li>\n<li>Connexions: 4G<\/li>\n<li>Fonctions:\n<ul>\n<li>Podom\u00e8tre<\/li>\n<li>Moniteur de Sommeil<\/li>\n<li>Moniteur de fr\u00e9quence cardiaque<\/li>\n<\/ul>\n<\/li>\n<li>Type de batterie:\n<ul>\n<li>Int\u00e9gr\u00e9e<\/li>\n<li>Litio Ion<\/li>\n<\/ul>\n<\/li>\n<li>Forme: Rond<\/li>\n<li>Technologie: AMOLED<\/li>\n<li>Chargeur sans fil: Oui<\/li>\n<li>Fonctionne \u00e0 piles: 1 Litio Ion, incluidas<\/li>\n<li>R\u00e9sistant \u00e0 l&#8217;eau: 10 atm<\/li>\n<li>M\u00e9moire RAM: 2 GB<\/li>\n<\/ul>","protected":false},"excerpt":{"rendered":"<p>Si vous \u00eates passionn\u00e9 d&#8217;informatique et d&#8217;\u00e9lectronique, si vous \u00eates \u00e0 la pointe de la technologie et qu&#8217;aucun d\u00e9tail ne vous \u00e9chappe, achetez Montre intelligente Samsung GALAXY WATCH ULTRA LTE 1,47&#8243; Blanc au meilleur prix. La Galaxy Watch Ultra LTE de Samsung est une smartwatch avanc\u00e9e qui associe un design \u00e9l\u00e9gant en blanc \u00e0 une [&hellip;]<\/p>\n","protected":false},"featured_media":171652,"comment_status":"open","ping_status":"closed","template":"","meta":[],"product_brand":[183],"product_cat":[575,65,748],"product_tag":[103,104,566,106],"class_list":{"0":"post-171653","1":"product","2":"type-product","3":"status-publish","4":"has-post-thumbnail","6":"product_brand-brandp_576","7":"product_cat-electronique-telephonie-et-tablettes","8":"product_cat-informatique-electronique","9":"product_cat-smartwatches","10":"product_tag-tag_1261","11":"product_tag-tag_1279","12":"product_tag-tag_547","13":"product_tag-tag_1295","15":"first","16":"instock","17":"taxable","18":"shipping-taxable","19":"purchasable","20":"product-type-simple"},"_links":{"self":[{"href":"https:\/\/bigbuy.tupique.com\/en\/wp-json\/wp\/v2\/product\/171653","targetHints":{"allow":["GET"]}}],"collection":[{"href":"https:\/\/bigbuy.tupique.com\/en\/wp-json\/wp\/v2\/product"}],"about":[{"href":"https:\/\/bigbuy.tupique.com\/en\/wp-json\/wp\/v2\/types\/product"}],"replies":[{"embeddable":true,"href":"https:\/\/bigbuy.tupique.com\/en\/wp-json\/wp\/v2\/comments?post=171653"}],"wp:featuredmedia":[{"embeddable":true,"href":"https:\/\/bigbuy.tupique.com\/en\/wp-json\/wp\/v2\/media\/171652"}],"wp:attachment":[{"href":"https:\/\/bigbuy.tupique.com\/en\/wp-json\/wp\/v2\/media?parent=171653"}],"wp:term":[{"taxonomy":"product_brand","embeddable":true,"href":"https:\/\/bigbuy.tupique.com\/en\/wp-json\/wp\/v2\/product_brand?post=171653"},{"taxonomy":"product_cat","embeddable":true,"href":"https:\/\/bigbuy.tupique.com\/en\/wp-json\/wp\/v2\/product_cat?post=171653"},{"taxonomy":"product_tag","embeddable":true,"href":"https:\/\/bigbuy.tupique.com\/en\/wp-json\/wp\/v2\/product_tag?post=171653"}],"curies":[{"name":"wp","href":"https:\/\/api.w.org\/{rel}","templated":true}]}}