{"id":17163,"date":"2026-03-29T14:18:35","date_gmt":"2026-03-29T13:18:35","guid":{"rendered":"https:\/\/bigbuy.tupique.com\/produto\/racing-steering-wheel-thrustmaster-4460182\/"},"modified":"2026-05-11T20:02:34","modified_gmt":"2026-05-11T18:02:34","slug":"racing-steering-wheel-thrustmaster-4460182","status":"publish","type":"product","link":"https:\/\/bigbuy.tupique.com\/en\/produto\/racing-steering-wheel-thrustmaster-4460182\/","title":{"rendered":"Volant Racing Thrustmaster 4460182"},"content":{"rendered":"<p>Si vous \u00eates passionn\u00e9 d&#8217;<b>informatique et d&#8217;\u00e9lectronique<\/b>, si vous \u00eates \u00e0 la pointe de la technologie et qu&#8217;aucun d\u00e9tail ne vous \u00e9chappe, achetez <b>Volant Racing Thrustmaster 4460182<\/b> au meilleur prix.<\/p>\n<p>Le <b>Thrustmaster 4460182<\/b> est une <b>manette gaming<\/b> haute performance con\u00e7ue pour les joueurs exigeants recherchant une exp\u00e9rience de simulation r\u00e9aliste et pr\u00e9cise sur des plateformes telles que <b>Microsoft Xbox One et PC<\/b>. Cet appareil combine les fonctions de <b>volant et p\u00e9dales<\/b>, offrant un contr\u00f4le total dans les jeux de course et les simulateurs, et une immersion fid\u00e8le gr\u00e2ce \u00e0 sa technologie de contr\u00f4le <b>analogique\/num\u00e9rique<\/b> qui enregistre chaque mouvement avec pr\u00e9cision. Sa <b>connectivit\u00e9 filaire via USB<\/b> assure une r\u00e9ponse rapide et sans latence, essentielle pour les sessions de jeu comp\u00e9titives. L\u2019ensemble est propos\u00e9 dans une \u00e9l\u00e9gante <b>couleur noire<\/b>, avec une structure robuste adapt\u00e9e \u00e0 une utilisation prolong\u00e9e, et des dimensions optimis\u00e9es (largeur 280 mm, profondeur 300 mm, hauteur 280 mm) pour s\u2019int\u00e9grer \u00e0 diff\u00e9rents espaces de jeu. Compatible avec plusieurs versions de Xbox (Xbox One, Xbox Series S, Xbox Series X, Xbox One S, Xbox One X) et ordinateurs, le Thrustmaster 4460182 int\u00e8gre des p\u00e9dales fiables et r\u00e9glables, aliment\u00e9es par courant alternatif pour garantir un fonctionnement stable. Il est id\u00e9al pour ceux qui souhaitent am\u00e9liorer leurs performances et le r\u00e9alisme dans les jeux de conduite, s\u2019imposant comme une solution compl\u00e8te au sein de l\u2019\u00e9cosyst\u00e8me des accessoires gaming avanc\u00e9s.<\/p>\n<ul>\n<li>Type de prise: Prise EU<\/li>\n<li>Mod\u00e8le: xbox one &#8211; original<\/li>\n<li>Compatible:\n<ul>\n<li>PC<\/li>\n<li>Xbox Series X\/S<\/li>\n<\/ul>\n<\/li>\n<li>Type:\n<ul>\n<li>Contr\u00f4le des jeux<\/li>\n<li>Analogique\/Num\u00e9rique<\/li>\n<\/ul>\n<\/li>\n<li>Couleur: Noir<\/li>\n<li>Caract\u00e9ristiques: Garantie<\/li>\n<li>Connexions: USB<\/li>\n<li>Bloc d\u2019Alimentation: Avec fil<\/li>\n<li>Inclut:\n<ul>\n<li>C\u00e2ble USB<\/li>\n<li>Bloc d\u2019Alimentation<\/li>\n<li>Ecran<\/li>\n<li>Manuel de l&#8217;utilisateur<\/li>\n<\/ul>\n<\/li>\n<li>Fonctions: Vibration<\/li>\n<\/ul>","protected":false},"excerpt":{"rendered":"<p>Si vous \u00eates passionn\u00e9 d&#8217;informatique et d&#8217;\u00e9lectronique, si vous \u00eates \u00e0 la pointe de la technologie et qu&#8217;aucun d\u00e9tail ne vous \u00e9chappe, achetez Volant Racing Thrustmaster 4460182 au meilleur prix. Le Thrustmaster 4460182 est une manette gaming haute performance con\u00e7ue pour les joueurs exigeants recherchant une exp\u00e9rience de simulation r\u00e9aliste et pr\u00e9cise sur des plateformes [&hellip;]<\/p>\n","protected":false},"featured_media":171204,"comment_status":"open","ping_status":"closed","template":"","meta":[],"product_brand":[789],"product_cat":[609,65,610],"product_tag":[59,572],"class_list":{"0":"post-17163","1":"product","2":"type-product","3":"status-publish","4":"has-post-thumbnail","6":"product_brand-brandp_651","7":"product_cat-electronique-jouets-electroniques","8":"product_cat-informatique-electronique","9":"product_cat-jeux-video","10":"product_tag-tag_1304","11":"product_tag-tag_29","13":"first","14":"instock","15":"taxable","16":"shipping-taxable","17":"purchasable","18":"product-type-simple"},"_links":{"self":[{"href":"https:\/\/bigbuy.tupique.com\/en\/wp-json\/wp\/v2\/product\/17163","targetHints":{"allow":["GET"]}}],"collection":[{"href":"https:\/\/bigbuy.tupique.com\/en\/wp-json\/wp\/v2\/product"}],"about":[{"href":"https:\/\/bigbuy.tupique.com\/en\/wp-json\/wp\/v2\/types\/product"}],"replies":[{"embeddable":true,"href":"https:\/\/bigbuy.tupique.com\/en\/wp-json\/wp\/v2\/comments?post=17163"}],"wp:featuredmedia":[{"embeddable":true,"href":"https:\/\/bigbuy.tupique.com\/en\/wp-json\/wp\/v2\/media\/171204"}],"wp:attachment":[{"href":"https:\/\/bigbuy.tupique.com\/en\/wp-json\/wp\/v2\/media?parent=17163"}],"wp:term":[{"taxonomy":"product_brand","embeddable":true,"href":"https:\/\/bigbuy.tupique.com\/en\/wp-json\/wp\/v2\/product_brand?post=17163"},{"taxonomy":"product_cat","embeddable":true,"href":"https:\/\/bigbuy.tupique.com\/en\/wp-json\/wp\/v2\/product_cat?post=17163"},{"taxonomy":"product_tag","embeddable":true,"href":"https:\/\/bigbuy.tupique.com\/en\/wp-json\/wp\/v2\/product_tag?post=17163"}],"curies":[{"name":"wp","href":"https:\/\/api.w.org\/{rel}","templated":true}]}}