{"id":17154,"date":"2026-03-29T14:18:20","date_gmt":"2026-03-29T13:18:20","guid":{"rendered":"https:\/\/bigbuy.tupique.com\/produto\/driver-drill-bosch-professional-gsb-18v-21-18-v-55-nm\/"},"modified":"2026-05-11T20:02:19","modified_gmt":"2026-05-11T18:02:19","slug":"driver-drill-bosch-professional-gsb-18v-21-18-v-55-nm","status":"publish","type":"product","link":"https:\/\/bigbuy.tupique.com\/en\/produto\/driver-drill-bosch-professional-gsb-18v-21-18-v-55-nm\/","title":{"rendered":"Perceuse \u00e0 Percussion BOSCH Professional GSB 18V-21 18 V 55 Nm"},"content":{"rendered":"<p>Si vous aimez prendre soin de chaque d\u00e9tail de votre maison et d&#8217;\u00eatre \u00e0 la derni\u00e8re mode en mati\u00e8re de produits qui vous rendront la vie plus facile, achetez <b>Perceuse \u00e0 Percussion BOSCH Professional GSB 18V-21 18 V 55 Nm<\/b> au meilleur prix.<\/p>\n<p>Le <b>perceuse \u00e0 percussion<\/b> BOSCH mod\u00e8le <b>06019H1109<\/b> est un outil professionnel con\u00e7u pour offrir polyvalence et puissance lors des travaux de per\u00e7age et de vissage sur divers mat\u00e9riaux. Avec une <b>tension de 18 V<\/b> et une <b>batterie de 2 Ah<\/b>, elle assure une autonomie efficace pour travailler sans fil, facilitant l\u2019acc\u00e8s aux zones difficiles et offrant une grande libert\u00e9 de mouvement. Elle dispose \u00e9galement d\u2019une option d\u2019alimentation par <b>secteur<\/b>, ce qui augmente son adaptabilit\u00e9 pour les travaux mobiles ou stationnaires. Son design en <b>bleu<\/b> refl\u00e8te le style BOSCH et son ergonomie permet une prise en main confortable, m\u00eame lors d\u2019utilisations prolong\u00e9es. Un <b>coffret<\/b> pratique est inclus pour un transport et un rangement s\u00fbrs, gardant tous les \u00e9l\u00e9ments organis\u00e9s et prot\u00e9g\u00e9s. Fonctionnant en mode percussion, ce mod\u00e8le perce efficacement la ma\u00e7onnerie, le bois et le m\u00e9tal, r\u00e9pondant aux exigences des chantiers, installations ou du bricolage avanc\u00e9. La fiabilit\u00e9 d\u2019un fabricant reconnu comme BOSCH s\u2019allie ici \u00e0 une construction robuste et des performances optimales pour garantir un usage constant et fiable. En r\u00e9sum\u00e9, cette perceuse \u00e0 percussion combine puissance, autonomie et flexibilit\u00e9, en faisant un choix judicieux pour les professionnels et utilisateurs exigeants dans des environnements de travail dynamiques.<\/p>\n<ul>\n<li>Produit \u00e0 brancher: Oui<\/li>\n<li>Type de prise: Prise EU<\/li>\n<li>Inclut:\n<ul>\n<li>Porte documents<\/li>\n<li>Chargeur de batterie<\/li>\n<li>Batterie au lithium rechargeable x 2<\/li>\n<\/ul>\n<\/li>\n<li>Bloc d\u2019Alimentation:\n<ul>\n<li>r\u00e9seau \u00e9lectrique<\/li>\n<li>Batterie<\/li>\n<li>Batterie rechargeable<\/li>\n<\/ul>\n<\/li>\n<li>Type: Perceuse \u00e0 Percussion<\/li>\n<li>Couleur: Bleu<\/li>\n<li>Capacit\u00e9 de la batterie: 2 Ah<\/li>\n<li>Vitesse: 2<\/li>\n<li>diam\u00e8tre approx.:\n<ul>\n<li>35 mm<\/li>\n<li>13 mm<\/li>\n<\/ul>\n<\/li>\n<li>Tension: 18 V<\/li>\n<li>Technologie: Sans fil<\/li>\n<li>Amp\u00e9rage: 2 A<\/li>\n<\/ul>","protected":false},"excerpt":{"rendered":"<p>Si vous aimez prendre soin de chaque d\u00e9tail de votre maison et d&#8217;\u00eatre \u00e0 la derni\u00e8re mode en mati\u00e8re de produits qui vous rendront la vie plus facile, achetez Perceuse \u00e0 Percussion BOSCH Professional GSB 18V-21 18 V 55 Nm au meilleur prix. Le perceuse \u00e0 percussion BOSCH mod\u00e8le 06019H1109 est un outil professionnel con\u00e7u [&hellip;]<\/p>\n","protected":false},"featured_media":17152,"comment_status":"open","ping_status":"closed","template":"","meta":[],"product_brand":[162],"product_cat":[613,239],"product_tag":[59,210],"class_list":{"0":"post-17154","1":"product","2":"type-product","3":"status-publish","4":"has-post-thumbnail","6":"product_brand-brandp_959","7":"product_cat-bricolage-et-materiel","8":"product_cat-maison-jardin","9":"product_tag-tag_1304","10":"product_tag-tag_25","12":"first","13":"instock","14":"taxable","15":"shipping-taxable","16":"purchasable","17":"product-type-simple"},"_links":{"self":[{"href":"https:\/\/bigbuy.tupique.com\/en\/wp-json\/wp\/v2\/product\/17154","targetHints":{"allow":["GET"]}}],"collection":[{"href":"https:\/\/bigbuy.tupique.com\/en\/wp-json\/wp\/v2\/product"}],"about":[{"href":"https:\/\/bigbuy.tupique.com\/en\/wp-json\/wp\/v2\/types\/product"}],"replies":[{"embeddable":true,"href":"https:\/\/bigbuy.tupique.com\/en\/wp-json\/wp\/v2\/comments?post=17154"}],"wp:featuredmedia":[{"embeddable":true,"href":"https:\/\/bigbuy.tupique.com\/en\/wp-json\/wp\/v2\/media\/17152"}],"wp:attachment":[{"href":"https:\/\/bigbuy.tupique.com\/en\/wp-json\/wp\/v2\/media?parent=17154"}],"wp:term":[{"taxonomy":"product_brand","embeddable":true,"href":"https:\/\/bigbuy.tupique.com\/en\/wp-json\/wp\/v2\/product_brand?post=17154"},{"taxonomy":"product_cat","embeddable":true,"href":"https:\/\/bigbuy.tupique.com\/en\/wp-json\/wp\/v2\/product_cat?post=17154"},{"taxonomy":"product_tag","embeddable":true,"href":"https:\/\/bigbuy.tupique.com\/en\/wp-json\/wp\/v2\/product_tag?post=17154"}],"curies":[{"name":"wp","href":"https:\/\/api.w.org\/{rel}","templated":true}]}}