{"id":171295,"date":"2026-04-11T06:06:46","date_gmt":"2026-04-11T05:06:46","guid":{"rendered":"https:\/\/bigbuy.tupique.com\/produto\/blu-ray-player-sony-ubpx700kb\/"},"modified":"2026-04-15T07:03:45","modified_gmt":"2026-04-15T06:03:45","slug":"blu-ray-player-sony-ubpx700kb","status":"publish","type":"product","link":"https:\/\/bigbuy.tupique.com\/en\/produto\/blu-ray-player-sony-ubpx700kb\/","title":{"rendered":"Copieur Blue-Ray Sony UBPX700KB"},"content":{"rendered":"<p>Si vous \u00eates \u00e0 la recherche de nouvelles tendances sur le march\u00e9, nous vous pr\u00e9sentons <b>Copieur Blue-Ray Sony UBPX700KB<\/b> !<\/p>\n<ul>\n<li>Couleur: Noir<\/li>\n<li>Caract\u00e9ristiques:\n<ul>\n<li>Arr\u00eat Automatique<\/li>\n<li>R\u00e9duction du bruit<\/li>\n<\/ul>\n<\/li>\n<li>Connexions:\n<ul>\n<li>USB 2.0<\/li>\n<li>RJ45<\/li>\n<li>HDMI x 2<\/li>\n<\/ul>\n<\/li>\n<li>Fonctions: Navigation<\/li>\n<li>Connectivit\u00e9:\n<ul>\n<li>Wi-Fi<\/li>\n<li>Ethernet LAN<\/li>\n<li>Miracast<\/li>\n<\/ul>\n<\/li>\n<li>Cha\u00eenes:\n<ul>\n<li>5.1<\/li>\n<li>7.1<\/li>\n<\/ul>\n<\/li>\n<li>Piles incluses: Oui<\/li>\n<li>Fr\u00e9quence: 50 &#8211; 60 Hz<\/li>\n<li>Inclut:\n<ul>\n<li>T\u00e9l\u00e9commande<\/li>\n<li>Adaptateur<\/li>\n<li>Manuel de l&#8217;utilisateur<\/li>\n<\/ul>\n<\/li>\n<li>R\u00e9solution: 4K Ultra HD<\/li>\n<li>Tension: 220-240 V<\/li>\n<li>Poids: 1,4 Kg<\/li>\n<li>Non Inclus: Bluetooth<\/li>\n<li>vitesse: 10\/100 Mbps<\/li>\n<\/ul>","protected":false},"excerpt":{"rendered":"<p>Si vous \u00eates \u00e0 la recherche de nouvelles tendances sur le march\u00e9, nous vous pr\u00e9sentons Copieur Blue-Ray Sony UBPX700KB ! Couleur: Noir Caract\u00e9ristiques: Arr\u00eat Automatique R\u00e9duction du bruit Connexions: USB 2.0 RJ45 HDMI x 2 Fonctions: Navigation Connectivit\u00e9: Wi-Fi Ethernet LAN Miracast Cha\u00eenes: 5.1 7.1 Piles incluses: Oui Fr\u00e9quence: 50 &#8211; 60 Hz Inclut: T\u00e9l\u00e9commande [&hellip;]<\/p>\n","protected":false},"featured_media":171281,"comment_status":"open","ping_status":"closed","template":"","meta":[],"product_brand":[1245],"product_cat":[1652,755,65],"product_tag":[],"class_list":{"0":"post-171295","1":"product","2":"type-product","3":"status-publish","4":"has-post-thumbnail","6":"product_brand-brandp_235","7":"product_cat-cd-et-dvd","8":"product_cat-electronique-son","9":"product_cat-informatique-electronique","11":"first","12":"instock","13":"taxable","14":"shipping-taxable","15":"purchasable","16":"product-type-simple"},"_links":{"self":[{"href":"https:\/\/bigbuy.tupique.com\/en\/wp-json\/wp\/v2\/product\/171295","targetHints":{"allow":["GET"]}}],"collection":[{"href":"https:\/\/bigbuy.tupique.com\/en\/wp-json\/wp\/v2\/product"}],"about":[{"href":"https:\/\/bigbuy.tupique.com\/en\/wp-json\/wp\/v2\/types\/product"}],"replies":[{"embeddable":true,"href":"https:\/\/bigbuy.tupique.com\/en\/wp-json\/wp\/v2\/comments?post=171295"}],"wp:featuredmedia":[{"embeddable":true,"href":"https:\/\/bigbuy.tupique.com\/en\/wp-json\/wp\/v2\/media\/171281"}],"wp:attachment":[{"href":"https:\/\/bigbuy.tupique.com\/en\/wp-json\/wp\/v2\/media?parent=171295"}],"wp:term":[{"taxonomy":"product_brand","embeddable":true,"href":"https:\/\/bigbuy.tupique.com\/en\/wp-json\/wp\/v2\/product_brand?post=171295"},{"taxonomy":"product_cat","embeddable":true,"href":"https:\/\/bigbuy.tupique.com\/en\/wp-json\/wp\/v2\/product_cat?post=171295"},{"taxonomy":"product_tag","embeddable":true,"href":"https:\/\/bigbuy.tupique.com\/en\/wp-json\/wp\/v2\/product_tag?post=171295"}],"curies":[{"name":"wp","href":"https:\/\/api.w.org\/{rel}","templated":true}]}}