{"id":171112,"date":"2026-04-11T05:48:22","date_gmt":"2026-04-11T04:48:22","guid":{"rendered":"https:\/\/bigbuy.tupique.com\/produto\/gaming-monitor-hp-9e0g5aaabb-quad-hd-27\/"},"modified":"2026-05-11T20:00:18","modified_gmt":"2026-05-11T18:00:18","slug":"gaming-monitor-hp-9e0g5aaabb-quad-hd-27","status":"publish","type":"product","link":"https:\/\/bigbuy.tupique.com\/en\/produto\/gaming-monitor-hp-9e0g5aaabb-quad-hd-27\/","title":{"rendered":"Monitor Gaming HP 9E0G5AA#ABB Quad HD 27&#8243;"},"content":{"rendered":"<p>Si vous \u00eates \u00e0 la recherche de nouvelles tendances sur le march\u00e9, nous vous pr\u00e9sentons <b>Monitor Gaming HP 9E0G5AA#ABB Quad HD 27&#8243;<\/b> !<\/p>\n<ul>\n<li>Diagonale de l&#8217;\u00e9cran (cm): 68,6 cm<\/li>\n<li>Type:\n<ul>\n<li>\u00c9cran<\/li>\n<li>Axe<\/li>\n<\/ul>\n<\/li>\n<li>Produit \u00e0 brancher: Oui<\/li>\n<li>Ecran: 27&#8243;<\/li>\n<li>Type de prise: Prise EU<\/li>\n<li>Bloc d\u2019Alimentation:\n<ul>\n<li>r\u00e9seau \u00e9lectrique<\/li>\n<li>Cordon d&#8217;alimentation CA<\/li>\n<\/ul>\n<\/li>\n<li>Couleur: Noir<\/li>\n<li>Temps de r\u00e9ponse: 5 ms<\/li>\n<li>VESA: 10 x 10 cm<\/li>\n<li>Brille:\n<ul>\n<li>350 cd\/m\u00b2<\/li>\n<li>350 lm ANSI<\/li>\n<\/ul>\n<\/li>\n<li>Tension:\n<ul>\n<li>100-240 V<\/li>\n<li>100 &#8211; 240 V<\/li>\n<\/ul>\n<\/li>\n<li>Classification \u00e9nerg\u00e9tique: E<\/li>\n<li>R\u00e9solution: Quad HD<\/li>\n<li>Rapport d&#8217;aspect: 16:9<\/li>\n<li>Connexions:\n<ul>\n<li>HDMI<\/li>\n<li>USB<\/li>\n<li>DisplayPort<\/li>\n<li>HDMI 2.0<\/li>\n<li>Ethernet LAN<\/li>\n<li>USB-C<\/li>\n<li>HDCP<\/li>\n<li>USB A x 3<\/li>\n<li>DisplayPort 1.4<\/li>\n<li>DisplayPort x 1<\/li>\n<\/ul>\n<\/li>\n<li>Caract\u00e9ristiques:\n<ul>\n<li>Plaque Tournante<\/li>\n<li>\u00c9cran LCD<\/li>\n<li>Mat<\/li>\n<li>R\u00e9glable<\/li>\n<li>Inclinaison r\u00e9glable<\/li>\n<li>D\u00e9montable<\/li>\n<li>Guide d&#8217;installation inclus<\/li>\n<li>Chargement rapide et fiable<\/li>\n<li>\u00c9cran plat<\/li>\n<\/ul>\n<\/li>\n<li>R\u00e9solution (px): 2560 x 1440 px<\/li>\n<li>Technologie:\n<ul>\n<li>IPS<\/li>\n<li>LCD<\/li>\n<li>LED<\/li>\n<li>Flicker free<\/li>\n<\/ul>\n<\/li>\n<li>Fr\u00e9quence:\n<ul>\n<li>100 Hz<\/li>\n<li>50 &#8211; 60 Hz<\/li>\n<li>120 Hz<\/li>\n<\/ul>\n<\/li>\n<li>Mati\u00e8re: Plastique<\/li>\n<li>Connectivit\u00e9:\n<ul>\n<li>HDMI<\/li>\n<li>Ethernet LAN<\/li>\n<\/ul>\n<\/li>\n<li>Format: 16:9<\/li>\n<li>puissance: 100 W<\/li>\n<li>Finition: Mat<\/li>\n<li>Inclinaison:\n<ul>\n<li>-90 \/ 90\u00b0<\/li>\n<li>-5\u00ba \/ 20\u00ba<\/li>\n<\/ul>\n<\/li>\n<li>Fr\u00e9quence d&#8217;entr\u00e9e AC: 50-60 Hz<\/li>\n<li>consommation d&#8217;\u00e9nergie: 30 kWh<\/li>\n<li>Ecran tactile: Non<\/li>\n<li>Flux lumineux: 350 lm<\/li>\n<li>Angle: 178\u00ba<\/li>\n<li>Non Inclus: AMD FreeSync<\/li>\n<li>Montage: VESA<\/li>\n<li>Certificat: Certification ENERGY STAR<\/li>\n<li>Utilisation recommand\u00e9e:\n<ul>\n<li>Entreprise et commerce<\/li>\n<li>Professionnel<\/li>\n<\/ul>\n<\/li>\n<li>Couverture: 100% sRGB<\/li>\n<li>Rotation: -45\u00ba \/ 45\u00b0<\/li>\n<li>Inclut: USB Type-C &#8211; USB Type-C<\/li>\n<li>Type de batterie: Litio Ion<\/li>\n<li>Densit\u00e9 des pixels (dpi): 109 dpi<\/li>\n<\/ul>","protected":false},"excerpt":{"rendered":"<p>Si vous \u00eates \u00e0 la recherche de nouvelles tendances sur le march\u00e9, nous vous pr\u00e9sentons Monitor Gaming HP 9E0G5AA#ABB Quad HD 27&#8243; ! Diagonale de l&#8217;\u00e9cran (cm): 68,6 cm Type: \u00c9cran Axe Produit \u00e0 brancher: Oui Ecran: 27&#8243; Type de prise: Prise EU Bloc d\u2019Alimentation: r\u00e9seau \u00e9lectrique Cordon d&#8217;alimentation CA Couleur: Noir Temps de r\u00e9ponse: [&hellip;]<\/p>\n","protected":false},"featured_media":171106,"comment_status":"open","ping_status":"closed","template":"","meta":[],"product_brand":[630],"product_cat":[65,581,616],"product_tag":[213,106],"class_list":{"0":"post-171112","1":"product","2":"type-product","3":"status-publish","4":"has-post-thumbnail","6":"product_brand-brandp_909","7":"product_cat-informatique-electronique","8":"product_cat-informatique-peripheriques-et-consommables","9":"product_cat-moniteurs","10":"product_tag-tag_933","11":"product_tag-tag_1295","13":"first","14":"instock","15":"taxable","16":"shipping-taxable","17":"purchasable","18":"product-type-simple"},"_links":{"self":[{"href":"https:\/\/bigbuy.tupique.com\/en\/wp-json\/wp\/v2\/product\/171112","targetHints":{"allow":["GET"]}}],"collection":[{"href":"https:\/\/bigbuy.tupique.com\/en\/wp-json\/wp\/v2\/product"}],"about":[{"href":"https:\/\/bigbuy.tupique.com\/en\/wp-json\/wp\/v2\/types\/product"}],"replies":[{"embeddable":true,"href":"https:\/\/bigbuy.tupique.com\/en\/wp-json\/wp\/v2\/comments?post=171112"}],"wp:featuredmedia":[{"embeddable":true,"href":"https:\/\/bigbuy.tupique.com\/en\/wp-json\/wp\/v2\/media\/171106"}],"wp:attachment":[{"href":"https:\/\/bigbuy.tupique.com\/en\/wp-json\/wp\/v2\/media?parent=171112"}],"wp:term":[{"taxonomy":"product_brand","embeddable":true,"href":"https:\/\/bigbuy.tupique.com\/en\/wp-json\/wp\/v2\/product_brand?post=171112"},{"taxonomy":"product_cat","embeddable":true,"href":"https:\/\/bigbuy.tupique.com\/en\/wp-json\/wp\/v2\/product_cat?post=171112"},{"taxonomy":"product_tag","embeddable":true,"href":"https:\/\/bigbuy.tupique.com\/en\/wp-json\/wp\/v2\/product_tag?post=171112"}],"curies":[{"name":"wp","href":"https:\/\/api.w.org\/{rel}","templated":true}]}}