{"id":17099,"date":"2026-03-29T14:16:57","date_gmt":"2026-03-29T13:16:57","guid":{"rendered":"https:\/\/bigbuy.tupique.com\/produto\/perforating-hammer-bosch-professional-gbh-24-c\/"},"modified":"2026-05-11T20:02:45","modified_gmt":"2026-05-11T18:02:45","slug":"perforating-hammer-bosch-professional-gbh-24-c","status":"publish","type":"product","link":"https:\/\/bigbuy.tupique.com\/en\/produto\/perforating-hammer-bosch-professional-gbh-24-c\/","title":{"rendered":"Marteau perforateur BOSCH Professional GBH 24 C"},"content":{"rendered":"<p>Si vous aimez prendre soin de chaque d\u00e9tail de votre maison et d&#8217;\u00eatre \u00e0 la derni\u00e8re mode en mati\u00e8re de produits qui vous rendront la vie plus facile, achetez <b>Marteau perforateur BOSCH Professional GBH 24 C<\/b> au meilleur prix.<\/p>\n<p>Le <b>Professional GBH 24 C<\/b> de <b>BOSCH<\/b> est un <b>perforateur sans fil<\/b> con\u00e7u pour les professionnels qui exigent puissance et mobilit\u00e9 lors de travaux intensifs de per\u00e7age et de d\u00e9molition. \u00c9quip\u00e9 d\u2019un <b>moteur sans balais<\/b>, ce mod\u00e8le offre une meilleure efficacit\u00e9 \u00e9nerg\u00e9tique et une dur\u00e9e de vie prolong\u00e9e par rapport aux moteurs classiques, r\u00e9duisant l\u2019entretien et maximisant la performance. Il fonctionne avec une <b>alimentation par batterie rechargeable 18 V<\/b>, offrant une grande libert\u00e9 de mouvement sans les contraintes d\u2019un c\u00e2ble \u00e9lectrique, id\u00e9al sur les chantiers ou en lieux sans acc\u00e8s facile au courant. Sa <b>couleur bleue<\/b> caract\u00e9ristique identifie clairement sa gamme professionnelle et il dispose d\u2019une conception ergonomique avec <b>poign\u00e9e double<\/b> facilitant la prise en main, am\u00e9liorant le contr\u00f4le et la s\u00e9curit\u00e9 lors des t\u00e2ches les plus exigeantes. De plus, l\u2019\u00e9quipement comprend une <b>mallette robuste<\/b> pour le transport et le stockage, garantissant la protection de l\u2019appareil et de ses accessoires, et est fourni avec une <b>prise europ\u00e9enne (EU)<\/b> compatible avec les sources de charge standard de la r\u00e9gion. Ce perforateur repr\u00e9sente une solution polyvalente et avanc\u00e9e pour les travaux n\u00e9cessitant force et pr\u00e9cision, supportant aussi bien le per\u00e7age de mat\u00e9riaux durs que les op\u00e9rations de d\u00e9molition l\u00e9g\u00e8re. En r\u00e9sum\u00e9, le BOSCH Professional GBH 24 C combine une technologie sans fil avanc\u00e9e \u00e0 une construction solide pour les professionnels recherchant efficacit\u00e9 et autonomie dans leurs outils \u00e9lectriques.<\/p>\n<ul>\n<li>Inclut:\n<ul>\n<li>Porte documents<\/li>\n<li>Batterie au lithium rechargeable<\/li>\n<li>Chargeur de batterie<\/li>\n<li>pointes interchangeables<\/li>\n<li>Batterie au lithium rechargeable x 2<\/li>\n<\/ul>\n<\/li>\n<li>Produit \u00e0 brancher: Oui<\/li>\n<li>Caract\u00e9ristiques: Double poign\u00e9e<\/li>\n<li>Type de prise: Prise EU<\/li>\n<li>Bloc d\u2019Alimentation:\n<ul>\n<li>r\u00e9seau \u00e9lectrique<\/li>\n<li>Batterie<\/li>\n<li>Batterie rechargeable<\/li>\n<\/ul>\n<\/li>\n<li>Couleur: Bleu<\/li>\n<li>Capacit\u00e9 de la batterie: 5 Ah<\/li>\n<li>Tension: 18 V<\/li>\n<li>Poids approx.: 3 Kg<\/li>\n<li>Type d&#8217;ancrage: SDS Plus<\/li>\n<li>Dimensions approx.: 24 mm<\/li>\n<li>Moteur: Sans brosse<\/li>\n<li>Type de batterie: Litio Ion<\/li>\n<\/ul>","protected":false},"excerpt":{"rendered":"<p>Si vous aimez prendre soin de chaque d\u00e9tail de votre maison et d&#8217;\u00eatre \u00e0 la derni\u00e8re mode en mati\u00e8re de produits qui vous rendront la vie plus facile, achetez Marteau perforateur BOSCH Professional GBH 24 C au meilleur prix. Le Professional GBH 24 C de BOSCH est un perforateur sans fil con\u00e7u pour les professionnels [&hellip;]<\/p>\n","protected":false},"featured_media":17093,"comment_status":"open","ping_status":"closed","template":"","meta":[],"product_brand":[162],"product_cat":[613,239],"product_tag":[59,210],"class_list":{"0":"post-17099","1":"product","2":"type-product","3":"status-publish","4":"has-post-thumbnail","6":"product_brand-brandp_959","7":"product_cat-bricolage-et-materiel","8":"product_cat-maison-jardin","9":"product_tag-tag_1304","10":"product_tag-tag_25","12":"first","13":"instock","14":"taxable","15":"shipping-taxable","16":"purchasable","17":"product-type-simple"},"_links":{"self":[{"href":"https:\/\/bigbuy.tupique.com\/en\/wp-json\/wp\/v2\/product\/17099","targetHints":{"allow":["GET"]}}],"collection":[{"href":"https:\/\/bigbuy.tupique.com\/en\/wp-json\/wp\/v2\/product"}],"about":[{"href":"https:\/\/bigbuy.tupique.com\/en\/wp-json\/wp\/v2\/types\/product"}],"replies":[{"embeddable":true,"href":"https:\/\/bigbuy.tupique.com\/en\/wp-json\/wp\/v2\/comments?post=17099"}],"wp:featuredmedia":[{"embeddable":true,"href":"https:\/\/bigbuy.tupique.com\/en\/wp-json\/wp\/v2\/media\/17093"}],"wp:attachment":[{"href":"https:\/\/bigbuy.tupique.com\/en\/wp-json\/wp\/v2\/media?parent=17099"}],"wp:term":[{"taxonomy":"product_brand","embeddable":true,"href":"https:\/\/bigbuy.tupique.com\/en\/wp-json\/wp\/v2\/product_brand?post=17099"},{"taxonomy":"product_cat","embeddable":true,"href":"https:\/\/bigbuy.tupique.com\/en\/wp-json\/wp\/v2\/product_cat?post=17099"},{"taxonomy":"product_tag","embeddable":true,"href":"https:\/\/bigbuy.tupique.com\/en\/wp-json\/wp\/v2\/product_tag?post=17099"}],"curies":[{"name":"wp","href":"https:\/\/api.w.org\/{rel}","templated":true}]}}