{"id":17092,"date":"2026-03-29T14:16:48","date_gmt":"2026-03-29T13:16:48","guid":{"rendered":"https:\/\/bigbuy.tupique.com\/produto\/perforating-hammer-bosch-professional-gbh-24c\/"},"modified":"2026-04-17T00:36:11","modified_gmt":"2026-04-16T23:36:11","slug":"perforating-hammer-bosch-professional-gbh-24c","status":"publish","type":"product","link":"https:\/\/bigbuy.tupique.com\/en\/produto\/perforating-hammer-bosch-professional-gbh-24c\/","title":{"rendered":"Marteau perforateur BOSCH Professional GBH 24C"},"content":{"rendered":"<p>Si vous aimez prendre soin de chaque d\u00e9tail de votre maison et d&#8217;\u00eatre \u00e0 la derni\u00e8re mode en mati\u00e8re de produits qui vous rendront la vie plus facile, achetez <b>Marteau perforateur BOSCH Professional GBH 24C<\/b> au meilleur prix.<\/p>\n<p>Le <b>Marteau perforateur Professional GBH 24C<\/b> de <b>BOSCH<\/b> est un outil sans fil offrant de hautes performances pour les applications professionnelles de per\u00e7age et de d\u00e9molition. Il est \u00e9quip\u00e9 d\u2019un <b>moteur sans balais<\/b>, une technologie qui optimise l\u2019efficacit\u00e9 et r\u00e9duit l\u2019usure, prolongeant ainsi la dur\u00e9e de vie de l\u2019appareil. Fonctionnant sous <b>tension de 18 V<\/b> et utilisant une <b>batterie rechargeable<\/b>, il garantit une libert\u00e9 de mouvement maximale et une grande polyvalence dans les environnements sans acc\u00e8s \u00e0 une prise \u00e9lectrique. Son design int\u00e8gre une <b>poign\u00e9e double<\/b>, offrant un meilleur contr\u00f4le et une stabilit\u00e9 accrue pendant le travail, facilitant la pr\u00e9cision et la maniabilit\u00e9 lors d\u2019op\u00e9rations exigeantes. Sa finition en <b>bleu<\/b> correspond \u00e0 l\u2019image de marque de la gamme Professional de BOSCH, alliant esth\u00e9tique et fonctionnalit\u00e9. Ce mod\u00e8le est vendu sans batterie, permettant \u00e0 l\u2019utilisateur de conserver le syst\u00e8me de batteries des autres appareils compatibles de la marque. Destin\u00e9 aux professionnels du b\u00e2timent et au bricolage avanc\u00e9, le BOSCH Professional GBH 24C combine robustesse, autonomie et technologie avanc\u00e9e pour optimiser les t\u00e2ches de per\u00e7age et de burinage avec confort et efficacit\u00e9.<\/p>\n<ul>\n<li>Non Inclus:\n<ul>\n<li>Batterie<\/li>\n<li>Chargeur de batterie<\/li>\n<\/ul>\n<\/li>\n<li>Produit \u00e0 brancher: Oui<\/li>\n<li>Caract\u00e9ristiques: Double poign\u00e9e<\/li>\n<li>Type de prise: Prise EU<\/li>\n<li>Bloc d\u2019Alimentation:\n<ul>\n<li>r\u00e9seau \u00e9lectrique<\/li>\n<li>Batterie<\/li>\n<li>Batterie rechargeable<\/li>\n<\/ul>\n<\/li>\n<li>Couleur: Bleu<\/li>\n<li>Tension: 18 V<\/li>\n<li>Moteur: Sans brosse<\/li>\n<\/ul>","protected":false},"excerpt":{"rendered":"<p>Si vous aimez prendre soin de chaque d\u00e9tail de votre maison et d&#8217;\u00eatre \u00e0 la derni\u00e8re mode en mati\u00e8re de produits qui vous rendront la vie plus facile, achetez Marteau perforateur BOSCH Professional GBH 24C au meilleur prix. Le Marteau perforateur Professional GBH 24C de BOSCH est un outil sans fil offrant de hautes performances [&hellip;]<\/p>\n","protected":false},"featured_media":17088,"comment_status":"open","ping_status":"closed","template":"","meta":[],"product_brand":[162],"product_cat":[613,239],"product_tag":[59,210],"class_list":{"0":"post-17092","1":"product","2":"type-product","3":"status-publish","4":"has-post-thumbnail","6":"product_brand-brandp_959","7":"product_cat-bricolage-et-materiel","8":"product_cat-maison-jardin","9":"product_tag-tag_1304","10":"product_tag-tag_25","12":"first","13":"instock","14":"taxable","15":"shipping-taxable","16":"purchasable","17":"product-type-simple"},"_links":{"self":[{"href":"https:\/\/bigbuy.tupique.com\/en\/wp-json\/wp\/v2\/product\/17092","targetHints":{"allow":["GET"]}}],"collection":[{"href":"https:\/\/bigbuy.tupique.com\/en\/wp-json\/wp\/v2\/product"}],"about":[{"href":"https:\/\/bigbuy.tupique.com\/en\/wp-json\/wp\/v2\/types\/product"}],"replies":[{"embeddable":true,"href":"https:\/\/bigbuy.tupique.com\/en\/wp-json\/wp\/v2\/comments?post=17092"}],"wp:featuredmedia":[{"embeddable":true,"href":"https:\/\/bigbuy.tupique.com\/en\/wp-json\/wp\/v2\/media\/17088"}],"wp:attachment":[{"href":"https:\/\/bigbuy.tupique.com\/en\/wp-json\/wp\/v2\/media?parent=17092"}],"wp:term":[{"taxonomy":"product_brand","embeddable":true,"href":"https:\/\/bigbuy.tupique.com\/en\/wp-json\/wp\/v2\/product_brand?post=17092"},{"taxonomy":"product_cat","embeddable":true,"href":"https:\/\/bigbuy.tupique.com\/en\/wp-json\/wp\/v2\/product_cat?post=17092"},{"taxonomy":"product_tag","embeddable":true,"href":"https:\/\/bigbuy.tupique.com\/en\/wp-json\/wp\/v2\/product_tag?post=17092"}],"curies":[{"name":"wp","href":"https:\/\/api.w.org\/{rel}","templated":true}]}}