{"id":17074,"date":"2026-03-29T14:16:23","date_gmt":"2026-03-29T13:16:23","guid":{"rendered":"https:\/\/bigbuy.tupique.com\/produto\/garage-door-engine-avidsen-orane510-500-kg\/"},"modified":"2026-05-11T20:02:44","modified_gmt":"2026-05-11T18:02:44","slug":"garage-door-engine-avidsen-orane510-500-kg","status":"publish","type":"product","link":"https:\/\/bigbuy.tupique.com\/en\/produto\/garage-door-engine-avidsen-orane510-500-kg\/","title":{"rendered":"Moteur de porte de garage Avidsen Orane510 500 kg"},"content":{"rendered":"<p>Si vous aimez prendre soin de chaque d\u00e9tail de votre maison et d&#8217;\u00eatre \u00e0 la derni\u00e8re mode en mati\u00e8re de produits qui vous rendront la vie plus facile, achetez <b>Moteur de porte de garage Avidsen Orane510 500 kg<\/b> au meilleur prix.<\/p>\n<p>Le <b>moteur pour porte de garage Orane510<\/b> de la marque Avidsen est une solution robuste et pratique pour l\u2019automatisation de portes battantes jusqu\u2019\u00e0 <b>5 m\u00e8tres de largeur<\/b> et un poids maximal de <b>500 kg<\/b>. Ce motor\u00e9ducteur fonctionne sur la <b>r\u00e9seau \u00e9lectrique europ\u00e9en (prise EU)<\/b> et se distingue par son design \u00e0 bras articul\u00e9, facilitant l\u2019installation et le fonctionnement sur portes r\u00e9sidentielles ou commerciales. Il inclut un <b>kit d\u2019installation complet<\/b> qui simplifie le montage et assure une int\u00e9gration s\u00fbre et stable avec la structure existante. Pour une gestion confortable et efficace, l\u2019appareil est fourni avec deux <b>t\u00e9l\u00e9commandes<\/b> permettant d\u2019ouvrir la porte sans sortir du v\u00e9hicule ou de la maison. De plus, il dispose d\u2019un syst\u00e8me de <b>lumi\u00e8re d\u2019urgence clignotante<\/b>, am\u00e9liorant la visibilit\u00e9 et la s\u00e9curit\u00e9 pendant son fonctionnement, alertant les personnes \u00e0 proximit\u00e9 lorsque la porte est en mouvement. Il est \u00e9galement \u00e9quip\u00e9 d\u2019une paire de <b>cellules photo\u00e9lectriques de s\u00e9curit\u00e9<\/b>, essentielles pour arr\u00eater automatiquement la fermeture ou l\u2019ouverture en cas d\u2019obstacle, \u00e9vitant ainsi accidents et dommages aux personnes comme aux v\u00e9hicules. La motorisation peut \u00eatre contr\u00f4l\u00e9e depuis un interphone, offrant un confort suppl\u00e9mentaire et un contr\u00f4le \u00e0 distance pour un acc\u00e8s sans contact direct avec le moteur. Ce mod\u00e8le, con\u00e7u et fabriqu\u00e9 en <b>France<\/b>, allie qualit\u00e9 et technologie pour garantir une op\u00e9ration fiable et durable, soutenue par une marque reconnue dans le secteur de l\u2019automatisation. En r\u00e9sum\u00e9, l\u2019Avidsen Orane510 repr\u00e9sente une option technique et s\u00e9curis\u00e9e pour ceux qui souhaitent moderniser leurs acc\u00e8s avec un syst\u00e8me efficace, r\u00e9sistant et facile \u00e0 utiliser.<\/p>\n<ul>\n<li>Compatible avec:\n<ul>\n<li>Porte coulissante 5 m<\/li>\n<li>Lumi\u00e8re solaire<\/li>\n<\/ul>\n<\/li>\n<li>Poids Max. support\u00e9: 500 kg<\/li>\n<li>Inclut:\n<ul>\n<li>Kit d&#8217;installation<\/li>\n<li>T\u00e9l\u00e9commande<\/li>\n<li>Lumi\u00e8re d&#8217;Urgence Clignotante<\/li>\n<\/ul>\n<\/li>\n<li>Bloc d\u2019Alimentation: r\u00e9seau \u00e9lectrique<\/li>\n<li>Produit \u00e0 brancher: Oui<\/li>\n<li>Type de prise: Prise EU<\/li>\n<li>Pays \/ r\u00e9gion de fabrication: France<\/li>\n<\/ul>","protected":false},"excerpt":{"rendered":"<p>Si vous aimez prendre soin de chaque d\u00e9tail de votre maison et d&#8217;\u00eatre \u00e0 la derni\u00e8re mode en mati\u00e8re de produits qui vous rendront la vie plus facile, achetez Moteur de porte de garage Avidsen Orane510 500 kg au meilleur prix. Le moteur pour porte de garage Orane510 de la marque Avidsen est une solution [&hellip;]<\/p>\n","protected":false},"featured_media":17068,"comment_status":"open","ping_status":"closed","template":"","meta":[],"product_brand":[853],"product_cat":[613,239],"product_tag":[59,210],"class_list":{"0":"post-17074","1":"product","2":"type-product","3":"status-publish","4":"has-post-thumbnail","6":"product_brand-brandp_8456","7":"product_cat-bricolage-et-materiel","8":"product_cat-maison-jardin","9":"product_tag-tag_1304","10":"product_tag-tag_25","12":"first","13":"instock","14":"taxable","15":"shipping-taxable","16":"purchasable","17":"product-type-simple"},"_links":{"self":[{"href":"https:\/\/bigbuy.tupique.com\/en\/wp-json\/wp\/v2\/product\/17074","targetHints":{"allow":["GET"]}}],"collection":[{"href":"https:\/\/bigbuy.tupique.com\/en\/wp-json\/wp\/v2\/product"}],"about":[{"href":"https:\/\/bigbuy.tupique.com\/en\/wp-json\/wp\/v2\/types\/product"}],"replies":[{"embeddable":true,"href":"https:\/\/bigbuy.tupique.com\/en\/wp-json\/wp\/v2\/comments?post=17074"}],"wp:featuredmedia":[{"embeddable":true,"href":"https:\/\/bigbuy.tupique.com\/en\/wp-json\/wp\/v2\/media\/17068"}],"wp:attachment":[{"href":"https:\/\/bigbuy.tupique.com\/en\/wp-json\/wp\/v2\/media?parent=17074"}],"wp:term":[{"taxonomy":"product_brand","embeddable":true,"href":"https:\/\/bigbuy.tupique.com\/en\/wp-json\/wp\/v2\/product_brand?post=17074"},{"taxonomy":"product_cat","embeddable":true,"href":"https:\/\/bigbuy.tupique.com\/en\/wp-json\/wp\/v2\/product_cat?post=17074"},{"taxonomy":"product_tag","embeddable":true,"href":"https:\/\/bigbuy.tupique.com\/en\/wp-json\/wp\/v2\/product_tag?post=17074"}],"curies":[{"name":"wp","href":"https:\/\/api.w.org\/{rel}","templated":true}]}}