{"id":17061,"date":"2026-03-29T14:16:01","date_gmt":"2026-03-29T13:16:01","guid":{"rendered":"https:\/\/bigbuy.tupique.com\/produto\/column-drill-bosch-pbd-40-700-w-column\/"},"modified":"2026-04-16T15:05:38","modified_gmt":"2026-04-16T14:05:38","slug":"column-drill-bosch-pbd-40-700-w-column","status":"publish","type":"product","link":"https:\/\/bigbuy.tupique.com\/en\/produto\/column-drill-bosch-pbd-40-700-w-column\/","title":{"rendered":"Perceuse colonne BOSCH PBD 40 700 W Colonne"},"content":{"rendered":"<p>Si vous aimez prendre soin de chaque d\u00e9tail de votre maison et d&#8217;\u00eatre \u00e0 la derni\u00e8re mode en mati\u00e8re de produits qui vous rendront la vie plus facile, achetez <b>Perceuse colonne BOSCH PBD 40 700 W Colonne<\/b> au meilleur prix.<\/p>\n<p>La <b>perceuse \u00e0 colonne<\/b> <b>BOSCH PBD 40<\/b> allie pr\u00e9cision professionnelle et facilit\u00e9 d\u2019utilisation pour garantir des r\u00e9sultats optimaux lors des travaux de per\u00e7age en atelier domestique ou professionnel. Dot\u00e9e d\u2019un puissant <b>moteur de 700 W<\/b> aliment\u00e9 en <b>230 V<\/b>, ce mod\u00e8le assure des performances constantes, m\u00eame sur des mat\u00e9riaux exigeants comme le bois, le m\u00e9tal ou le plastique. Sa structure en <b>m\u00e9tal<\/b> offre durabilit\u00e9 et stabilit\u00e9 pendant l\u2019utilisation, tandis que son design moderne de couleur <b>verte<\/b> refl\u00e8te la tradition de qualit\u00e9 de la marque BOSCH. Elle int\u00e8gre une <b>lumi\u00e8re LED<\/b> pratique qui am\u00e9liore la visibilit\u00e9 de la zone de travail, permettant une plus grande pr\u00e9cision \u00e0 chaque per\u00e7age et r\u00e9duisant le risque d\u2019erreur, notamment dans les environnements faiblement \u00e9clair\u00e9s. L\u2019\u00e9cran digital int\u00e9gr\u00e9 affiche \u00e0 la fois la <b>profondeur et la vitesse de per\u00e7age<\/b>, facilitant le r\u00e9glage pr\u00e9cis des param\u00e8tres pour chaque t\u00e2che et contribuant \u00e0 une finition uniforme et ma\u00eetris\u00e9e. Ce mod\u00e8le propose \u00e9galement un variateur \u00e9lectronique pour ajuster la vitesse selon le mat\u00e9riau et le type de foret utilis\u00e9, aidant \u00e0 \u00e9viter la surchauffe ou l\u2019usure pr\u00e9matur\u00e9e de l\u2019appareil. Fabriqu\u00e9e en Chine, elle est livr\u00e9e avec des accessoires essentiels tels que mandrin, adaptateur et but\u00e9e de profondeur, garantissant une utilisation polyvalente d\u00e8s la premi\u00e8re prise en main. La BOSCH PBD 40 est un outil fiable et fonctionnel, id\u00e9al pour ceux qui recherchent une solution pr\u00e9cise et puissante pour le bricolage ou les petits ateliers.<\/p>\n<ul>\n<li>Type de prise: Prise EU<\/li>\n<li>Produit \u00e0 brancher: Oui<\/li>\n<li>Design: Colonne<\/li>\n<li>Bloc d\u2019Alimentation:\n<ul>\n<li>r\u00e9seau \u00e9lectrique<\/li>\n<li>C\u00e2ble<\/li>\n<\/ul>\n<\/li>\n<li>Couleur: Vert<\/li>\n<li>Mati\u00e8re:\n<ul>\n<li>M\u00e9tal<\/li>\n<li>Plastique<\/li>\n<\/ul>\n<\/li>\n<li>puissance:\n<ul>\n<li>700 W<\/li>\n<li>710 W<\/li>\n<\/ul>\n<\/li>\n<li>Vitesse:\n<ul>\n<li>2<\/li>\n<li>2 vitesses<\/li>\n<\/ul>\n<\/li>\n<li>diam\u00e8tre approx.:\n<ul>\n<li>40 mm<\/li>\n<li>13 mm<\/li>\n<\/ul>\n<\/li>\n<li>Caract\u00e9ristiques: Lumi\u00e8re LED<\/li>\n<li>Tension: 230 V<\/li>\n<\/ul>","protected":false},"excerpt":{"rendered":"<p>Si vous aimez prendre soin de chaque d\u00e9tail de votre maison et d&#8217;\u00eatre \u00e0 la derni\u00e8re mode en mati\u00e8re de produits qui vous rendront la vie plus facile, achetez Perceuse colonne BOSCH PBD 40 700 W Colonne au meilleur prix. La perceuse \u00e0 colonne BOSCH PBD 40 allie pr\u00e9cision professionnelle et facilit\u00e9 d\u2019utilisation pour garantir [&hellip;]<\/p>\n","protected":false},"featured_media":17060,"comment_status":"open","ping_status":"closed","template":"","meta":[],"product_brand":[162],"product_cat":[613,239],"product_tag":[59,210],"class_list":{"0":"post-17061","1":"product","2":"type-product","3":"status-publish","4":"has-post-thumbnail","6":"product_brand-brandp_959","7":"product_cat-bricolage-et-materiel","8":"product_cat-maison-jardin","9":"product_tag-tag_1304","10":"product_tag-tag_25","12":"first","13":"instock","14":"taxable","15":"shipping-taxable","16":"purchasable","17":"product-type-simple"},"_links":{"self":[{"href":"https:\/\/bigbuy.tupique.com\/en\/wp-json\/wp\/v2\/product\/17061","targetHints":{"allow":["GET"]}}],"collection":[{"href":"https:\/\/bigbuy.tupique.com\/en\/wp-json\/wp\/v2\/product"}],"about":[{"href":"https:\/\/bigbuy.tupique.com\/en\/wp-json\/wp\/v2\/types\/product"}],"replies":[{"embeddable":true,"href":"https:\/\/bigbuy.tupique.com\/en\/wp-json\/wp\/v2\/comments?post=17061"}],"wp:featuredmedia":[{"embeddable":true,"href":"https:\/\/bigbuy.tupique.com\/en\/wp-json\/wp\/v2\/media\/17060"}],"wp:attachment":[{"href":"https:\/\/bigbuy.tupique.com\/en\/wp-json\/wp\/v2\/media?parent=17061"}],"wp:term":[{"taxonomy":"product_brand","embeddable":true,"href":"https:\/\/bigbuy.tupique.com\/en\/wp-json\/wp\/v2\/product_brand?post=17061"},{"taxonomy":"product_cat","embeddable":true,"href":"https:\/\/bigbuy.tupique.com\/en\/wp-json\/wp\/v2\/product_cat?post=17061"},{"taxonomy":"product_tag","embeddable":true,"href":"https:\/\/bigbuy.tupique.com\/en\/wp-json\/wp\/v2\/product_tag?post=17061"}],"curies":[{"name":"wp","href":"https:\/\/api.w.org\/{rel}","templated":true}]}}