{"id":17059,"date":"2026-03-29T14:15:59","date_gmt":"2026-03-29T13:15:59","guid":{"rendered":"https:\/\/bigbuy.tupique.com\/produto\/angle-grinder-bosch-gws-12v-76-professional-12-v\/"},"modified":"2026-04-16T16:45:49","modified_gmt":"2026-04-16T15:45:49","slug":"angle-grinder-bosch-gws-12v-76-professional-12-v","status":"publish","type":"product","link":"https:\/\/bigbuy.tupique.com\/en\/produto\/angle-grinder-bosch-gws-12v-76-professional-12-v\/","title":{"rendered":"Meuleuse d&#8217;angle BOSCH GWS 12V-76 Professional 12 V"},"content":{"rendered":"<p>Si vous aimez prendre soin de chaque d\u00e9tail de votre maison et d&#8217;\u00eatre \u00e0 la derni\u00e8re mode en mati\u00e8re de produits qui vous rendront la vie plus facile, achetez <b>Meuleuse d&#8217;angle BOSCH GWS 12V-76 Professional 12 V<\/b> au meilleur prix.<\/p>\n<p>La <b>meuleuse d\u2019angle BOSCH GWS 12V-76 Professional<\/b> est un outil compact et ergonomique con\u00e7u pour offrir une performance efficace lors de coupes rapides et de travaux de polissage sur chantier. Elle fonctionne avec une <b>alimentation par batterie 12 V<\/b>, garantissant une grande mobilit\u00e9 et l\u2019absence de c\u00e2bles, id\u00e9ale pour une utilisation dans des lieux \u00e0 acc\u00e8s \u00e9lectrique limit\u00e9. Gr\u00e2ce \u00e0 son puissant moteur <b>EC sans balais<\/b>, cette meuleuse offre une durabilit\u00e9 accrue et une progression rapide du travail, augmentant la productivit\u00e9 sans sacrifier la puissance. Son design est particuli\u00e8rement adapt\u00e9 aux travaux sur diff\u00e9rents mat\u00e9riaux, offrant polyvalence et pr\u00e9cision. Elle se distingue \u00e9galement comme la premi\u00e8re meuleuse d\u2019angle de sa cat\u00e9gorie avec une tension r\u00e9duite, ce qui se traduit par un outil l\u00e9ger mais avec une grande capacit\u00e9 de coupe et de contr\u00f4le. Le blocage d\u2019axe am\u00e9lior\u00e9 facilite le changement rapide du disque, optimisant le temps en atelier ou sur chantier, tandis que le carter de protection r\u00e9glable apporte un niveau essentiel de s\u00e9curit\u00e9 pendant l\u2019utilisation. Sa finition en <b>bleu et composants m\u00e9talliques<\/b> renforce la robustesse et la r\u00e9sistance \u00e0 l\u2019usage intensif. Ce mod\u00e8le professionnel est destin\u00e9 \u00e0 ceux qui recherchent une meuleuse efficace, portable et dot\u00e9e d\u2019une technologie avanc\u00e9e pour r\u00e9aliser des t\u00e2ches exigeantes de mani\u00e8re confortable et s\u00fbre. En r\u00e9sum\u00e9, la GWS 12V-76 Professional repr\u00e9sente une solution \u00e9quilibr\u00e9e entre puissance, ergonomie et facilit\u00e9 d\u2019utilisation pour les professionnels du secteur cherchant qualit\u00e9 et autonomie dans un outil sans fil.<\/p>\n<ul>\n<li>Produit \u00e0 brancher: Oui<\/li>\n<li>Type de prise: Prise EU<\/li>\n<li>Bloc d\u2019Alimentation:\n<ul>\n<li>r\u00e9seau \u00e9lectrique<\/li>\n<li>Batterie<\/li>\n<\/ul>\n<\/li>\n<li>Couleur: Bleu<\/li>\n<li>Capacit\u00e9 de la batterie: 3 Ah<\/li>\n<li>Mati\u00e8re: M\u00e9tal<\/li>\n<li>Tension: 12 V<\/li>\n<li>Nombre de pi\u00e8ces: 6 Pi\u00e8ces<\/li>\n<li>Inclut:\n<ul>\n<li>Batterie<\/li>\n<li>Chargeur de batterie<\/li>\n<li>Housse de transport<\/li>\n<\/ul>\n<\/li>\n<li>Piles incluses: Oui<\/li>\n<li>Type de batterie:\n<ul>\n<li>Lithium<\/li>\n<li>Litio Ion<\/li>\n<\/ul>\n<\/li>\n<li>Niveau sonore: 86 dB<\/li>\n<\/ul>","protected":false},"excerpt":{"rendered":"<p>Si vous aimez prendre soin de chaque d\u00e9tail de votre maison et d&#8217;\u00eatre \u00e0 la derni\u00e8re mode en mati\u00e8re de produits qui vous rendront la vie plus facile, achetez Meuleuse d&#8217;angle BOSCH GWS 12V-76 Professional 12 V au meilleur prix. La meuleuse d\u2019angle BOSCH GWS 12V-76 Professional est un outil compact et ergonomique con\u00e7u pour [&hellip;]<\/p>\n","protected":false},"featured_media":17057,"comment_status":"open","ping_status":"closed","template":"","meta":[],"product_brand":[162],"product_cat":[613,239],"product_tag":[59,210],"class_list":{"0":"post-17059","1":"product","2":"type-product","3":"status-publish","4":"has-post-thumbnail","6":"product_brand-brandp_959","7":"product_cat-bricolage-et-materiel","8":"product_cat-maison-jardin","9":"product_tag-tag_1304","10":"product_tag-tag_25","12":"first","13":"instock","14":"taxable","15":"shipping-taxable","16":"purchasable","17":"product-type-simple"},"_links":{"self":[{"href":"https:\/\/bigbuy.tupique.com\/en\/wp-json\/wp\/v2\/product\/17059","targetHints":{"allow":["GET"]}}],"collection":[{"href":"https:\/\/bigbuy.tupique.com\/en\/wp-json\/wp\/v2\/product"}],"about":[{"href":"https:\/\/bigbuy.tupique.com\/en\/wp-json\/wp\/v2\/types\/product"}],"replies":[{"embeddable":true,"href":"https:\/\/bigbuy.tupique.com\/en\/wp-json\/wp\/v2\/comments?post=17059"}],"wp:featuredmedia":[{"embeddable":true,"href":"https:\/\/bigbuy.tupique.com\/en\/wp-json\/wp\/v2\/media\/17057"}],"wp:attachment":[{"href":"https:\/\/bigbuy.tupique.com\/en\/wp-json\/wp\/v2\/media?parent=17059"}],"wp:term":[{"taxonomy":"product_brand","embeddable":true,"href":"https:\/\/bigbuy.tupique.com\/en\/wp-json\/wp\/v2\/product_brand?post=17059"},{"taxonomy":"product_cat","embeddable":true,"href":"https:\/\/bigbuy.tupique.com\/en\/wp-json\/wp\/v2\/product_cat?post=17059"},{"taxonomy":"product_tag","embeddable":true,"href":"https:\/\/bigbuy.tupique.com\/en\/wp-json\/wp\/v2\/product_tag?post=17059"}],"curies":[{"name":"wp","href":"https:\/\/api.w.org\/{rel}","templated":true}]}}