{"id":17044,"date":"2026-03-29T14:15:39","date_gmt":"2026-03-29T13:15:39","guid":{"rendered":"https:\/\/bigbuy.tupique.com\/produto\/superautomatic-coffee-maker-delonghi-ecam220-22-gb-18-l\/"},"modified":"2026-04-16T17:21:20","modified_gmt":"2026-04-16T16:21:20","slug":"superautomatic-coffee-maker-delonghi-ecam220-22-gb-18-l","status":"publish","type":"product","link":"https:\/\/bigbuy.tupique.com\/en\/produto\/superautomatic-coffee-maker-delonghi-ecam220-22-gb-18-l\/","title":{"rendered":"Cafeti\u00e8re superautomatique DeLonghi Ecam220.22.gb 1,8 L"},"content":{"rendered":"<p>Si vous recherchez des \u00e9lectrom\u00e9nagers pour votre maison aux meilleurs prix, ne manquez pas <b>Cafeti\u00e8re superautomatique DeLonghi Ecam220.22.gb 1,8 L<\/b> et une large s\u00e9lection de petits \u00e9lectrom\u00e9nagers de qualit\u00e9 !<\/p>\n<p>La <b>DeLonghi Magnifica Start<\/b> est une <b>cafeti\u00e8re super-automatique<\/b> de derni\u00e8re g\u00e9n\u00e9ration qui allie confort, pr\u00e9cision et style en un seul appareil, con\u00e7ue pour ceux qui appr\u00e9cient un v\u00e9ritable espresso \u00e0 la maison. Elle pr\u00e9sente un design moderne en <b>noir et gris<\/b>, s\u2019adaptant facilement \u00e0 diff\u00e9rents styles de cuisine, fabriqu\u00e9e avec des finitions en <b>plastique r\u00e9sistant<\/b>, garantissant durabilit\u00e9 sans sacrifier une apparence \u00e9l\u00e9gante. Cette machine est compatible avec le <b>caf\u00e9 moulu<\/b> et le <b>grain<\/b> gr\u00e2ce \u00e0 son <b>moulin int\u00e9gr\u00e9<\/b>, permettant de personnaliser la mouture pour chaque tasse et assurant toujours un ar\u00f4me et un go\u00fbt frais. Sa capacit\u00e9 de <b>250 grammes<\/b> facilite la pr\u00e9paration de plusieurs tasses sans recharger constamment, id\u00e9ale pour les foyers ou petits bureaux. Le <b>bac d\u2019\u00e9gouttage amovible<\/b> facilite le nettoyage et l\u2019entretien quotidien, tandis que l\u2019utilisation automatique simplifie la s\u00e9lection et la pr\u00e9paration des boissons, garantissant un r\u00e9sultat optimal d\u2019un simple bouton. Con\u00e7ue comme une <b>machine \u00e0 espresso<\/b> super-automatique, elle assure une extraction pr\u00e9cise qui met en valeur les caract\u00e9ristiques du caf\u00e9, offrant des r\u00e9sultats constants de qualit\u00e9 professionnelle. Dans l\u2019ensemble, cette cafeti\u00e8re repr\u00e9sente une excellente option pour ceux qui valorisent la praticit\u00e9 et l\u2019authenticit\u00e9 du caf\u00e9 fra\u00eechement pr\u00e9par\u00e9, avec la fiabilit\u00e9 reconnue de DeLonghi.<\/p>\n<ul>\n<li>Type: Cafeti\u00e8re superautomatique<\/li>\n<li>Capacit\u00e9:\n<ul>\n<li>1,8 L<\/li>\n<li>250 g<\/li>\n<li>150 g<\/li>\n<\/ul>\n<\/li>\n<li>Produit \u00e0 brancher: Oui<\/li>\n<li>Bloc d\u2019Alimentation: r\u00e9seau \u00e9lectrique<\/li>\n<li>Couleur:\n<ul>\n<li>Noir<\/li>\n<li>Gris<\/li>\n<\/ul>\n<\/li>\n<li>Largeur: 24 cm<\/li>\n<li>puissance:\n<ul>\n<li>1450 W<\/li>\n<li>1250 W<\/li>\n<\/ul>\n<\/li>\n<li>\u00c9lev\u00e9: 36 cm<\/li>\n<li>Long: 44 cm<\/li>\n<li>Pression: 15 bar<\/li>\n<li>Tension: 3 V<\/li>\n<\/ul>","protected":false},"excerpt":{"rendered":"<p>Si vous recherchez des \u00e9lectrom\u00e9nagers pour votre maison aux meilleurs prix, ne manquez pas Cafeti\u00e8re superautomatique DeLonghi Ecam220.22.gb 1,8 L et une large s\u00e9lection de petits \u00e9lectrom\u00e9nagers de qualit\u00e9 ! La DeLonghi Magnifica Start est une cafeti\u00e8re super-automatique de derni\u00e8re g\u00e9n\u00e9ration qui allie confort, pr\u00e9cision et style en un seul appareil, con\u00e7ue pour ceux qui [&hellip;]<\/p>\n","protected":false},"featured_media":17042,"comment_status":"open","ping_status":"closed","template":"","meta":[],"product_brand":[299],"product_cat":[725,60,77],"product_tag":[59,56],"class_list":{"0":"post-17044","1":"product","2":"type-product","3":"status-publish","4":"has-post-thumbnail","6":"product_brand-brandp_5487","7":"product_cat-cafetieres","8":"product_cat-cuisine-gourmet","9":"product_cat-petit-electromenager","10":"product_tag-tag_1304","11":"product_tag-tag_930","13":"first","14":"instock","15":"taxable","16":"shipping-taxable","17":"purchasable","18":"product-type-simple"},"_links":{"self":[{"href":"https:\/\/bigbuy.tupique.com\/en\/wp-json\/wp\/v2\/product\/17044","targetHints":{"allow":["GET"]}}],"collection":[{"href":"https:\/\/bigbuy.tupique.com\/en\/wp-json\/wp\/v2\/product"}],"about":[{"href":"https:\/\/bigbuy.tupique.com\/en\/wp-json\/wp\/v2\/types\/product"}],"replies":[{"embeddable":true,"href":"https:\/\/bigbuy.tupique.com\/en\/wp-json\/wp\/v2\/comments?post=17044"}],"wp:featuredmedia":[{"embeddable":true,"href":"https:\/\/bigbuy.tupique.com\/en\/wp-json\/wp\/v2\/media\/17042"}],"wp:attachment":[{"href":"https:\/\/bigbuy.tupique.com\/en\/wp-json\/wp\/v2\/media?parent=17044"}],"wp:term":[{"taxonomy":"product_brand","embeddable":true,"href":"https:\/\/bigbuy.tupique.com\/en\/wp-json\/wp\/v2\/product_brand?post=17044"},{"taxonomy":"product_cat","embeddable":true,"href":"https:\/\/bigbuy.tupique.com\/en\/wp-json\/wp\/v2\/product_cat?post=17044"},{"taxonomy":"product_tag","embeddable":true,"href":"https:\/\/bigbuy.tupique.com\/en\/wp-json\/wp\/v2\/product_tag?post=17044"}],"curies":[{"name":"wp","href":"https:\/\/api.w.org\/{rel}","templated":true}]}}