{"id":17041,"date":"2026-03-29T14:15:34","date_gmt":"2026-03-29T13:15:34","guid":{"rendered":"https:\/\/bigbuy.tupique.com\/produto\/uninterruptible-power-supply-system-interactive-ups-apc-bx2200mi-fr-1200-w\/"},"modified":"2026-04-16T15:55:35","modified_gmt":"2026-04-16T14:55:35","slug":"uninterruptible-power-supply-system-interactive-ups-apc-bx2200mi-fr-1200-w","status":"publish","type":"product","link":"https:\/\/bigbuy.tupique.com\/en\/produto\/uninterruptible-power-supply-system-interactive-ups-apc-bx2200mi-fr-1200-w\/","title":{"rendered":"Syst\u00e8me d&#8217;Alimentation Sans Interruption Interactif APC BX2200MI-FR 1200 W"},"content":{"rendered":"<p>Si vous \u00eates passionn\u00e9 d&#8217;<b>informatique et d&#8217;\u00e9lectronique<\/b>, si vous \u00eates \u00e0 la pointe de la technologie et qu&#8217;aucun d\u00e9tail ne vous \u00e9chappe, achetez <b>Syst\u00e8me d&#8217;Alimentation Sans Interruption Interactif APC BX2200MI-FR 1200 W<\/b> au meilleur prix.<\/p>\n<p>Le <b>SAI Interactif BX2200MI-FR<\/b> d\u2019APC est un syst\u00e8me d\u2019alimentation sans coupure (SAI) con\u00e7u pour prot\u00e9ger les \u00e9quipements \u00e9lectroniques et dispositifs critiques contre les coupures de courant et les fluctuations \u00e9lectriques, offrant une puissance maximale de <b>1200 W<\/b> et une capacit\u00e9 de <b>2200 VA<\/b>, ce qui le rend adapt\u00e9 aux environnements domestiques et petites entreprises n\u00e9cessitant une protection fiable et constante. Ce mod\u00e8le se distingue par sa technologie <b>VRLA<\/b> (gel scell\u00e9 sans entretien), garantissant une meilleure durabilit\u00e9 et s\u00e9curit\u00e9 de la batterie, \u00e9vitant les fuites et facilitant son installation partout. Son <b>design compact<\/b> en couleur <b>noir<\/b> permet une installation ais\u00e9e dans les espaces r\u00e9duits, tandis que son format optimise l\u2019usage de l\u2019espace sans compromettre ses performances techniques. Il int\u00e8gre des fonctions intelligentes telles qu\u2019un <b>ventilateur int\u00e9gr\u00e9<\/b> r\u00e9gulant la temp\u00e9rature interne pour am\u00e9liorer la performance et prolonger la dur\u00e9e de vie, ainsi qu\u2019une <b>alarme sonore<\/b> alertant en cas de surcharge ou de panne, contribuant \u00e0 la pr\u00e9vention des dommages. Pour faciliter la surveillance, il dispose d\u2019un <b>indicateur LED<\/b> affichant l\u2019\u00e9tat de fonctionnement et de charge, et offre une protection <b>contre les surcharges<\/b>, renfor\u00e7ant la s\u00e9curit\u00e9 des appareils connect\u00e9s. Ce SAI est conforme aux normes <b>RoHS<\/b> et <b>CE<\/b>, garantissant respect de l\u2019environnement et qualit\u00e9 certifi\u00e9e. Le <b>APC BX2200MI-FR<\/b> repr\u00e9sente une solution robuste et pratique pour assurer la continuit\u00e9 \u00e9lectrique et la protection des \u00e9quipements sensibles, alliant efficacit\u00e9 et facilit\u00e9 d\u2019utilisation dans un design fiable et professionnel.<\/p>\n<ul>\n<li>Couleur: Noir<\/li>\n<li>Produit \u00e0 brancher: Oui<\/li>\n<li>Inclut: Manuel de l&#8217;utilisateur<\/li>\n<li>Facteur de forme: Compact<\/li>\n<li>Certificat:\n<ul>\n<li>CE<\/li>\n<li>RoHS<\/li>\n<\/ul>\n<\/li>\n<li>Niveau sonore: 40 dB<\/li>\n<li>puissance: 1200 W<\/li>\n<li>Connexions:\n<ul>\n<li>USB 2.0<\/li>\n<li>USB<\/li>\n<\/ul>\n<\/li>\n<li>Caract\u00e9ristiques:\n<ul>\n<li>T\u00e9moin LED<\/li>\n<li>Alarme<\/li>\n<li>Interactif<\/li>\n<li>Ventilateur int\u00e9gr\u00e9<\/li>\n<li>Indicateur de surcharge<\/li>\n<li>T\u00e9moin de fonctionnement LED<\/li>\n<\/ul>\n<\/li>\n<li>Poids approx.: 12,3 kg<\/li>\n<li>Type de prise:\n<ul>\n<li>Prise EU<\/li>\n<li>Type E<\/li>\n<\/ul>\n<\/li>\n<li>Longueur du c\u00e2ble: 1,2 m<\/li>\n<li>Type: Syst\u00e8me d&#8217;Alimentation Sans Interruption Interactif<\/li>\n<li>Bloc d\u2019Alimentation: r\u00e9seau \u00e9lectrique<\/li>\n<li>Classification IP: IP20<\/li>\n<li>Temps de charge approx.: 8 heures<\/li>\n<li>Technologie: VRLA<\/li>\n<li>Largeur: 14 cm<\/li>\n<li>Long: 39 cm<\/li>\n<li>Fr\u00e9quence: 50\/60 Hz<\/li>\n<li>Tension de sortie: 230 V<\/li>\n<li>Tension: 300 V<\/li>\n<\/ul>","protected":false},"excerpt":{"rendered":"<p>Si vous \u00eates passionn\u00e9 d&#8217;informatique et d&#8217;\u00e9lectronique, si vous \u00eates \u00e0 la pointe de la technologie et qu&#8217;aucun d\u00e9tail ne vous \u00e9chappe, achetez Syst\u00e8me d&#8217;Alimentation Sans Interruption Interactif APC BX2200MI-FR 1200 W au meilleur prix. Le SAI Interactif BX2200MI-FR d\u2019APC est un syst\u00e8me d\u2019alimentation sans coupure (SAI) con\u00e7u pour prot\u00e9ger les \u00e9quipements \u00e9lectroniques et dispositifs [&hellip;]<\/p>\n","protected":false},"featured_media":17039,"comment_status":"open","ping_status":"closed","template":"","meta":[],"product_brand":[649],"product_cat":[65,581,603],"product_tag":[59,106],"class_list":{"0":"post-17041","1":"product","2":"type-product","3":"status-publish","4":"has-post-thumbnail","6":"product_brand-brandp_532","7":"product_cat-informatique-electronique","8":"product_cat-informatique-peripheriques-et-consommables","9":"product_cat-ups","10":"product_tag-tag_1304","11":"product_tag-tag_1295","13":"first","14":"instock","15":"taxable","16":"shipping-taxable","17":"purchasable","18":"product-type-simple"},"_links":{"self":[{"href":"https:\/\/bigbuy.tupique.com\/en\/wp-json\/wp\/v2\/product\/17041","targetHints":{"allow":["GET"]}}],"collection":[{"href":"https:\/\/bigbuy.tupique.com\/en\/wp-json\/wp\/v2\/product"}],"about":[{"href":"https:\/\/bigbuy.tupique.com\/en\/wp-json\/wp\/v2\/types\/product"}],"replies":[{"embeddable":true,"href":"https:\/\/bigbuy.tupique.com\/en\/wp-json\/wp\/v2\/comments?post=17041"}],"wp:featuredmedia":[{"embeddable":true,"href":"https:\/\/bigbuy.tupique.com\/en\/wp-json\/wp\/v2\/media\/17039"}],"wp:attachment":[{"href":"https:\/\/bigbuy.tupique.com\/en\/wp-json\/wp\/v2\/media?parent=17041"}],"wp:term":[{"taxonomy":"product_brand","embeddable":true,"href":"https:\/\/bigbuy.tupique.com\/en\/wp-json\/wp\/v2\/product_brand?post=17041"},{"taxonomy":"product_cat","embeddable":true,"href":"https:\/\/bigbuy.tupique.com\/en\/wp-json\/wp\/v2\/product_cat?post=17041"},{"taxonomy":"product_tag","embeddable":true,"href":"https:\/\/bigbuy.tupique.com\/en\/wp-json\/wp\/v2\/product_tag?post=17041"}],"curies":[{"name":"wp","href":"https:\/\/api.w.org\/{rel}","templated":true}]}}